{"id":360,"date":"2024-10-03T23:58:40","date_gmt":"2024-10-03T21:58:40","guid":{"rendered":"https:\/\/eba.hmy.temporary.site\/?page_id=360"},"modified":"2025-04-18T16:30:04","modified_gmt":"2025-04-18T14:30:04","slug":"versand-und-ruckgabe","status":"publish","type":"page","link":"https:\/\/unitedpets.com\/de\/spedizione-e-reso\/","title":{"rendered":"Versand und R\u00fccksendung"},"content":{"rendered":"<h2 class=\"wp-block-heading\">Versand<\/h2>\n\n\n\n<p>United Pets verl\u00e4sst sich bei der Auslieferung von E-Commerce-Bestellungen auf DHL und ben\u00f6tigt 4-5 Werktage, um die Lieferung abzuschlie\u00dfen. Nach Abholung der Bestellung in unserem Lager sendet DHL dem Kunden eine Mitteilung mit allen Informationen und einer Tracking-Nummer, um die Bestellung zu verfolgen.<\/p>\n\n\n\n<p>Bei Fragen, Lieferproblemen oder weiterem Bedarf k\u00f6nnen Sie sich an den Kundendienst wenden \u00fcber <a href=\"https:\/\/unitedpets.com\/it\/contattaci\"><ins>Online-Formular<\/ins><\/a>per E-Mail an ecommerce@unitedpets.it oder telefonisch unter +39 02 3927041.<br>&nbsp;<\/p>\n\n\n\n<h2 class=\"wp-block-heading\">R\u00fcckgabepolitik<\/h2>\n\n\n\n<p>Das R\u00fcckgabeverfahren sieht Folgendes vor<strong> die Ware innerhalb von 30 Tagen ab dem Datum der Lieferung der Bestellung an unser Lager versandt wird<\/strong>, indem Sie das erhaltene Transportdokument in das Paket legen und das zur\u00fcckgesandte Produkt markieren.<\/p>\n\n\n\n<p>Wir bitten unsere Kunden, uns zu informieren, sobald der Versand erfolgt ist, indem sie eine E-Mail an ecommerce@unitedpets.it mit der Nummer der Sendungsverfolgung und des gew\u00e4hlten Kurierdienstes senden.&nbsp;<\/p>\n\n\n\n<p>Die Adresse, an die R\u00fccksendungen zu senden sind, lautet wie folgt:<\/p>\n\n\n\n<p>Vereinigte Haustiere Srl c\/o<\/p>\n\n\n\n<p>Stante &amp; Ecotrans Ltd.<\/p>\n\n\n\n<p>Via Gioachino Rossini, 9<\/p>\n\n\n\n<p>CADORAGO<\/p>\n\n\n\n<p>22071<\/p>\n\n\n\n<p>Tel. 031 885 9297<\/p>\n\n\n\n<p><br>Sobald die Ware im Lager eingetroffen ist und ihre Unversehrtheit \u00fcberpr\u00fcft wurde, wird die R\u00fcckerstattung auf die bei der Bestellung verwendete Karte oder das Bankkonto vorgenommen.<\/p>\n\n\n\n<p>F\u00fcr den Fall, dass der Kunde ein falsch bestelltes Produkt, ein Kleidungsst\u00fcck in der falschen Gr\u00f6\u00dfe oder aus einem anderen Grund, der in der Verantwortung des Kunden liegt und nicht mit der Unversehrtheit des erhaltenen Artikels zusammenh\u00e4ngt, zur\u00fcckgeben m\u00f6chte, gehen die Versandkosten zu unserem Lager zu Lasten des Kunden.<\/p>\n\n\n\n<p>Weitere Informationen \u00fcber unsere R\u00fcckgabepolitik finden Sie in unserer <a href=\"https:\/\/unitedpets.com\/it\/condizioni-di-vendita\"><ins>Verkaufsbedingungen<\/ins><\/a>.<\/p>","protected":false},"excerpt":{"rendered":"<p>Spedizione United Pets si affida a DHL per le consegne deli ordini e-commerce, riservandosi 4-5 giorni lavorativi per completare la spedizione. A seguito del ritiro dell&#8217;ordine dal nostro magazzino, DHL invier\u00e0 al cliente una comunicazione contenente tutte le informazioni e un tracking number per poter tracciare l&#8217;ordine. In caso di domande, problemi nella consegna o [&hellip;]<\/p>\n","protected":false},"author":14,"featured_media":0,"parent":0,"menu_order":0,"comment_status":"closed","ping_status":"closed","template":"","meta":{"footnotes":""},"page-type":[153],"class_list":["post-360","page","type-page","status-publish","hentry","page-type-simple-page"],"_links":{"self":[{"href":"https:\/\/unitedpets.com\/de\/wp-json\/wp\/v2\/pages\/360","targetHints":{"allow":["GET"]}}],"collection":[{"href":"https:\/\/unitedpets.com\/de\/wp-json\/wp\/v2\/pages"}],"about":[{"href":"https:\/\/unitedpets.com\/de\/wp-json\/wp\/v2\/types\/page"}],"author":[{"embeddable":true,"href":"https:\/\/unitedpets.com\/de\/wp-json\/wp\/v2\/users\/14"}],"replies":[{"embeddable":true,"href":"https:\/\/unitedpets.com\/de\/wp-json\/wp\/v2\/comments?post=360"}],"version-history":[{"count":0,"href":"https:\/\/unitedpets.com\/de\/wp-json\/wp\/v2\/pages\/360\/revisions"}],"wp:attachment":[{"href":"https:\/\/unitedpets.com\/de\/wp-json\/wp\/v2\/media?parent=360"}],"wp:term":[{"taxonomy":"page-type","embeddable":true,"href":"https:\/\/unitedpets.com\/de\/wp-json\/wp\/v2\/page-type?post=360"}],"curies":[{"name":"wp","href":"https:\/\/api.w.org\/{rel}","templated":true}]}}