{"id":372,"date":"2024-10-04T00:01:21","date_gmt":"2024-10-03T22:01:21","guid":{"rendered":"https:\/\/eba.hmy.temporary.site\/?page_id=372"},"modified":"2025-04-18T21:27:37","modified_gmt":"2025-04-18T19:27:37","slug":"rechtliche-hinweise","status":"publish","type":"page","link":"https:\/\/unitedpets.com\/de\/note-legali\/","title":{"rendered":"Rechtliche Hinweise"},"content":{"rendered":"<p><strong>Verantwortlicher Anbieter:<\/strong><\/p>\n\n\n\n<p>www.unitedpets.com<\/p>\n\n\n\n<p><strong>Rechtlicher und operativer Sitz des Unternehmens:<\/strong><\/p>\n\n\n\n<p>Vereinigte Haustiere Ltd.<\/p>\n\n\n\n<p>Viale Certosa 46<\/p>\n\n\n\n<p>20155 Mailand<\/p>\n\n\n\n<p>Italien<\/p>\n\n\n\n<p><strong>Hauptsitz des Unternehmens:<\/strong><\/p>\n\n\n\n<p>Milan<\/p>\n\n\n\n<p>Mail\u00e4nder Firmenbuch:<\/p>\n\n\n\n<p>1999-3496 R.E.A.: 1573615<\/p>\n\n\n\n<p>MwSt.-Nr:<\/p>\n\n\n\n<p>DE 12618830157<\/p>\n\n\n\n<p><strong>Alleiniger Verwalter<\/strong><strong>:<\/strong><\/p>\n\n\n\n<p>ConstantinosPsilogenis<\/p>\n\n\n\n<p><strong>Lieferung von Waren und R\u00fccksendungen:<\/strong><\/p>\n\n\n\n<p>United Pets<\/p>\n\n\n\n<p>Srl c\/o Stante &amp; Ecotrans srl<\/p>\n\n\n\n<p>Stra\u00dfe Gioachino Rossini 3<\/p>\n\n\n\n<p>Cadorago 2207<\/p>\n\n\n\n<p>Tel.: 0318859297<\/p>\n\n\n\n<p><strong>Copyright \u00a9<\/strong><\/p>\n\n\n\n<p>Alle Inhalte auf den Seiten unserer Website - einschlie\u00dflich Fotomaterial, Texte, Marken, Logos und Grafiken - sind Eigentum von United Pets srl und urheberrechtlich gesch\u00fctzt. Ihre Vervielf\u00e4ltigung und Verbreitung erfordert die schriftliche Zustimmung von United Pets srl. &nbsp;<\/p>","protected":false},"excerpt":{"rendered":"<p>Responsabile provider: www.unitedpets.com Sede legale e operativa della societ\u00e0: United Pets srl Viale Certosa 46 20155 Milano Italia Sede della societ\u00e0: Milano Registro Imprese Milano: 1999-3496 R.E.A.: 1573615 Cod. Partita IVA: IT 12618830157 Amministratore unico: CostantinosPsilogenis Consegna delle merci e resi: United Pets Srl c\/o Stante &amp; Ecotrans srl Via Gioachino Rossini 3 Cadorago 2207 [&hellip;]<\/p>\n","protected":false},"author":14,"featured_media":0,"parent":0,"menu_order":0,"comment_status":"closed","ping_status":"closed","template":"","meta":{"footnotes":""},"page-type":[153],"class_list":["post-372","page","type-page","status-publish","hentry","page-type-simple-page"],"_links":{"self":[{"href":"https:\/\/unitedpets.com\/de\/wp-json\/wp\/v2\/pages\/372","targetHints":{"allow":["GET"]}}],"collection":[{"href":"https:\/\/unitedpets.com\/de\/wp-json\/wp\/v2\/pages"}],"about":[{"href":"https:\/\/unitedpets.com\/de\/wp-json\/wp\/v2\/types\/page"}],"author":[{"embeddable":true,"href":"https:\/\/unitedpets.com\/de\/wp-json\/wp\/v2\/users\/14"}],"replies":[{"embeddable":true,"href":"https:\/\/unitedpets.com\/de\/wp-json\/wp\/v2\/comments?post=372"}],"version-history":[{"count":0,"href":"https:\/\/unitedpets.com\/de\/wp-json\/wp\/v2\/pages\/372\/revisions"}],"wp:attachment":[{"href":"https:\/\/unitedpets.com\/de\/wp-json\/wp\/v2\/media?parent=372"}],"wp:term":[{"taxonomy":"page-type","embeddable":true,"href":"https:\/\/unitedpets.com\/de\/wp-json\/wp\/v2\/page-type?post=372"}],"curies":[{"name":"wp","href":"https:\/\/api.w.org\/{rel}","templated":true}]}}