{"id":11040,"date":"2025-08-08T10:58:47","date_gmt":"2025-08-08T08:58:47","guid":{"rendered":"https:\/\/unitedpets.com\/?post_type=product&#038;p=11040"},"modified":"2026-04-30T16:03:17","modified_gmt":"2026-04-30T14:03:17","slug":"margareth","status":"publish","type":"product","link":"https:\/\/unitedpets.com\/de\/prodotto\/margareth\/","title":{"rendered":"Sisal-Kratzbaum f\u00fcr Katzen \u201eMargareth\u201c"},"content":{"rendered":"<h3>Sisal-Kratzbaum f\u00fcr Katzen \u201eMargareth\u201c<\/h3>\n<p>Margareth ist ein origineller und funktioneller Kratzbaum, der an Tischbeinen befestigt werden kann und mit einem fr\u00f6hlichen G\u00e4nsebl\u00fcmchenmuster verziert ist.<br \/>\nPerfekt, um Ihre M\u00f6bel zu sch\u00fctzen und Ihrer Katze Momente des puren Vergn\u00fcgens zu bereiten.<\/p>\n<p>Mit seinen Abmessungen von 61 cm H\u00f6he und 21 cm Breite bietet er die ideale Gr\u00f6\u00dfe, damit Ihr K\u00e4tzchen seine N\u00e4gel bequem sch\u00e4rfen kann. Das Innere besteht aus einem rutschfesten Material, das f\u00fcr Stabilit\u00e4t w\u00e4hrend des Gebrauchs sorgt und unerw\u00fcnschte Bewegungen verhindert.<\/p>\n<ul>\n<li>Sisal au\u00dfen - regt die Katze an, ihre Krallen auf nat\u00fcrliche Weise zu bearbeiten, und schont M\u00f6bel und Oberfl\u00e4chen.<\/li>\n<li>Interaktives Spiel inklusive - eine mit Katzenminze gef\u00fcllte Filzbiene, um das Spiel noch unwiderstehlicher zu machen.<\/li>\n<li>Einfach zu befestigen - das Klettband erm\u00f6glicht eine schnelle Anpassung an jedes Tischbein.<\/li>\n<\/ul>\n<p>Material: Sisal<br \/>\nAbmessungen: 21 \u00d7 61 cm<\/p>","protected":false},"excerpt":{"rendered":"<p><a href=\"https:\/\/www.instagram.com\/unitedpets\/\">Scopri il tiragraffi<\/a> in sisal per <a href=\"https:\/\/unitedpets.com\/de\/produkt\/margareth\/\">gatti Margareth<\/a> un accessorio originale e funzionale pensato per garantire divertimento al tuo micio e protezione ai mobili di casa. Margareth unisce design, praticit\u00e0 e gioco in un unico prodotto rendendo l\u2019esperienza di affilare le unghie naturale e stimolante per il tuo gatto<\/p>","protected":false},"featured_media":11046,"comment_status":"closed","ping_status":"closed","template":"","meta":[],"product_brand":[],"product_cat":[56,84,21],"product_tag":[],"discount-clusters":[],"collezioni":[],"eco-friendly":[],"animal-type":[273],"designer":[304],"stagionalita":[],"class_list":{"0":"post-11040","1":"product","2":"type-product","3":"status-publish","4":"has-post-thumbnail","6":"product_cat-gatto","7":"product_cat-casa-gatto","8":"product_cat-cat-toy","9":"animal-type-gatto","10":"designer-carlo-dameno-e-monica-ferrigno","12":"first","13":"instock","14":"shipping-taxable","15":"purchasable","16":"product-type-simple"},"_links":{"self":[{"href":"https:\/\/unitedpets.com\/de\/wp-json\/wp\/v2\/product\/11040","targetHints":{"allow":["GET"]}}],"collection":[{"href":"https:\/\/unitedpets.com\/de\/wp-json\/wp\/v2\/product"}],"about":[{"href":"https:\/\/unitedpets.com\/de\/wp-json\/wp\/v2\/types\/product"}],"replies":[{"embeddable":true,"href":"https:\/\/unitedpets.com\/de\/wp-json\/wp\/v2\/comments?post=11040"}],"wp:featuredmedia":[{"embeddable":true,"href":"https:\/\/unitedpets.com\/de\/wp-json\/wp\/v2\/media\/11046"}],"wp:attachment":[{"href":"https:\/\/unitedpets.com\/de\/wp-json\/wp\/v2\/media?parent=11040"}],"wp:term":[{"taxonomy":"product_brand","embeddable":true,"href":"https:\/\/unitedpets.com\/de\/wp-json\/wp\/v2\/product_brand?post=11040"},{"taxonomy":"product_cat","embeddable":true,"href":"https:\/\/unitedpets.com\/de\/wp-json\/wp\/v2\/product_cat?post=11040"},{"taxonomy":"product_tag","embeddable":true,"href":"https:\/\/unitedpets.com\/de\/wp-json\/wp\/v2\/product_tag?post=11040"},{"taxonomy":"discount-clusters","embeddable":true,"href":"https:\/\/unitedpets.com\/de\/wp-json\/wp\/v2\/discount-clusters?post=11040"},{"taxonomy":"collezioni","embeddable":true,"href":"https:\/\/unitedpets.com\/de\/wp-json\/wp\/v2\/collezioni?post=11040"},{"taxonomy":"eco-friendly","embeddable":true,"href":"https:\/\/unitedpets.com\/de\/wp-json\/wp\/v2\/eco-friendly?post=11040"},{"taxonomy":"animal-type","embeddable":true,"href":"https:\/\/unitedpets.com\/de\/wp-json\/wp\/v2\/animal-type?post=11040"},{"taxonomy":"designer","embeddable":true,"href":"https:\/\/unitedpets.com\/de\/wp-json\/wp\/v2\/designer?post=11040"},{"taxonomy":"stagionalita","embeddable":true,"href":"https:\/\/unitedpets.com\/de\/wp-json\/wp\/v2\/stagionalita?post=11040"}],"curies":[{"name":"wp","href":"https:\/\/api.w.org\/{rel}","templated":true}]}}