{"id":11714,"date":"2025-09-23T14:36:26","date_gmt":"2025-09-23T12:36:26","guid":{"rendered":"https:\/\/unitedpets.com\/?post_type=product&#038;p=11714"},"modified":"2026-04-30T03:03:27","modified_gmt":"2026-04-30T01:03:27","slug":"unterlegmatte","status":"publish","type":"product","link":"https:\/\/unitedpets.com\/de\/prodotto\/tappetino-sottociotola-plate\/","title":{"rendered":"Unterlegmatte \u201cPlatte\u201d"},"content":{"rendered":"<h3>Unterlegmatte \u201cPlatte\u201d<\/h3>\n<p>Die Unterlegmatte \u201cPlate\u201d ist ein unverzichtbares Accessoire f\u00fcr alle, die mit einem Vierbeiner zusammenleben, denn sie sorgt f\u00fcr Sauberkeit und Ordnung bei den Mahlzeiten. Die angenehme Haptik und das lustige Muster auf der Oberfl\u00e4che machen sie zu einem n\u00fctzlichen und optisch ansprechenden Einrichtungsgegenstand. Der Teller h\u00e4lt extremen Temperaturen von -50 bis 80 C stand und ist sp\u00fclmaschinengeeignet. Die hervorragende Qualit\u00e4t des verwendeten Materials garantiert, dass es sowohl h\u00e4ufigem Waschen als auch den ungest\u00fcmen Bewegungen unserer tierischen Freunde standh\u00e4lt. Die Matte Plate wurde als Erg\u00e4nzung zum Napf Cup entwickelt, einem rutschfesten Napf, der sowohl f\u00fcr Futter als auch f\u00fcr Wasser geeignet ist.<\/p>\n<p>Durchmesser Matte \u00d8: 35,5 cm<\/p>","protected":false},"excerpt":{"rendered":"<p>Il <a href=\"https:\/\/unitedpets.com\/de\/produkt\/unterlegmatte\/\">tappetino sottociotola<\/a> <a href=\"https:\/\/www.instagram.com\/unitedpets\/\">Plate<\/a> \u00e8 un accessorio indispensabile per chiunque condivida la propria casa con un amico a quattro zampe e desideri mantenere ordine, pulizia e uno stile curato anche negli spazi dedicati al momento della pappa. Progettato per unire funzionalit\u00e0 ed estetica, questo tappetino rappresenta la soluzione ideale per proteggere il pavimento da schizzi, residui di cibo e movimenti della ciotola, migliorando allo stesso tempo l\u2019organizzazione dell\u2019area dedicata al tuo cane.<\/p>","protected":false},"featured_media":11722,"comment_status":"closed","ping_status":"closed","template":"","meta":[],"product_brand":[],"product_cat":[55,63,65],"product_tag":[],"discount-clusters":[],"collezioni":[333],"eco-friendly":[328],"animal-type":[272],"designer":[294],"stagionalita":[],"class_list":{"0":"post-11714","1":"product","2":"type-product","3":"status-publish","4":"has-post-thumbnail","6":"product_cat-cane","7":"product_cat-casa","8":"product_cat-ciotole-e-accessori","9":"collezioni-ld","10":"eco-friendly-yes","11":"animal-type-cane","12":"designer-gabriele-vella","14":"first","15":"outofstock","16":"shipping-taxable","17":"purchasable","18":"product-type-variable","19":"has-default-attributes"},"_links":{"self":[{"href":"https:\/\/unitedpets.com\/de\/wp-json\/wp\/v2\/product\/11714","targetHints":{"allow":["GET"]}}],"collection":[{"href":"https:\/\/unitedpets.com\/de\/wp-json\/wp\/v2\/product"}],"about":[{"href":"https:\/\/unitedpets.com\/de\/wp-json\/wp\/v2\/types\/product"}],"replies":[{"embeddable":true,"href":"https:\/\/unitedpets.com\/de\/wp-json\/wp\/v2\/comments?post=11714"}],"wp:featuredmedia":[{"embeddable":true,"href":"https:\/\/unitedpets.com\/de\/wp-json\/wp\/v2\/media\/11722"}],"wp:attachment":[{"href":"https:\/\/unitedpets.com\/de\/wp-json\/wp\/v2\/media?parent=11714"}],"wp:term":[{"taxonomy":"product_brand","embeddable":true,"href":"https:\/\/unitedpets.com\/de\/wp-json\/wp\/v2\/product_brand?post=11714"},{"taxonomy":"product_cat","embeddable":true,"href":"https:\/\/unitedpets.com\/de\/wp-json\/wp\/v2\/product_cat?post=11714"},{"taxonomy":"product_tag","embeddable":true,"href":"https:\/\/unitedpets.com\/de\/wp-json\/wp\/v2\/product_tag?post=11714"},{"taxonomy":"discount-clusters","embeddable":true,"href":"https:\/\/unitedpets.com\/de\/wp-json\/wp\/v2\/discount-clusters?post=11714"},{"taxonomy":"collezioni","embeddable":true,"href":"https:\/\/unitedpets.com\/de\/wp-json\/wp\/v2\/collezioni?post=11714"},{"taxonomy":"eco-friendly","embeddable":true,"href":"https:\/\/unitedpets.com\/de\/wp-json\/wp\/v2\/eco-friendly?post=11714"},{"taxonomy":"animal-type","embeddable":true,"href":"https:\/\/unitedpets.com\/de\/wp-json\/wp\/v2\/animal-type?post=11714"},{"taxonomy":"designer","embeddable":true,"href":"https:\/\/unitedpets.com\/de\/wp-json\/wp\/v2\/designer?post=11714"},{"taxonomy":"stagionalita","embeddable":true,"href":"https:\/\/unitedpets.com\/de\/wp-json\/wp\/v2\/stagionalita?post=11714"}],"curies":[{"name":"wp","href":"https:\/\/api.w.org\/{rel}","templated":true}]}}