{"id":11976,"date":"2025-09-30T11:49:36","date_gmt":"2025-09-30T09:49:36","guid":{"rendered":"https:\/\/unitedpets.com\/?post_type=product&#038;p=11976"},"modified":"2026-04-30T01:03:36","modified_gmt":"2026-04-29T23:03:36","slug":"citylife-weiche-leine-aus-plusch","status":"publish","type":"product","link":"https:\/\/unitedpets.com\/de\/prodotto\/citylife-guinzaglio-soft-in-plush\/","title":{"rendered":"Weiche Leine aus Pl\u00fcsch - Citylife"},"content":{"rendered":"<h3>Weiche Leine aus Pl\u00fcsch - Citylife<\/h3>\n<p>Die Leine aus weichem Pl\u00fcsch mit gepolstertem Griff ist f\u00fcr optimalen Komfort bei l\u00e4ngerem Gebrauch konzipiert. Der ergonomische, gepolsterte Griff reduziert den Druck auf die Hand und verhindert Hautreizungen. Die Leine ist aus strapazierf\u00e4higen, hochwertigen Materialien gefertigt und garantiert Langlebigkeit und Widerstandsf\u00e4higkeit gegen Abnutzung.<\/p>","protected":false},"excerpt":{"rendered":"<p><a href=\"https:\/\/www.instagram.com\/unitedpets\/\">CITYLIFE<\/a> <a href=\"https:\/\/unitedpets.com\/de\/produkt\/citylife-weiche-leine-aus-plusch\/\">guinzaglio soft in plush<\/a> \u00e8 la scelta ideale per chi desidera unire comfort stile e resistenza durante le passeggiate quotidiane con il proprio cane questo accessorio \u00e8 progettato con un\u2019attenzione particolare ai dettagli per garantire un\u2019esperienza d\u2019uso piacevole e sicura sia per il proprietario che per l\u2019animale il design moderno ed elegante si adatta perfettamente a ogni tipo di contesto urbano o naturale rendendolo un prodotto versatile e sempre attuale<\/p>","protected":false},"featured_media":12000,"comment_status":"closed","ping_status":"closed","template":"","meta":[],"product_brand":[],"product_cat":[390],"product_tag":[],"discount-clusters":[397],"collezioni":[335],"eco-friendly":[328],"animal-type":[272],"designer":[306],"stagionalita":[],"class_list":{"0":"post-11976","1":"product","2":"type-product","3":"status-publish","4":"has-post-thumbnail","6":"product_cat-outlet","7":"discount-clusters-397","8":"collezioni-cl","9":"eco-friendly-yes","10":"animal-type-cane","11":"designer-united-pets","13":"first","14":"outofstock","15":"sale","16":"featured","17":"shipping-taxable","18":"purchasable","19":"product-type-variable","20":"has-default-attributes"},"_links":{"self":[{"href":"https:\/\/unitedpets.com\/de\/wp-json\/wp\/v2\/product\/11976","targetHints":{"allow":["GET"]}}],"collection":[{"href":"https:\/\/unitedpets.com\/de\/wp-json\/wp\/v2\/product"}],"about":[{"href":"https:\/\/unitedpets.com\/de\/wp-json\/wp\/v2\/types\/product"}],"replies":[{"embeddable":true,"href":"https:\/\/unitedpets.com\/de\/wp-json\/wp\/v2\/comments?post=11976"}],"wp:featuredmedia":[{"embeddable":true,"href":"https:\/\/unitedpets.com\/de\/wp-json\/wp\/v2\/media\/12000"}],"wp:attachment":[{"href":"https:\/\/unitedpets.com\/de\/wp-json\/wp\/v2\/media?parent=11976"}],"wp:term":[{"taxonomy":"product_brand","embeddable":true,"href":"https:\/\/unitedpets.com\/de\/wp-json\/wp\/v2\/product_brand?post=11976"},{"taxonomy":"product_cat","embeddable":true,"href":"https:\/\/unitedpets.com\/de\/wp-json\/wp\/v2\/product_cat?post=11976"},{"taxonomy":"product_tag","embeddable":true,"href":"https:\/\/unitedpets.com\/de\/wp-json\/wp\/v2\/product_tag?post=11976"},{"taxonomy":"discount-clusters","embeddable":true,"href":"https:\/\/unitedpets.com\/de\/wp-json\/wp\/v2\/discount-clusters?post=11976"},{"taxonomy":"collezioni","embeddable":true,"href":"https:\/\/unitedpets.com\/de\/wp-json\/wp\/v2\/collezioni?post=11976"},{"taxonomy":"eco-friendly","embeddable":true,"href":"https:\/\/unitedpets.com\/de\/wp-json\/wp\/v2\/eco-friendly?post=11976"},{"taxonomy":"animal-type","embeddable":true,"href":"https:\/\/unitedpets.com\/de\/wp-json\/wp\/v2\/animal-type?post=11976"},{"taxonomy":"designer","embeddable":true,"href":"https:\/\/unitedpets.com\/de\/wp-json\/wp\/v2\/designer?post=11976"},{"taxonomy":"stagionalita","embeddable":true,"href":"https:\/\/unitedpets.com\/de\/wp-json\/wp\/v2\/stagionalita?post=11976"}],"curies":[{"name":"wp","href":"https:\/\/api.w.org\/{rel}","templated":true}]}}