{"id":12313,"date":"2025-10-08T10:33:30","date_gmt":"2025-10-08T08:33:30","guid":{"rendered":"https:\/\/unitedpets.com\/?post_type=product&#038;p=12313"},"modified":"2026-04-22T11:02:41","modified_gmt":"2026-04-22T09:02:41","slug":"leichter-regenmantel-fur-hunde","status":"publish","type":"product","link":"https:\/\/unitedpets.com\/de\/prodotto\/impermeabile-easy-rain-per-cane\/","title":{"rendered":"Easy Rain\u201c Hund Mackintosh\u201d"},"content":{"rendered":"<h3>Easy Rain\u201c Hund Mackintosh\u201d<\/h3>\n<p>Die Mackintoshes sind so konzipiert, dass sie Ihr Haustier vor Regen sch\u00fctzen. Sie verf\u00fcgen \u00fcber einen verstellbaren Klettverschluss und Kordelz\u00fcge am Hals und an den Hinterbeinen, die eine individuelle und sichere Passform gew\u00e4hrleisten. Das leichte und atmungsaktive Design sorgt f\u00fcr Komfort, w\u00e4hrend reflektierende Details die Sichtbarkeit bei schlechten Lichtverh\u00e4ltnissen verbessern.<\/p>","protected":false},"excerpt":{"rendered":"<p><a href=\"https:\/\/unitedpets.com\/de\/produkt\/leichter-regenmantel-fur-hunde\/\">L\u2019impermeabile per cani Easy Rain<\/a> \u00e8 <a href=\"https:\/\/www.instagram.com\/unitedpets\/\">la soluzione ideale<\/a> per proteggere il proprio animale domestico dalla pioggia e dalle condizioni atmosferiche avverse, progettato per offrire comfort, praticit\u00e0 e sicurezza durante le passeggiate questo capo unisce funzionalit\u00e0 e attenzione ai dettagli rendendolo un accessorio indispensabile per ogni stagione umida<\/p>","protected":false},"featured_media":12364,"comment_status":"closed","ping_status":"closed","template":"","meta":[],"product_brand":[],"product_cat":[390,71],"product_tag":[],"discount-clusters":[387],"collezioni":[],"eco-friendly":[],"animal-type":[272],"designer":[306],"stagionalita":[],"class_list":{"0":"post-12313","1":"product","2":"type-product","3":"status-publish","4":"has-post-thumbnail","6":"product_cat-outlet","7":"product_cat-abbigliamento","8":"discount-clusters-387","9":"animal-type-cane","10":"designer-united-pets","12":"first","13":"outofstock","14":"sale","15":"shipping-taxable","16":"purchasable","17":"product-type-variable","18":"has-default-attributes"},"_links":{"self":[{"href":"https:\/\/unitedpets.com\/de\/wp-json\/wp\/v2\/product\/12313","targetHints":{"allow":["GET"]}}],"collection":[{"href":"https:\/\/unitedpets.com\/de\/wp-json\/wp\/v2\/product"}],"about":[{"href":"https:\/\/unitedpets.com\/de\/wp-json\/wp\/v2\/types\/product"}],"replies":[{"embeddable":true,"href":"https:\/\/unitedpets.com\/de\/wp-json\/wp\/v2\/comments?post=12313"}],"wp:featuredmedia":[{"embeddable":true,"href":"https:\/\/unitedpets.com\/de\/wp-json\/wp\/v2\/media\/12364"}],"wp:attachment":[{"href":"https:\/\/unitedpets.com\/de\/wp-json\/wp\/v2\/media?parent=12313"}],"wp:term":[{"taxonomy":"product_brand","embeddable":true,"href":"https:\/\/unitedpets.com\/de\/wp-json\/wp\/v2\/product_brand?post=12313"},{"taxonomy":"product_cat","embeddable":true,"href":"https:\/\/unitedpets.com\/de\/wp-json\/wp\/v2\/product_cat?post=12313"},{"taxonomy":"product_tag","embeddable":true,"href":"https:\/\/unitedpets.com\/de\/wp-json\/wp\/v2\/product_tag?post=12313"},{"taxonomy":"discount-clusters","embeddable":true,"href":"https:\/\/unitedpets.com\/de\/wp-json\/wp\/v2\/discount-clusters?post=12313"},{"taxonomy":"collezioni","embeddable":true,"href":"https:\/\/unitedpets.com\/de\/wp-json\/wp\/v2\/collezioni?post=12313"},{"taxonomy":"eco-friendly","embeddable":true,"href":"https:\/\/unitedpets.com\/de\/wp-json\/wp\/v2\/eco-friendly?post=12313"},{"taxonomy":"animal-type","embeddable":true,"href":"https:\/\/unitedpets.com\/de\/wp-json\/wp\/v2\/animal-type?post=12313"},{"taxonomy":"designer","embeddable":true,"href":"https:\/\/unitedpets.com\/de\/wp-json\/wp\/v2\/designer?post=12313"},{"taxonomy":"stagionalita","embeddable":true,"href":"https:\/\/unitedpets.com\/de\/wp-json\/wp\/v2\/stagionalita?post=12313"}],"curies":[{"name":"wp","href":"https:\/\/api.w.org\/{rel}","templated":true}]}}