{"id":12383,"date":"2025-10-08T13:50:10","date_gmt":"2025-10-08T11:50:10","guid":{"rendered":"https:\/\/unitedpets.com\/?post_type=product&#038;p=12383"},"modified":"2026-04-19T17:03:28","modified_gmt":"2026-04-19T15:03:28","slug":"faule-hundetasche-fur-kleine-hunde","status":"publish","type":"product","link":"https:\/\/unitedpets.com\/de\/prodotto\/borsa-trasportino-lazy-dog-bag-per-cani-piccoli\/","title":{"rendered":"Borsa Trasportino per Cani Piccoli &#8220;Lazy Dog Bag&#8221;"},"content":{"rendered":"<h3>Borsa Trasportino per Cani Piccoli &#8220;Lazy Dog Bag&#8221;<\/h3>\n<p>Die kleine Hundetragetasche ist n\u00fctzlich, wenn Ihr vierbeiniger Freund keine Lust mehr auf Spazierg\u00e4nge hat. Komplett mit Sicherheitskarabinerhaken zum Befestigen des Halsbandes. Die Lazy Dog Bag ist eine faltbare Tasche aus weichem Polyester. Sie hat eine maximale Tragf\u00e4higkeit von 5 kg. Sie ist einfach zu \u00f6ffnen und zu schlie\u00dfen, leicht und kompakt, und passt in jede Tasche.<\/p>","protected":false},"excerpt":{"rendered":"<p data-start=\"0\" data-end=\"393\">La <a href=\"https:\/\/unitedpets.com\/de\/produkt\/faule-hundetasche-fur-kleine-hunde\/\">borsa trasportino per cani piccoli Lazy Dog Bag<\/a> \u00e8 <a href=\"https:\/\/www.instagram.com\/unitedpets\/\">la soluzione<\/a> ideale per chi desidera offrire al proprio animale domestico un modo pratico, leggero e confortevole per essere trasportato quando non ha pi\u00f9 voglia di camminare, pensata per garantire comodit\u00e0 sia al cane che al proprietario questa borsa unisce funzionalit\u00e0, sicurezza e portabilit\u00e0 in un unico accessorio compatto e versatile<\/p>","protected":false},"featured_media":12390,"comment_status":"closed","ping_status":"closed","template":"","meta":[],"product_brand":[],"product_cat":[390],"product_tag":[],"discount-clusters":[387],"collezioni":[],"eco-friendly":[328],"animal-type":[272],"designer":[282],"stagionalita":[],"class_list":{"0":"post-12383","1":"product","2":"type-product","3":"status-publish","4":"has-post-thumbnail","6":"product_cat-outlet","7":"discount-clusters-387","8":"eco-friendly-yes","9":"animal-type-cane","10":"designer-azzolini-tinuper","12":"first","13":"instock","14":"sale","15":"shipping-taxable","16":"purchasable","17":"product-type-simple"},"_links":{"self":[{"href":"https:\/\/unitedpets.com\/de\/wp-json\/wp\/v2\/product\/12383","targetHints":{"allow":["GET"]}}],"collection":[{"href":"https:\/\/unitedpets.com\/de\/wp-json\/wp\/v2\/product"}],"about":[{"href":"https:\/\/unitedpets.com\/de\/wp-json\/wp\/v2\/types\/product"}],"replies":[{"embeddable":true,"href":"https:\/\/unitedpets.com\/de\/wp-json\/wp\/v2\/comments?post=12383"}],"wp:featuredmedia":[{"embeddable":true,"href":"https:\/\/unitedpets.com\/de\/wp-json\/wp\/v2\/media\/12390"}],"wp:attachment":[{"href":"https:\/\/unitedpets.com\/de\/wp-json\/wp\/v2\/media?parent=12383"}],"wp:term":[{"taxonomy":"product_brand","embeddable":true,"href":"https:\/\/unitedpets.com\/de\/wp-json\/wp\/v2\/product_brand?post=12383"},{"taxonomy":"product_cat","embeddable":true,"href":"https:\/\/unitedpets.com\/de\/wp-json\/wp\/v2\/product_cat?post=12383"},{"taxonomy":"product_tag","embeddable":true,"href":"https:\/\/unitedpets.com\/de\/wp-json\/wp\/v2\/product_tag?post=12383"},{"taxonomy":"discount-clusters","embeddable":true,"href":"https:\/\/unitedpets.com\/de\/wp-json\/wp\/v2\/discount-clusters?post=12383"},{"taxonomy":"collezioni","embeddable":true,"href":"https:\/\/unitedpets.com\/de\/wp-json\/wp\/v2\/collezioni?post=12383"},{"taxonomy":"eco-friendly","embeddable":true,"href":"https:\/\/unitedpets.com\/de\/wp-json\/wp\/v2\/eco-friendly?post=12383"},{"taxonomy":"animal-type","embeddable":true,"href":"https:\/\/unitedpets.com\/de\/wp-json\/wp\/v2\/animal-type?post=12383"},{"taxonomy":"designer","embeddable":true,"href":"https:\/\/unitedpets.com\/de\/wp-json\/wp\/v2\/designer?post=12383"},{"taxonomy":"stagionalita","embeddable":true,"href":"https:\/\/unitedpets.com\/de\/wp-json\/wp\/v2\/stagionalita?post=12383"}],"curies":[{"name":"wp","href":"https:\/\/api.w.org\/{rel}","templated":true}]}}