{"id":12392,"date":"2025-10-08T13:59:43","date_gmt":"2025-10-08T11:59:43","guid":{"rendered":"https:\/\/unitedpets.com\/?post_type=product&#038;p=12392"},"modified":"2026-05-04T23:03:23","modified_gmt":"2026-05-04T21:03:23","slug":"starre-katzen-und-hundetransporter","status":"publish","type":"product","link":"https:\/\/unitedpets.com\/de\/prodotto\/trasportino-a-u-t-o-rigido-per-cani-e-gatti\/","title":{"rendered":"Trasportino rigido per cani e gatti &#8220;A.U.T.O.&#8221;"},"content":{"rendered":"<h3>Trasportino rigido per cani e gatti &#8220;A.U.T.O.&#8221;<\/h3>\n<p>Starre Transportbox f\u00fcr Hunde und Katzen aus hochwertigem Polypropylen, die f\u00fcr maximale Festigkeit und Sicherheit ausgelegt ist. Ausgestattet mit einer Aluminiumt\u00fcr und einem Sicherheitsschloss, ist sie f\u00fcr kleine Tiere (bis zu 7 kg) geeignet. Inklusive Hygienematte f\u00fcr eine einfache Reinigung. Durch die kompakten Abmessungen ist die Transportbox leicht zu man\u00f6vrieren und kann an verschiedene Transportsituationen angepasst werden. Ideal f\u00fcr Autofahrten und Tierarztbesuche.<\/p>\n<p>37 \u00d7 51 \u00d7 33 cm<\/p>","protected":false},"excerpt":{"rendered":"<p>Il <a href=\"https:\/\/unitedpets.com\/de\/produkt\/starre-katzen-und-hundetransporter\/?attribute_pa_colore=bordeaux&amp;attribute_pa_taglia=unica\">trasportino rigido per cani e gatti A.U.T.O<\/a>. \u00e8 la<a href=\"https:\/\/www.instagram.com\/unitedpets\/\"> soluzione<\/a> ideale per chi desidera trasportare il proprio animale domestico in totale sicurezza, comfort e praticit\u00e0, progettato per garantire massima protezione durante gli spostamenti questo trasportino unisce robustezza, funzionalit\u00e0 e design compatto rendendolo perfetto per viaggi in auto, visite veterinarie e spostamenti quotidiani<\/p>","protected":false},"featured_media":7009,"comment_status":"closed","ping_status":"closed","template":"","meta":[],"product_brand":[],"product_cat":[55],"product_tag":[],"discount-clusters":[387],"collezioni":[],"eco-friendly":[328],"animal-type":[272,273],"designer":[282],"stagionalita":[],"class_list":{"0":"post-12392","1":"product","2":"type-product","3":"status-publish","4":"has-post-thumbnail","6":"product_cat-cane","7":"discount-clusters-387","8":"eco-friendly-yes","9":"animal-type-cane","10":"animal-type-gatto","11":"designer-azzolini-tinuper","13":"first","14":"outofstock","15":"sale","16":"shipping-taxable","17":"purchasable","18":"product-type-variable","19":"has-default-attributes"},"_links":{"self":[{"href":"https:\/\/unitedpets.com\/de\/wp-json\/wp\/v2\/product\/12392","targetHints":{"allow":["GET"]}}],"collection":[{"href":"https:\/\/unitedpets.com\/de\/wp-json\/wp\/v2\/product"}],"about":[{"href":"https:\/\/unitedpets.com\/de\/wp-json\/wp\/v2\/types\/product"}],"replies":[{"embeddable":true,"href":"https:\/\/unitedpets.com\/de\/wp-json\/wp\/v2\/comments?post=12392"}],"wp:featuredmedia":[{"embeddable":true,"href":"https:\/\/unitedpets.com\/de\/wp-json\/wp\/v2\/media\/7009"}],"wp:attachment":[{"href":"https:\/\/unitedpets.com\/de\/wp-json\/wp\/v2\/media?parent=12392"}],"wp:term":[{"taxonomy":"product_brand","embeddable":true,"href":"https:\/\/unitedpets.com\/de\/wp-json\/wp\/v2\/product_brand?post=12392"},{"taxonomy":"product_cat","embeddable":true,"href":"https:\/\/unitedpets.com\/de\/wp-json\/wp\/v2\/product_cat?post=12392"},{"taxonomy":"product_tag","embeddable":true,"href":"https:\/\/unitedpets.com\/de\/wp-json\/wp\/v2\/product_tag?post=12392"},{"taxonomy":"discount-clusters","embeddable":true,"href":"https:\/\/unitedpets.com\/de\/wp-json\/wp\/v2\/discount-clusters?post=12392"},{"taxonomy":"collezioni","embeddable":true,"href":"https:\/\/unitedpets.com\/de\/wp-json\/wp\/v2\/collezioni?post=12392"},{"taxonomy":"eco-friendly","embeddable":true,"href":"https:\/\/unitedpets.com\/de\/wp-json\/wp\/v2\/eco-friendly?post=12392"},{"taxonomy":"animal-type","embeddable":true,"href":"https:\/\/unitedpets.com\/de\/wp-json\/wp\/v2\/animal-type?post=12392"},{"taxonomy":"designer","embeddable":true,"href":"https:\/\/unitedpets.com\/de\/wp-json\/wp\/v2\/designer?post=12392"},{"taxonomy":"stagionalita","embeddable":true,"href":"https:\/\/unitedpets.com\/de\/wp-json\/wp\/v2\/stagionalita?post=12392"}],"curies":[{"name":"wp","href":"https:\/\/api.w.org\/{rel}","templated":true}]}}