{"id":12403,"date":"2025-10-08T14:17:55","date_gmt":"2025-10-08T12:17:55","guid":{"rendered":"https:\/\/unitedpets.com\/?post_type=product&#038;p=12403"},"modified":"2026-04-20T13:02:51","modified_gmt":"2026-04-20T11:02:51","slug":"kleiner-hundenapf-fur-hunde","status":"publish","type":"product","link":"https:\/\/unitedpets.com\/de\/prodotto\/ciotola-boss-piccola-per-cani\/","title":{"rendered":"Ciotola per cani &#8220;Boss Piccola&#8221;"},"content":{"rendered":"<h3>Ciotola per cani &#8220;Boss Piccola&#8221;<\/h3>\n<p>Futter- und Wassernapf f\u00fcr Hunde. Dank seiner schr\u00e4gen Form ist er ideal f\u00fcr brachycephale Hunde. Er ist sp\u00fclmaschinenfest und rutschfest.<\/p>","protected":false},"excerpt":{"rendered":"<p data-start=\"0\" data-end=\"353\">La <a href=\"https:\/\/unitedpets.com\/de\/produkt\/kleiner-hundenapf-fur-hunde\/\">ciotola per cani Boss Piccola<\/a> \u00e8 la scelta ideale per chi desidera un <a href=\"https:\/\/www.instagram.com\/unitedpets\/\">accessorio pratico<\/a>, resistente e progettato per migliorare il comfort del proprio animale durante i pasti, pensata per un utilizzo quotidiano questa ciotola unisce funzionalit\u00e0 ed ergonomia offrendo una soluzione efficace per la gestione di cibo e acqua in modo semplice e ordinato<\/p>","protected":false},"featured_media":12408,"comment_status":"closed","ping_status":"closed","template":"","meta":[],"product_brand":[],"product_cat":[390],"product_tag":[],"discount-clusters":[387],"collezioni":[],"eco-friendly":[328],"animal-type":[272],"designer":[311],"stagionalita":[],"class_list":{"0":"post-12403","1":"product","2":"type-product","3":"status-publish","4":"has-post-thumbnail","6":"product_cat-outlet","7":"discount-clusters-387","8":"eco-friendly-yes","9":"animal-type-cane","10":"designer-andrea-vecera","12":"first","13":"outofstock","14":"sale","15":"shipping-taxable","16":"purchasable","17":"product-type-variable","18":"has-default-attributes"},"_links":{"self":[{"href":"https:\/\/unitedpets.com\/de\/wp-json\/wp\/v2\/product\/12403","targetHints":{"allow":["GET"]}}],"collection":[{"href":"https:\/\/unitedpets.com\/de\/wp-json\/wp\/v2\/product"}],"about":[{"href":"https:\/\/unitedpets.com\/de\/wp-json\/wp\/v2\/types\/product"}],"replies":[{"embeddable":true,"href":"https:\/\/unitedpets.com\/de\/wp-json\/wp\/v2\/comments?post=12403"}],"wp:featuredmedia":[{"embeddable":true,"href":"https:\/\/unitedpets.com\/de\/wp-json\/wp\/v2\/media\/12408"}],"wp:attachment":[{"href":"https:\/\/unitedpets.com\/de\/wp-json\/wp\/v2\/media?parent=12403"}],"wp:term":[{"taxonomy":"product_brand","embeddable":true,"href":"https:\/\/unitedpets.com\/de\/wp-json\/wp\/v2\/product_brand?post=12403"},{"taxonomy":"product_cat","embeddable":true,"href":"https:\/\/unitedpets.com\/de\/wp-json\/wp\/v2\/product_cat?post=12403"},{"taxonomy":"product_tag","embeddable":true,"href":"https:\/\/unitedpets.com\/de\/wp-json\/wp\/v2\/product_tag?post=12403"},{"taxonomy":"discount-clusters","embeddable":true,"href":"https:\/\/unitedpets.com\/de\/wp-json\/wp\/v2\/discount-clusters?post=12403"},{"taxonomy":"collezioni","embeddable":true,"href":"https:\/\/unitedpets.com\/de\/wp-json\/wp\/v2\/collezioni?post=12403"},{"taxonomy":"eco-friendly","embeddable":true,"href":"https:\/\/unitedpets.com\/de\/wp-json\/wp\/v2\/eco-friendly?post=12403"},{"taxonomy":"animal-type","embeddable":true,"href":"https:\/\/unitedpets.com\/de\/wp-json\/wp\/v2\/animal-type?post=12403"},{"taxonomy":"designer","embeddable":true,"href":"https:\/\/unitedpets.com\/de\/wp-json\/wp\/v2\/designer?post=12403"},{"taxonomy":"stagionalita","embeddable":true,"href":"https:\/\/unitedpets.com\/de\/wp-json\/wp\/v2\/stagionalita?post=12403"}],"curies":[{"name":"wp","href":"https:\/\/api.w.org\/{rel}","templated":true}]}}