{"id":12440,"date":"2025-10-10T10:35:41","date_gmt":"2025-10-10T08:35:41","guid":{"rendered":"https:\/\/unitedpets.com\/?post_type=product&#038;p=12440"},"modified":"2026-04-29T04:03:30","modified_gmt":"2026-04-29T02:03:30","slug":"zwergboss-napf-fur-kleine-hunde-und-katzen","status":"publish","type":"product","link":"https:\/\/unitedpets.com\/de\/prodotto\/ciotola-boss-nano-per-cani-piccoli-e-gatti\/","title":{"rendered":"Napf f\u00fcr kleine Hunde und Katzen \u201eBoss Nano\u201c"},"content":{"rendered":"<h3>Napf f\u00fcr kleine Hunde und Katzen \u201eBoss Nano\u201c<\/h3>\n<p>Futter- und Wassernapf f\u00fcr Hunde und Katzen aus unzerst\u00f6rbarem Polypropylen. Dank seiner schr\u00e4gen Form ist er ideal f\u00fcr brachycephale Hunde. Er ist sp\u00fclmaschinenfest und rutschfest.<\/p>","protected":false},"excerpt":{"rendered":"<p>La <a href=\"https:\/\/unitedpets.com\/de\/produkt\/zwergboss-napf-fur-kleine-hunde-und-katzen\/\">ciotola Boss Nano<\/a> <a href=\"https:\/\/www.instagram.com\/unitedpets\/\">per cani piccoli e gatti<\/a> \u00e8 la soluzione ideale per chi cerca un accessorio pratico, resistente e studiato per migliorare il comfort durante i pasti, progettata con un design funzionale e moderno questa ciotola si adatta perfettamente alle esigenze quotidiane degli animali domestici offrendo un\u2019esperienza di alimentazione pi\u00f9 naturale e confortevole<\/p>","protected":false},"featured_media":12453,"comment_status":"closed","ping_status":"closed","template":"","meta":[],"product_brand":[],"product_cat":[390],"product_tag":[],"discount-clusters":[387],"collezioni":[],"eco-friendly":[328],"animal-type":[272,273],"designer":[311],"stagionalita":[],"class_list":{"0":"post-12440","1":"product","2":"type-product","3":"status-publish","4":"has-post-thumbnail","6":"product_cat-outlet","7":"discount-clusters-387","8":"eco-friendly-yes","9":"animal-type-cane","10":"animal-type-gatto","11":"designer-andrea-vecera","13":"first","14":"outofstock","15":"sale","16":"shipping-taxable","17":"purchasable","18":"product-type-variable","19":"has-default-attributes"},"_links":{"self":[{"href":"https:\/\/unitedpets.com\/de\/wp-json\/wp\/v2\/product\/12440","targetHints":{"allow":["GET"]}}],"collection":[{"href":"https:\/\/unitedpets.com\/de\/wp-json\/wp\/v2\/product"}],"about":[{"href":"https:\/\/unitedpets.com\/de\/wp-json\/wp\/v2\/types\/product"}],"replies":[{"embeddable":true,"href":"https:\/\/unitedpets.com\/de\/wp-json\/wp\/v2\/comments?post=12440"}],"wp:featuredmedia":[{"embeddable":true,"href":"https:\/\/unitedpets.com\/de\/wp-json\/wp\/v2\/media\/12453"}],"wp:attachment":[{"href":"https:\/\/unitedpets.com\/de\/wp-json\/wp\/v2\/media?parent=12440"}],"wp:term":[{"taxonomy":"product_brand","embeddable":true,"href":"https:\/\/unitedpets.com\/de\/wp-json\/wp\/v2\/product_brand?post=12440"},{"taxonomy":"product_cat","embeddable":true,"href":"https:\/\/unitedpets.com\/de\/wp-json\/wp\/v2\/product_cat?post=12440"},{"taxonomy":"product_tag","embeddable":true,"href":"https:\/\/unitedpets.com\/de\/wp-json\/wp\/v2\/product_tag?post=12440"},{"taxonomy":"discount-clusters","embeddable":true,"href":"https:\/\/unitedpets.com\/de\/wp-json\/wp\/v2\/discount-clusters?post=12440"},{"taxonomy":"collezioni","embeddable":true,"href":"https:\/\/unitedpets.com\/de\/wp-json\/wp\/v2\/collezioni?post=12440"},{"taxonomy":"eco-friendly","embeddable":true,"href":"https:\/\/unitedpets.com\/de\/wp-json\/wp\/v2\/eco-friendly?post=12440"},{"taxonomy":"animal-type","embeddable":true,"href":"https:\/\/unitedpets.com\/de\/wp-json\/wp\/v2\/animal-type?post=12440"},{"taxonomy":"designer","embeddable":true,"href":"https:\/\/unitedpets.com\/de\/wp-json\/wp\/v2\/designer?post=12440"},{"taxonomy":"stagionalita","embeddable":true,"href":"https:\/\/unitedpets.com\/de\/wp-json\/wp\/v2\/stagionalita?post=12440"}],"curies":[{"name":"wp","href":"https:\/\/api.w.org\/{rel}","templated":true}]}}