{"id":12463,"date":"2025-10-10T12:20:19","date_gmt":"2025-10-10T10:20:19","guid":{"rendered":"https:\/\/unitedpets.com\/?post_type=product&#038;p=12463"},"modified":"2026-04-19T12:03:22","modified_gmt":"2026-04-19T10:03:22","slug":"pappy-futter-und-wassernapf-fur-hunde-und-katzen","status":"publish","type":"product","link":"https:\/\/unitedpets.com\/de\/prodotto\/ciotola-pappy-per-cibo-e-acqua-per-cani-e-gatti\/","title":{"rendered":"Futternapf f\u00fcr Hunde und Katzen \u201ePappy"},"content":{"rendered":"<h3>Futternapf f\u00fcr Hunde und Katzen \u201ePappy<\/h3>\n<p>Pappy Katzen- und Hundenapf, geeignet f\u00fcr den Kontakt mit Futter und Wasser, aus unzerst\u00f6rbarem Polypropylen. Er ist sp\u00fclmaschinengeeignet und dank seiner Gummif\u00fc\u00dfe rutschfest. Der praktische Griff macht ihn leicht zu greifen.<\/p>","protected":false},"excerpt":{"rendered":"<p>La <a href=\"https:\/\/unitedpets.com\/de\/produkt\/pappy-futter-und-wassernapf-fur-hunde-und-katzen\/\">ciotola per cibo e acqua Pappy<\/a> per <a href=\"https:\/\/www.instagram.com\/unitedpets\/\">cani e gatti<\/a> \u00e8 la soluzione ideale per chi desidera un accessorio resistente, pratico e sicuro per l\u2019alimentazione quotidiana del proprio animale domestico, progettata per garantire massima funzionalit\u00e0 e durata nel tempo, questa ciotola si distingue per la qualit\u00e0 dei materiali e per l\u2019attenzione ai dettagli, diventando un elemento indispensabile nella routine di ogni proprietario attento al benessere del proprio pet<\/p>","protected":false},"featured_media":8928,"comment_status":"closed","ping_status":"closed","template":"","meta":[],"product_brand":[],"product_cat":[390],"product_tag":[],"discount-clusters":[387],"collezioni":[333],"eco-friendly":[328],"animal-type":[272],"designer":[281],"stagionalita":[],"class_list":{"0":"post-12463","1":"product","2":"type-product","3":"status-publish","4":"has-post-thumbnail","6":"product_cat-outlet","7":"discount-clusters-387","8":"collezioni-ld","9":"eco-friendly-yes","10":"animal-type-cane","11":"designer-ilaria-gibertini-e-giulio-iacchetti","13":"first","14":"outofstock","15":"sale","16":"shipping-taxable","17":"purchasable","18":"product-type-variable","19":"has-default-attributes"},"_links":{"self":[{"href":"https:\/\/unitedpets.com\/de\/wp-json\/wp\/v2\/product\/12463","targetHints":{"allow":["GET"]}}],"collection":[{"href":"https:\/\/unitedpets.com\/de\/wp-json\/wp\/v2\/product"}],"about":[{"href":"https:\/\/unitedpets.com\/de\/wp-json\/wp\/v2\/types\/product"}],"replies":[{"embeddable":true,"href":"https:\/\/unitedpets.com\/de\/wp-json\/wp\/v2\/comments?post=12463"}],"wp:featuredmedia":[{"embeddable":true,"href":"https:\/\/unitedpets.com\/de\/wp-json\/wp\/v2\/media\/8928"}],"wp:attachment":[{"href":"https:\/\/unitedpets.com\/de\/wp-json\/wp\/v2\/media?parent=12463"}],"wp:term":[{"taxonomy":"product_brand","embeddable":true,"href":"https:\/\/unitedpets.com\/de\/wp-json\/wp\/v2\/product_brand?post=12463"},{"taxonomy":"product_cat","embeddable":true,"href":"https:\/\/unitedpets.com\/de\/wp-json\/wp\/v2\/product_cat?post=12463"},{"taxonomy":"product_tag","embeddable":true,"href":"https:\/\/unitedpets.com\/de\/wp-json\/wp\/v2\/product_tag?post=12463"},{"taxonomy":"discount-clusters","embeddable":true,"href":"https:\/\/unitedpets.com\/de\/wp-json\/wp\/v2\/discount-clusters?post=12463"},{"taxonomy":"collezioni","embeddable":true,"href":"https:\/\/unitedpets.com\/de\/wp-json\/wp\/v2\/collezioni?post=12463"},{"taxonomy":"eco-friendly","embeddable":true,"href":"https:\/\/unitedpets.com\/de\/wp-json\/wp\/v2\/eco-friendly?post=12463"},{"taxonomy":"animal-type","embeddable":true,"href":"https:\/\/unitedpets.com\/de\/wp-json\/wp\/v2\/animal-type?post=12463"},{"taxonomy":"designer","embeddable":true,"href":"https:\/\/unitedpets.com\/de\/wp-json\/wp\/v2\/designer?post=12463"},{"taxonomy":"stagionalita","embeddable":true,"href":"https:\/\/unitedpets.com\/de\/wp-json\/wp\/v2\/stagionalita?post=12463"}],"curies":[{"name":"wp","href":"https:\/\/api.w.org\/{rel}","templated":true}]}}