{"id":12493,"date":"2025-10-10T13:39:44","date_gmt":"2025-10-10T11:39:44","guid":{"rendered":"https:\/\/unitedpets.com\/?post_type=product&#038;p=12493"},"modified":"2026-04-17T05:03:09","modified_gmt":"2026-04-17T03:03:09","slug":"katzennapf-fur-katzen","status":"publish","type":"product","link":"https:\/\/unitedpets.com\/de\/prodotto\/ciotola-kitty-per-gatti\/","title":{"rendered":"Katzenschale \u201eKitty\u201c"},"content":{"rendered":"<h3>Katzenschale \u201eKitty\u201c<\/h3>\n<p>Kitty Katzennapf aus lebensmittelechtem und unzerst\u00f6rbarem Polypropylen. Er ist sp\u00fclmaschinengeeignet und dank seiner Gummif\u00fc\u00dfe rutschfest. Seine flache Form erm\u00f6glicht es der Katze, zu fressen, ohne die Schnurrhaare zu ber\u00fchren.<\/p>","protected":false},"excerpt":{"rendered":"<p><a href=\"https:\/\/www.instagram.com\/unitedpets\/\">Scopri<\/a> la ciotola per <a href=\"https:\/\/unitedpets.com\/de\/produkt\/katzennapf-fur-katzen\/\">gatti Kitty<\/a> una soluzione pratica, resistente e pensata per migliorare l\u2019esperienza alimentare del tuo micio, unendo funzionalit\u00e0, sicurezza e comfort in un unico prodotto<\/p>","protected":false},"featured_media":8623,"comment_status":"closed","ping_status":"closed","template":"","meta":[],"product_brand":[],"product_cat":[56],"product_tag":[],"discount-clusters":[387],"collezioni":[333],"eco-friendly":[328],"animal-type":[273],"designer":[281],"stagionalita":[],"class_list":{"0":"post-12493","1":"product","2":"type-product","3":"status-publish","4":"has-post-thumbnail","6":"product_cat-gatto","7":"discount-clusters-387","8":"collezioni-ld","9":"eco-friendly-yes","10":"animal-type-gatto","11":"designer-ilaria-gibertini-e-giulio-iacchetti","13":"first","14":"outofstock","15":"sale","16":"shipping-taxable","17":"purchasable","18":"product-type-variable","19":"has-default-attributes"},"_links":{"self":[{"href":"https:\/\/unitedpets.com\/de\/wp-json\/wp\/v2\/product\/12493","targetHints":{"allow":["GET"]}}],"collection":[{"href":"https:\/\/unitedpets.com\/de\/wp-json\/wp\/v2\/product"}],"about":[{"href":"https:\/\/unitedpets.com\/de\/wp-json\/wp\/v2\/types\/product"}],"replies":[{"embeddable":true,"href":"https:\/\/unitedpets.com\/de\/wp-json\/wp\/v2\/comments?post=12493"}],"wp:featuredmedia":[{"embeddable":true,"href":"https:\/\/unitedpets.com\/de\/wp-json\/wp\/v2\/media\/8623"}],"wp:attachment":[{"href":"https:\/\/unitedpets.com\/de\/wp-json\/wp\/v2\/media?parent=12493"}],"wp:term":[{"taxonomy":"product_brand","embeddable":true,"href":"https:\/\/unitedpets.com\/de\/wp-json\/wp\/v2\/product_brand?post=12493"},{"taxonomy":"product_cat","embeddable":true,"href":"https:\/\/unitedpets.com\/de\/wp-json\/wp\/v2\/product_cat?post=12493"},{"taxonomy":"product_tag","embeddable":true,"href":"https:\/\/unitedpets.com\/de\/wp-json\/wp\/v2\/product_tag?post=12493"},{"taxonomy":"discount-clusters","embeddable":true,"href":"https:\/\/unitedpets.com\/de\/wp-json\/wp\/v2\/discount-clusters?post=12493"},{"taxonomy":"collezioni","embeddable":true,"href":"https:\/\/unitedpets.com\/de\/wp-json\/wp\/v2\/collezioni?post=12493"},{"taxonomy":"eco-friendly","embeddable":true,"href":"https:\/\/unitedpets.com\/de\/wp-json\/wp\/v2\/eco-friendly?post=12493"},{"taxonomy":"animal-type","embeddable":true,"href":"https:\/\/unitedpets.com\/de\/wp-json\/wp\/v2\/animal-type?post=12493"},{"taxonomy":"designer","embeddable":true,"href":"https:\/\/unitedpets.com\/de\/wp-json\/wp\/v2\/designer?post=12493"},{"taxonomy":"stagionalita","embeddable":true,"href":"https:\/\/unitedpets.com\/de\/wp-json\/wp\/v2\/stagionalita?post=12493"}],"curies":[{"name":"wp","href":"https:\/\/api.w.org\/{rel}","templated":true}]}}