{"id":12503,"date":"2025-10-10T13:47:18","date_gmt":"2025-10-10T11:47:18","guid":{"rendered":"https:\/\/unitedpets.com\/?post_type=product&#038;p=12503"},"modified":"2026-05-04T20:02:28","modified_gmt":"2026-05-04T18:02:28","slug":"spoontino-loffel-fur-nassfutter","status":"publish","type":"product","link":"https:\/\/unitedpets.com\/de\/prodotto\/cucchiaio-spoontino-per-cibo-umido\/","title":{"rendered":"L\u00f6ffel'tino\u201c L\u00f6ffel f\u00fcr Nassfutter"},"content":{"rendered":"<h3>L\u00f6ffel'tino\u201c L\u00f6ffel f\u00fcr Nassfutter<\/h3>\n<p>Ein L\u00f6ffel f\u00fcr Nassfutter. Die Spitze hilft, das Futter in den Ecken der Dose zu finden. Sp\u00fclmaschinenfest.<\/p>","protected":false},"excerpt":{"rendered":"<p>Il<a href=\"https:\/\/www.instagram.com\/unitedpets\/\"> cucchiaio<\/a> <a href=\"https:\/\/unitedpets.com\/de\/produkt\/spoontino-loffel-fur-nassfutter\/\">Spoon\u2019tino<\/a> per cibo umido \u00e8 l\u2019accessorio perfetto per rendere pi\u00f9 semplice precisa e igienica la gestione dei pasti del tuo animale domestico, progettato per offrire praticit\u00e0 e funzionalit\u00e0 questo utensile si rivela indispensabile per chi utilizza quotidianamente alimenti umidi in scatoletta garantendo un utilizzo completo senza sprechi e con la massima comodit\u00e0<\/p>","protected":false},"featured_media":12508,"comment_status":"closed","ping_status":"closed","template":"","meta":[],"product_brand":[],"product_cat":[55],"product_tag":[],"discount-clusters":[387],"collezioni":[],"eco-friendly":[328],"animal-type":[272,273],"designer":[309],"stagionalita":[],"class_list":{"0":"post-12503","1":"product","2":"type-product","3":"status-publish","4":"has-post-thumbnail","6":"product_cat-cane","7":"discount-clusters-387","8":"eco-friendly-yes","9":"animal-type-cane","10":"animal-type-gatto","11":"designer-shaker-design","13":"first","14":"outofstock","15":"sale","16":"shipping-taxable","17":"purchasable","18":"product-type-simple"},"_links":{"self":[{"href":"https:\/\/unitedpets.com\/de\/wp-json\/wp\/v2\/product\/12503","targetHints":{"allow":["GET"]}}],"collection":[{"href":"https:\/\/unitedpets.com\/de\/wp-json\/wp\/v2\/product"}],"about":[{"href":"https:\/\/unitedpets.com\/de\/wp-json\/wp\/v2\/types\/product"}],"replies":[{"embeddable":true,"href":"https:\/\/unitedpets.com\/de\/wp-json\/wp\/v2\/comments?post=12503"}],"wp:featuredmedia":[{"embeddable":true,"href":"https:\/\/unitedpets.com\/de\/wp-json\/wp\/v2\/media\/12508"}],"wp:attachment":[{"href":"https:\/\/unitedpets.com\/de\/wp-json\/wp\/v2\/media?parent=12503"}],"wp:term":[{"taxonomy":"product_brand","embeddable":true,"href":"https:\/\/unitedpets.com\/de\/wp-json\/wp\/v2\/product_brand?post=12503"},{"taxonomy":"product_cat","embeddable":true,"href":"https:\/\/unitedpets.com\/de\/wp-json\/wp\/v2\/product_cat?post=12503"},{"taxonomy":"product_tag","embeddable":true,"href":"https:\/\/unitedpets.com\/de\/wp-json\/wp\/v2\/product_tag?post=12503"},{"taxonomy":"discount-clusters","embeddable":true,"href":"https:\/\/unitedpets.com\/de\/wp-json\/wp\/v2\/discount-clusters?post=12503"},{"taxonomy":"collezioni","embeddable":true,"href":"https:\/\/unitedpets.com\/de\/wp-json\/wp\/v2\/collezioni?post=12503"},{"taxonomy":"eco-friendly","embeddable":true,"href":"https:\/\/unitedpets.com\/de\/wp-json\/wp\/v2\/eco-friendly?post=12503"},{"taxonomy":"animal-type","embeddable":true,"href":"https:\/\/unitedpets.com\/de\/wp-json\/wp\/v2\/animal-type?post=12503"},{"taxonomy":"designer","embeddable":true,"href":"https:\/\/unitedpets.com\/de\/wp-json\/wp\/v2\/designer?post=12503"},{"taxonomy":"stagionalita","embeddable":true,"href":"https:\/\/unitedpets.com\/de\/wp-json\/wp\/v2\/stagionalita?post=12503"}],"curies":[{"name":"wp","href":"https:\/\/api.w.org\/{rel}","templated":true}]}}