{"id":12526,"date":"2025-10-10T14:07:52","date_gmt":"2025-10-10T12:07:52","guid":{"rendered":"https:\/\/unitedpets.com\/?post_type=product&#038;p=12526"},"modified":"2026-05-01T16:03:19","modified_gmt":"2026-05-01T14:03:19","slug":"molly-clothes-peg-copy","status":"publish","type":"product","link":"https:\/\/unitedpets.com\/de\/prodotto\/molletta-molly-di-chiusura-copia\/","title":{"rendered":"Molly-Verschlussklemme"},"content":{"rendered":"<h3><strong>Molly\u201c-Verschluss<\/strong><\/h3>\n<p>Molly: W\u00e4scheklammer zum Verschlie\u00dfen von Verpackungen. Dank ihrer konkaven Form passt sie in Kibble-Beutel verschiedener Gr\u00f6\u00dfen und Gewichte.<\/p>","protected":false},"excerpt":{"rendered":"<p>La <a href=\"https:\/\/www.instagram.com\/unitedpets\/\">molletta<\/a> von <a href=\"https:\/\/unitedpets.com\/de\/produkt\/molly-clothes-peg-copy\/\">chiusura Molly<\/a> \u00e8 l\u2019accessorio indispensabile per conservare al meglio le crocchette e mantenere la freschezza degli alimenti del tuo animale domestico, progettata per garantire praticit\u00e0 ed efficienza questa molletta chiudi pacco si distingue per il suo design intelligente e funzionale capace di adattarsi a diverse esigenze quotidiane, ideale per chi desidera ordine e una corretta conservazione del cibo senza sprechi<\/p>","protected":false},"featured_media":12537,"comment_status":"closed","ping_status":"closed","template":"","meta":[],"product_brand":[],"product_cat":[390],"product_tag":[],"discount-clusters":[387],"collezioni":[],"eco-friendly":[328],"animal-type":[272,273],"designer":[309],"stagionalita":[],"class_list":{"0":"post-12526","1":"product","2":"type-product","3":"status-publish","4":"has-post-thumbnail","6":"product_cat-outlet","7":"discount-clusters-387","8":"eco-friendly-yes","9":"animal-type-cane","10":"animal-type-gatto","11":"designer-shaker-design","13":"first","14":"outofstock","15":"sale","16":"shipping-taxable","17":"purchasable","18":"product-type-variable","19":"has-default-attributes"},"_links":{"self":[{"href":"https:\/\/unitedpets.com\/de\/wp-json\/wp\/v2\/product\/12526","targetHints":{"allow":["GET"]}}],"collection":[{"href":"https:\/\/unitedpets.com\/de\/wp-json\/wp\/v2\/product"}],"about":[{"href":"https:\/\/unitedpets.com\/de\/wp-json\/wp\/v2\/types\/product"}],"replies":[{"embeddable":true,"href":"https:\/\/unitedpets.com\/de\/wp-json\/wp\/v2\/comments?post=12526"}],"wp:featuredmedia":[{"embeddable":true,"href":"https:\/\/unitedpets.com\/de\/wp-json\/wp\/v2\/media\/12537"}],"wp:attachment":[{"href":"https:\/\/unitedpets.com\/de\/wp-json\/wp\/v2\/media?parent=12526"}],"wp:term":[{"taxonomy":"product_brand","embeddable":true,"href":"https:\/\/unitedpets.com\/de\/wp-json\/wp\/v2\/product_brand?post=12526"},{"taxonomy":"product_cat","embeddable":true,"href":"https:\/\/unitedpets.com\/de\/wp-json\/wp\/v2\/product_cat?post=12526"},{"taxonomy":"product_tag","embeddable":true,"href":"https:\/\/unitedpets.com\/de\/wp-json\/wp\/v2\/product_tag?post=12526"},{"taxonomy":"discount-clusters","embeddable":true,"href":"https:\/\/unitedpets.com\/de\/wp-json\/wp\/v2\/discount-clusters?post=12526"},{"taxonomy":"collezioni","embeddable":true,"href":"https:\/\/unitedpets.com\/de\/wp-json\/wp\/v2\/collezioni?post=12526"},{"taxonomy":"eco-friendly","embeddable":true,"href":"https:\/\/unitedpets.com\/de\/wp-json\/wp\/v2\/eco-friendly?post=12526"},{"taxonomy":"animal-type","embeddable":true,"href":"https:\/\/unitedpets.com\/de\/wp-json\/wp\/v2\/animal-type?post=12526"},{"taxonomy":"designer","embeddable":true,"href":"https:\/\/unitedpets.com\/de\/wp-json\/wp\/v2\/designer?post=12526"},{"taxonomy":"stagionalita","embeddable":true,"href":"https:\/\/unitedpets.com\/de\/wp-json\/wp\/v2\/stagionalita?post=12526"}],"curies":[{"name":"wp","href":"https:\/\/api.w.org\/{rel}","templated":true}]}}