{"id":12595,"date":"2025-10-13T17:25:16","date_gmt":"2025-10-13T15:25:16","guid":{"rendered":"https:\/\/unitedpets.com\/?post_type=product&#038;p=12595"},"modified":"2026-04-19T14:02:56","modified_gmt":"2026-04-19T12:02:56","slug":"complete-me-spender-2","status":"publish","type":"product","link":"https:\/\/unitedpets.com\/de\/prodotto\/complete-me-dispenser-2\/","title":{"rendered":"Complete Me - Spender"},"content":{"rendered":"<h3>Complete Me - Spender<\/h3>\n<p>Hygienischer Beutelspender mit praktischem Karabinerhaken und Klettverschluss zum Anbringen von s\u00fc\u00dfen Aufn\u00e4hern. Enth\u00e4lt eine Rolle mit 10 biologisch abbaubaren Beuteln, die dank des Rei\u00dfverschlusses leicht zu wechseln sind. Beide Nachf\u00fcllgr\u00f6\u00dfen, Nano und Regular, sind geeignet. Entdecken Sie die Complete Me-Kollektion und spielen Sie mit Kombinationen, indem Sie die Leine in Ihrer Lieblingsfarbe w\u00e4hlen und den Stil Ihres vierbeinigen Freundes mit einer passenden Blumendekoration bereichern.<\/p>","protected":false},"excerpt":{"rendered":"<p>Scopri il <a href=\"https:\/\/unitedpets.com\/de\/produkt\/complete-me-spender-2\/\">dispenser<\/a> <a href=\"https:\/\/www.instagram.com\/unitedpets\/\">Complete Me<\/a>, l\u2019accessorio indispensabile per chi desidera unire praticit\u00e0, igiene e stile durante ogni uscita con il proprio cane progettato per semplificare la gestione quotidiana dei sacchettini igienici questo dispenser rappresenta una soluzione funzionale ed elegante perfetta per accompagnarti in ogni passeggiata<\/p>","protected":false},"featured_media":12602,"comment_status":"closed","ping_status":"closed","template":"","meta":[],"product_brand":[],"product_cat":[55],"product_tag":[],"discount-clusters":[387],"collezioni":[332],"eco-friendly":[],"animal-type":[272],"designer":[280],"stagionalita":[],"class_list":{"0":"post-12595","1":"product","2":"type-product","3":"status-publish","4":"has-post-thumbnail","6":"product_cat-cane","7":"discount-clusters-387","8":"collezioni-gcm","9":"animal-type-cane","10":"designer-gianfranco-primiceri-e-fabio-cencioni","12":"first","13":"outofstock","14":"sale","15":"shipping-taxable","16":"purchasable","17":"product-type-variable","18":"has-default-attributes"},"_links":{"self":[{"href":"https:\/\/unitedpets.com\/de\/wp-json\/wp\/v2\/product\/12595","targetHints":{"allow":["GET"]}}],"collection":[{"href":"https:\/\/unitedpets.com\/de\/wp-json\/wp\/v2\/product"}],"about":[{"href":"https:\/\/unitedpets.com\/de\/wp-json\/wp\/v2\/types\/product"}],"replies":[{"embeddable":true,"href":"https:\/\/unitedpets.com\/de\/wp-json\/wp\/v2\/comments?post=12595"}],"wp:featuredmedia":[{"embeddable":true,"href":"https:\/\/unitedpets.com\/de\/wp-json\/wp\/v2\/media\/12602"}],"wp:attachment":[{"href":"https:\/\/unitedpets.com\/de\/wp-json\/wp\/v2\/media?parent=12595"}],"wp:term":[{"taxonomy":"product_brand","embeddable":true,"href":"https:\/\/unitedpets.com\/de\/wp-json\/wp\/v2\/product_brand?post=12595"},{"taxonomy":"product_cat","embeddable":true,"href":"https:\/\/unitedpets.com\/de\/wp-json\/wp\/v2\/product_cat?post=12595"},{"taxonomy":"product_tag","embeddable":true,"href":"https:\/\/unitedpets.com\/de\/wp-json\/wp\/v2\/product_tag?post=12595"},{"taxonomy":"discount-clusters","embeddable":true,"href":"https:\/\/unitedpets.com\/de\/wp-json\/wp\/v2\/discount-clusters?post=12595"},{"taxonomy":"collezioni","embeddable":true,"href":"https:\/\/unitedpets.com\/de\/wp-json\/wp\/v2\/collezioni?post=12595"},{"taxonomy":"eco-friendly","embeddable":true,"href":"https:\/\/unitedpets.com\/de\/wp-json\/wp\/v2\/eco-friendly?post=12595"},{"taxonomy":"animal-type","embeddable":true,"href":"https:\/\/unitedpets.com\/de\/wp-json\/wp\/v2\/animal-type?post=12595"},{"taxonomy":"designer","embeddable":true,"href":"https:\/\/unitedpets.com\/de\/wp-json\/wp\/v2\/designer?post=12595"},{"taxonomy":"stagionalita","embeddable":true,"href":"https:\/\/unitedpets.com\/de\/wp-json\/wp\/v2\/stagionalita?post=12595"}],"curies":[{"name":"wp","href":"https:\/\/api.w.org\/{rel}","templated":true}]}}