{"id":12673,"date":"2025-10-15T10:45:35","date_gmt":"2025-10-15T08:45:35","guid":{"rendered":"https:\/\/unitedpets.com\/?post_type=product&#038;p=12673"},"modified":"2026-04-17T10:10:54","modified_gmt":"2026-04-17T08:10:54","slug":"vollstandige-leine-2","status":"publish","type":"product","link":"https:\/\/unitedpets.com\/de\/prodotto\/complete-me-guinzaglio-2\/","title":{"rendered":"Vervollst\u00e4ndige mich - Leine"},"content":{"rendered":"<h3>Vervollst\u00e4ndige mich - Leine<\/h3>\n<p>Guinzaglio realizzato in nylon con morbida maniglia in microfibra, per unire comfort e stile. Dotato di velcro per l\u2019applicazione di simpatiche patch e impreziosito da minuterie inossidabili curate nel dettaglio. Scopri la collezione Complete Me e gioca con gli abbinamenti scegliendo la pettorina del tuo colore preferito e arricchisci lo stile del tuo amico a quattro zampe con una rosa decorativa abbinata.<\/p>","protected":false},"excerpt":{"rendered":"<p>Scopri il <a href=\"https:\/\/www.instagram.com\/unitedpets\/\">Leine<\/a> <a href=\"https:\/\/unitedpets.com\/en\/product\/complete-me-leash-2\/\">Complete Me<\/a>, l\u2019accessorio ideale per chi desidera unire comfort, resistenza e stile in un unico prodotto pensato per il benessere del proprio cane e per valorizzare ogni passeggiata quotidiana questo guinzaglio \u00e8 realizzato in nylon di alta qualit\u00e0 un materiale noto per la sua robustezza e durata nel tempo perfetto per accompagnarti in ogni uscita sia in citt\u00e0 che nella natura garantendo sicurezza e affidabilit\u00e0 in ogni situazione<\/p>","protected":false},"featured_media":7807,"comment_status":"closed","ping_status":"closed","template":"","meta":[],"product_brand":[],"product_cat":[390],"product_tag":[],"discount-clusters":[387],"collezioni":[332,333],"eco-friendly":[],"animal-type":[272],"designer":[277],"stagionalita":[],"class_list":{"0":"post-12673","1":"product","2":"type-product","3":"status-publish","4":"has-post-thumbnail","6":"product_cat-outlet","7":"discount-clusters-387","8":"collezioni-gcm","9":"collezioni-ld","10":"animal-type-cane","11":"designer-gianfranco-primiceri","13":"first","14":"outofstock","15":"sale","16":"shipping-taxable","17":"purchasable","18":"product-type-variable","19":"has-default-attributes"},"_links":{"self":[{"href":"https:\/\/unitedpets.com\/de\/wp-json\/wp\/v2\/product\/12673","targetHints":{"allow":["GET"]}}],"collection":[{"href":"https:\/\/unitedpets.com\/de\/wp-json\/wp\/v2\/product"}],"about":[{"href":"https:\/\/unitedpets.com\/de\/wp-json\/wp\/v2\/types\/product"}],"replies":[{"embeddable":true,"href":"https:\/\/unitedpets.com\/de\/wp-json\/wp\/v2\/comments?post=12673"}],"wp:featuredmedia":[{"embeddable":true,"href":"https:\/\/unitedpets.com\/de\/wp-json\/wp\/v2\/media\/7807"}],"wp:attachment":[{"href":"https:\/\/unitedpets.com\/de\/wp-json\/wp\/v2\/media?parent=12673"}],"wp:term":[{"taxonomy":"product_brand","embeddable":true,"href":"https:\/\/unitedpets.com\/de\/wp-json\/wp\/v2\/product_brand?post=12673"},{"taxonomy":"product_cat","embeddable":true,"href":"https:\/\/unitedpets.com\/de\/wp-json\/wp\/v2\/product_cat?post=12673"},{"taxonomy":"product_tag","embeddable":true,"href":"https:\/\/unitedpets.com\/de\/wp-json\/wp\/v2\/product_tag?post=12673"},{"taxonomy":"discount-clusters","embeddable":true,"href":"https:\/\/unitedpets.com\/de\/wp-json\/wp\/v2\/discount-clusters?post=12673"},{"taxonomy":"collezioni","embeddable":true,"href":"https:\/\/unitedpets.com\/de\/wp-json\/wp\/v2\/collezioni?post=12673"},{"taxonomy":"eco-friendly","embeddable":true,"href":"https:\/\/unitedpets.com\/de\/wp-json\/wp\/v2\/eco-friendly?post=12673"},{"taxonomy":"animal-type","embeddable":true,"href":"https:\/\/unitedpets.com\/de\/wp-json\/wp\/v2\/animal-type?post=12673"},{"taxonomy":"designer","embeddable":true,"href":"https:\/\/unitedpets.com\/de\/wp-json\/wp\/v2\/designer?post=12673"},{"taxonomy":"stagionalita","embeddable":true,"href":"https:\/\/unitedpets.com\/de\/wp-json\/wp\/v2\/stagionalita?post=12673"}],"curies":[{"name":"wp","href":"https:\/\/api.w.org\/{rel}","templated":true}]}}