{"id":12693,"date":"2025-10-15T11:21:00","date_gmt":"2025-10-15T09:21:00","guid":{"rendered":"https:\/\/unitedpets.com\/?post_type=product&#038;p=12693"},"modified":"2026-04-19T16:02:43","modified_gmt":"2026-04-19T14:02:43","slug":"vervollstandige-mich-latzchen-3","status":"publish","type":"product","link":"https:\/\/unitedpets.com\/de\/prodotto\/complete-me-pettorina-3\/","title":{"rendered":"Pettorina fast fit &#8211; Complete Me"},"content":{"rendered":"<h3>Pettorina fast fit &#8211; Complete Me<\/h3>\n<p>Verstellbares L\u00e4tzchen aus weichem Nylon, mit rostfreien Kleinteilen mit Liebe zum Detail. Ausgestattet mit Klettverschluss zum Anbringen von niedlichen Aufn\u00e4hern und dank des Clipverschlusses leicht anzulegen. Stellen Sie sich Ihr eigenes Zubeh\u00f6rset zusammen! Die Complete Me Linie besteht aus einem Halsband, einer Leine, einem Geschirr, einem Spender, einem Twilly und dekorativen Aufn\u00e4hern. W\u00e4hlen Sie Ihr Lieblingsmuster oder kombinieren Sie die verschiedenen Muster, um Ihren Stil und den Ihres Haustiers zum Ausdruck zu bringen.<\/p>","protected":false},"excerpt":{"rendered":"<p><a href=\"https:\/\/unitedpets.com\/de\/produkt\/vervollstandige-mich-latzchen-3\/\">La pettorina Fast Fit<\/a> - <a href=\"https:\/\/www.instagram.com\/unitedpets\/\">Complete Me<\/a> \u00e8 la scelta ideale per chi cerca una pettorina per cani pratica, resistente e dal design personalizzabile. Pensata per garantire il massimo comfort al tuo amico a quattro zampe e allo stesso tempo soddisfare le esigenze di stile dei proprietari pi\u00f9 attenti, questa pettorina regolabile unisce funzionalit\u00e0, qualit\u00e0 dei materiali e versatilit\u00e0 in un unico prodotto.<\/p>","protected":false},"featured_media":8397,"comment_status":"closed","ping_status":"closed","template":"","meta":[],"product_brand":[],"product_cat":[390],"product_tag":[],"discount-clusters":[387],"collezioni":[332,333],"eco-friendly":[],"animal-type":[272],"designer":[277],"stagionalita":[],"class_list":{"0":"post-12693","1":"product","2":"type-product","3":"status-publish","4":"has-post-thumbnail","6":"product_cat-outlet","7":"discount-clusters-387","8":"collezioni-gcm","9":"collezioni-ld","10":"animal-type-cane","11":"designer-gianfranco-primiceri","13":"first","14":"outofstock","15":"sale","16":"shipping-taxable","17":"purchasable","18":"product-type-variable","19":"has-default-attributes"},"_links":{"self":[{"href":"https:\/\/unitedpets.com\/de\/wp-json\/wp\/v2\/product\/12693","targetHints":{"allow":["GET"]}}],"collection":[{"href":"https:\/\/unitedpets.com\/de\/wp-json\/wp\/v2\/product"}],"about":[{"href":"https:\/\/unitedpets.com\/de\/wp-json\/wp\/v2\/types\/product"}],"replies":[{"embeddable":true,"href":"https:\/\/unitedpets.com\/de\/wp-json\/wp\/v2\/comments?post=12693"}],"wp:featuredmedia":[{"embeddable":true,"href":"https:\/\/unitedpets.com\/de\/wp-json\/wp\/v2\/media\/8397"}],"wp:attachment":[{"href":"https:\/\/unitedpets.com\/de\/wp-json\/wp\/v2\/media?parent=12693"}],"wp:term":[{"taxonomy":"product_brand","embeddable":true,"href":"https:\/\/unitedpets.com\/de\/wp-json\/wp\/v2\/product_brand?post=12693"},{"taxonomy":"product_cat","embeddable":true,"href":"https:\/\/unitedpets.com\/de\/wp-json\/wp\/v2\/product_cat?post=12693"},{"taxonomy":"product_tag","embeddable":true,"href":"https:\/\/unitedpets.com\/de\/wp-json\/wp\/v2\/product_tag?post=12693"},{"taxonomy":"discount-clusters","embeddable":true,"href":"https:\/\/unitedpets.com\/de\/wp-json\/wp\/v2\/discount-clusters?post=12693"},{"taxonomy":"collezioni","embeddable":true,"href":"https:\/\/unitedpets.com\/de\/wp-json\/wp\/v2\/collezioni?post=12693"},{"taxonomy":"eco-friendly","embeddable":true,"href":"https:\/\/unitedpets.com\/de\/wp-json\/wp\/v2\/eco-friendly?post=12693"},{"taxonomy":"animal-type","embeddable":true,"href":"https:\/\/unitedpets.com\/de\/wp-json\/wp\/v2\/animal-type?post=12693"},{"taxonomy":"designer","embeddable":true,"href":"https:\/\/unitedpets.com\/de\/wp-json\/wp\/v2\/designer?post=12693"},{"taxonomy":"stagionalita","embeddable":true,"href":"https:\/\/unitedpets.com\/de\/wp-json\/wp\/v2\/stagionalita?post=12693"}],"curies":[{"name":"wp","href":"https:\/\/api.w.org\/{rel}","templated":true}]}}