{"id":13633,"date":"2025-12-15T14:12:58","date_gmt":"2025-12-15T13:12:58","guid":{"rendered":"https:\/\/unitedpets.com\/?post_type=product&#038;p=13633"},"modified":"2026-04-16T19:03:17","modified_gmt":"2026-04-16T17:03:17","slug":"pappy-keramikschale","status":"publish","type":"product","link":"https:\/\/unitedpets.com\/de\/prodotto\/ciotola-pappy-in-ceramica\/","title":{"rendered":"Keramiknapf \u201ePappy\u201c"},"content":{"rendered":"<h3>Keramiknapf \u201ePappy\u201c<\/h3>\n<p>Der Keramiknapf Pappy in XS-Gr\u00f6\u00dfe ist ideal f\u00fcr kleine Hunde und Katzen. Aus Keramik gefertigt, garantiert er Hygiene, Langlebigkeit und Stabilit\u00e4t im t\u00e4glichen Gebrauch. Leicht zu reinigen und frei von Geruchs- und Geschmacksaufnahme, ist er perfekt f\u00fcr die Aufnahme von Trockenfutter, Nassfutter oder Wasser.<br \/>\nSaum: 9 x 9<br \/>\nBasis: 15 x 15<\/p>","protected":false},"excerpt":{"rendered":"<p>Scopri la<a href=\"https:\/\/www.instagram.com\/unitedpets\/\"> Schale<\/a> in ceramica <a href=\"https:\/\/unitedpets.com\/de\/produkt\/pappy-keramikschale\/\">Pappy<\/a> una soluzione elegante e pratica pensata per garantire igiene, resistenza e comfort ai tuoi cani e gatti di piccola taglia<\/p>","protected":false},"featured_media":13635,"comment_status":"closed","ping_status":"closed","template":"","meta":[],"product_brand":[],"product_cat":[55,56,84,63,65,86],"product_tag":[],"discount-clusters":[],"collezioni":[],"eco-friendly":[],"animal-type":[],"designer":[281],"stagionalita":[],"class_list":{"0":"post-13633","1":"product","2":"type-product","3":"status-publish","4":"has-post-thumbnail","6":"product_cat-cane","7":"product_cat-gatto","8":"product_cat-casa-gatto","9":"product_cat-casa","10":"product_cat-ciotole-e-accessori","11":"product_cat-ciotole-e-accessori-casa-gatto","12":"designer-ilaria-gibertini-e-giulio-iacchetti","14":"first","15":"instock","16":"shipping-taxable","17":"purchasable","18":"product-type-simple"},"_links":{"self":[{"href":"https:\/\/unitedpets.com\/de\/wp-json\/wp\/v2\/product\/13633","targetHints":{"allow":["GET"]}}],"collection":[{"href":"https:\/\/unitedpets.com\/de\/wp-json\/wp\/v2\/product"}],"about":[{"href":"https:\/\/unitedpets.com\/de\/wp-json\/wp\/v2\/types\/product"}],"replies":[{"embeddable":true,"href":"https:\/\/unitedpets.com\/de\/wp-json\/wp\/v2\/comments?post=13633"}],"wp:featuredmedia":[{"embeddable":true,"href":"https:\/\/unitedpets.com\/de\/wp-json\/wp\/v2\/media\/13635"}],"wp:attachment":[{"href":"https:\/\/unitedpets.com\/de\/wp-json\/wp\/v2\/media?parent=13633"}],"wp:term":[{"taxonomy":"product_brand","embeddable":true,"href":"https:\/\/unitedpets.com\/de\/wp-json\/wp\/v2\/product_brand?post=13633"},{"taxonomy":"product_cat","embeddable":true,"href":"https:\/\/unitedpets.com\/de\/wp-json\/wp\/v2\/product_cat?post=13633"},{"taxonomy":"product_tag","embeddable":true,"href":"https:\/\/unitedpets.com\/de\/wp-json\/wp\/v2\/product_tag?post=13633"},{"taxonomy":"discount-clusters","embeddable":true,"href":"https:\/\/unitedpets.com\/de\/wp-json\/wp\/v2\/discount-clusters?post=13633"},{"taxonomy":"collezioni","embeddable":true,"href":"https:\/\/unitedpets.com\/de\/wp-json\/wp\/v2\/collezioni?post=13633"},{"taxonomy":"eco-friendly","embeddable":true,"href":"https:\/\/unitedpets.com\/de\/wp-json\/wp\/v2\/eco-friendly?post=13633"},{"taxonomy":"animal-type","embeddable":true,"href":"https:\/\/unitedpets.com\/de\/wp-json\/wp\/v2\/animal-type?post=13633"},{"taxonomy":"designer","embeddable":true,"href":"https:\/\/unitedpets.com\/de\/wp-json\/wp\/v2\/designer?post=13633"},{"taxonomy":"stagionalita","embeddable":true,"href":"https:\/\/unitedpets.com\/de\/wp-json\/wp\/v2\/stagionalita?post=13633"}],"curies":[{"name":"wp","href":"https:\/\/api.w.org\/{rel}","templated":true}]}}