{"id":5830,"date":"2025-05-14T10:22:46","date_gmt":"2025-05-14T08:22:46","guid":{"rendered":"https:\/\/eba.hmy.temporary.site\/prodotto\/bon-ton-pi\/"},"modified":"2026-04-12T14:03:35","modified_gmt":"2026-04-12T12:03:35","slug":"bon-ton-pi","status":"publish","type":"product","link":"https:\/\/unitedpets.com\/de\/prodotto\/bon-ton-pi\/","title":{"rendered":"Bottiglietta portatile in silicone &#8220;Bon Ton P\u00ec&#8221;"},"content":{"rendered":"<h3>Bottiglietta portatile in silicone &#8220;Bon Ton P\u00ec&#8221;<\/h3>\n<p>Tragbare Flasche aus weichem Silikon, entwickelt, um die Reinigung der Bereiche zu erleichtern, in die Ihr Hund w\u00e4hrend des Spaziergangs uriniert. Sie ist leicht und praktisch zu tragen und erm\u00f6glicht es, die Pisse einfach wegzusp\u00fclen, um Verschmutzungen zu vermeiden. Es ist wichtig, daran zu denken, dass das Urinieren Ihres Hundes auf Fahrzeuge oder Geb\u00e4ude als strafbare Verunreinigung angesehen werden kann, die nach Artikel 639 des Strafgesetzbuches mit Geldstrafen zwischen 100 und 3.000 Euro geahndet wird. Ein n\u00fctzliches Hilfsmittel, um ein verantwortungsvolles Verhalten bei Ausfl\u00fcgen zu gew\u00e4hrleisten.<\/p>","protected":false},"excerpt":{"rendered":"<p data-start=\"53\" data-end=\"429\"><a href=\"https:\/\/unitedpets.com\/de\/produkt\/bon-ton-pi\/\">La Bon Ton P\u00ec<\/a> \u00e8 una bottiglietta portatile in silicone pensata per promuovere un comportamento responsabile durante le passeggiate con il proprio cane. Pratica, leggera e facile da trasportare, permette di risciacquare rapidamente le superfici su cui il tuo amico a quattro zampe urina, contribuendo a mantenere strade, marciapiedi e spazi pubblici pi\u00f9 puliti.<\/p>\n<p data-start=\"431\" data-end=\"733\">Realizzata in morbido silicone, la bottiglietta \u00e8 resistente e flessibile, ideale da portare sempre con s\u00e9 durante le uscite quotidiane. Basta riempirla con acqua prima della passeggiata per poter risciacquare facilmente l\u2019area interessata, evitando cattivi odori o situazioni di imbrattamento.<\/p>\n<p data-start=\"735\" data-end=\"997\">Compatta e discreta, la Bon Ton P\u00ec pu\u00f2 essere facilmente inserita in borsa, nello zaino o agganciata al guinzaglio, diventando un accessorio semplice ma estremamente utile per chi desidera prendersi cura dell\u2019ambiente urbano e rispettare gli spazi condivisi.<\/p>\n<p data-start=\"999\" data-end=\"1393\">\u00c8 importante ricordare che consentire al proprio cane di urinare su veicoli, edifici o propriet\u00e0 altrui pu\u00f2 essere considerato un reato di imbrattamento, previsto dall\u2019articolo 639 del Codice Penale, con sanzioni che possono variare da 100 a 3000 euro. Utilizzare una bottiglietta come la Bon Ton P\u00ec rappresenta quindi un gesto di educazione civica e rispetto per gli altri.<\/p>","protected":false},"featured_media":7183,"comment_status":"closed","ping_status":"closed","template":"","meta":[],"product_brand":[],"product_cat":[55,63,65,19],"product_tag":[],"discount-clusters":[],"collezioni":[],"eco-friendly":[],"animal-type":[272],"designer":[315],"stagionalita":[],"class_list":{"0":"post-5830","1":"product","2":"type-product","3":"status-publish","4":"has-post-thumbnail","6":"product_cat-cane","7":"product_cat-casa","8":"product_cat-ciotole-e-accessori","9":"product_cat-passeggio","10":"animal-type-cane","11":"designer-jannu-carillo","13":"first","14":"outofstock","15":"shipping-taxable","16":"purchasable","17":"product-type-variable","18":"has-default-attributes"},"_links":{"self":[{"href":"https:\/\/unitedpets.com\/de\/wp-json\/wp\/v2\/product\/5830","targetHints":{"allow":["GET"]}}],"collection":[{"href":"https:\/\/unitedpets.com\/de\/wp-json\/wp\/v2\/product"}],"about":[{"href":"https:\/\/unitedpets.com\/de\/wp-json\/wp\/v2\/types\/product"}],"replies":[{"embeddable":true,"href":"https:\/\/unitedpets.com\/de\/wp-json\/wp\/v2\/comments?post=5830"}],"wp:featuredmedia":[{"embeddable":true,"href":"https:\/\/unitedpets.com\/de\/wp-json\/wp\/v2\/media\/7183"}],"wp:attachment":[{"href":"https:\/\/unitedpets.com\/de\/wp-json\/wp\/v2\/media?parent=5830"}],"wp:term":[{"taxonomy":"product_brand","embeddable":true,"href":"https:\/\/unitedpets.com\/de\/wp-json\/wp\/v2\/product_brand?post=5830"},{"taxonomy":"product_cat","embeddable":true,"href":"https:\/\/unitedpets.com\/de\/wp-json\/wp\/v2\/product_cat?post=5830"},{"taxonomy":"product_tag","embeddable":true,"href":"https:\/\/unitedpets.com\/de\/wp-json\/wp\/v2\/product_tag?post=5830"},{"taxonomy":"discount-clusters","embeddable":true,"href":"https:\/\/unitedpets.com\/de\/wp-json\/wp\/v2\/discount-clusters?post=5830"},{"taxonomy":"collezioni","embeddable":true,"href":"https:\/\/unitedpets.com\/de\/wp-json\/wp\/v2\/collezioni?post=5830"},{"taxonomy":"eco-friendly","embeddable":true,"href":"https:\/\/unitedpets.com\/de\/wp-json\/wp\/v2\/eco-friendly?post=5830"},{"taxonomy":"animal-type","embeddable":true,"href":"https:\/\/unitedpets.com\/de\/wp-json\/wp\/v2\/animal-type?post=5830"},{"taxonomy":"designer","embeddable":true,"href":"https:\/\/unitedpets.com\/de\/wp-json\/wp\/v2\/designer?post=5830"},{"taxonomy":"stagionalita","embeddable":true,"href":"https:\/\/unitedpets.com\/de\/wp-json\/wp\/v2\/stagionalita?post=5830"}],"curies":[{"name":"wp","href":"https:\/\/api.w.org\/{rel}","templated":true}]}}