{"id":5835,"date":"2025-05-14T10:22:49","date_gmt":"2025-05-14T08:22:49","guid":{"rendered":"https:\/\/eba.hmy.temporary.site\/prodotto\/bon-ton-provencal\/"},"modified":"2026-04-12T14:03:36","modified_gmt":"2026-04-12T12:03:36","slug":"bon-ton-provencal","status":"publish","type":"product","link":"https:\/\/unitedpets.com\/de\/prodotto\/bon-ton-provencal\/","title":{"rendered":"Dispenser porta sacchettini per cani &#8220;Bon Ton Proven\u00e7al&#8221;"},"content":{"rendered":"<h3>Dispenser porta sacchettini per cani &#8220;Bon Ton Proven\u00e7al&#8221;<\/h3>\n<p>Praktischer hygienischer Beutelspender, knochenf\u00f6rmig oder \u00fcberarbeitet f\u00fcr spezielle Sammlungen. Ideal f\u00fcr kleine Hunde, enth\u00e4lt eine Rolle mit 10 biologisch abbaubaren Beuteln.<\/p>","protected":false},"excerpt":{"rendered":"<p><a href=\"https:\/\/unitedpets.com\/de\/produkt\/bon-ton-provencal\/\">Compra ora<\/a> il dispenser porta sacchettini per cani Bon Ton Proven\u00e7al \u00e8 un accessorio pratico e compatto, pensato per rendere pi\u00f9 semplici e organizzate le passeggiate quotidiane con il tuo cane. Il suo design iconico a forma di osso, disponibile anche in versioni dedicate a collezioni speciali, unisce funzionalit\u00e0 e stile in un formato leggero e facile da trasportare.<\/p>\n<p>Ideale per cani di piccola taglia, il dispenser include un rotolo da 10 sacchetti biodegradabili, permettendo di avere sempre a disposizione tutto il necessario per mantenere puliti gli spazi pubblici durante le uscite. Il formato Nano \u00e8 compatto e discreto, perfetto da agganciare al guinzaglio, alla borsa o alla cintura, garantendo praticit\u00e0 e accesso rapido ai sacchetti quando necessario.<\/p>\n<p>Pratico, leggero e funzionale, il dispenser Bon Ton Proven\u00e7a \u00e8 l\u2019accessorio ideale per chi cerca una soluzione comoda e dal design originale per accompagnare ogni passeggiata con il proprio cane<\/p>","protected":false},"featured_media":7191,"comment_status":"closed","ping_status":"closed","template":"","meta":[],"product_brand":[],"product_cat":[55,19,62],"product_tag":[],"discount-clusters":[],"collezioni":[333],"eco-friendly":[328],"animal-type":[272],"designer":[307],"stagionalita":[],"class_list":{"0":"post-5835","1":"product","2":"type-product","3":"status-publish","4":"has-post-thumbnail","6":"product_cat-cane","7":"product_cat-passeggio","8":"product_cat-porta-sacchetti","9":"collezioni-ld","10":"eco-friendly-yes","11":"animal-type-cane","12":"designer-ilaria-gibertini-e-miriam-mirri","14":"first","15":"outofstock","16":"shipping-taxable","17":"purchasable","18":"product-type-variable","19":"has-default-attributes"},"_links":{"self":[{"href":"https:\/\/unitedpets.com\/de\/wp-json\/wp\/v2\/product\/5835","targetHints":{"allow":["GET"]}}],"collection":[{"href":"https:\/\/unitedpets.com\/de\/wp-json\/wp\/v2\/product"}],"about":[{"href":"https:\/\/unitedpets.com\/de\/wp-json\/wp\/v2\/types\/product"}],"replies":[{"embeddable":true,"href":"https:\/\/unitedpets.com\/de\/wp-json\/wp\/v2\/comments?post=5835"}],"wp:featuredmedia":[{"embeddable":true,"href":"https:\/\/unitedpets.com\/de\/wp-json\/wp\/v2\/media\/7191"}],"wp:attachment":[{"href":"https:\/\/unitedpets.com\/de\/wp-json\/wp\/v2\/media?parent=5835"}],"wp:term":[{"taxonomy":"product_brand","embeddable":true,"href":"https:\/\/unitedpets.com\/de\/wp-json\/wp\/v2\/product_brand?post=5835"},{"taxonomy":"product_cat","embeddable":true,"href":"https:\/\/unitedpets.com\/de\/wp-json\/wp\/v2\/product_cat?post=5835"},{"taxonomy":"product_tag","embeddable":true,"href":"https:\/\/unitedpets.com\/de\/wp-json\/wp\/v2\/product_tag?post=5835"},{"taxonomy":"discount-clusters","embeddable":true,"href":"https:\/\/unitedpets.com\/de\/wp-json\/wp\/v2\/discount-clusters?post=5835"},{"taxonomy":"collezioni","embeddable":true,"href":"https:\/\/unitedpets.com\/de\/wp-json\/wp\/v2\/collezioni?post=5835"},{"taxonomy":"eco-friendly","embeddable":true,"href":"https:\/\/unitedpets.com\/de\/wp-json\/wp\/v2\/eco-friendly?post=5835"},{"taxonomy":"animal-type","embeddable":true,"href":"https:\/\/unitedpets.com\/de\/wp-json\/wp\/v2\/animal-type?post=5835"},{"taxonomy":"designer","embeddable":true,"href":"https:\/\/unitedpets.com\/de\/wp-json\/wp\/v2\/designer?post=5835"},{"taxonomy":"stagionalita","embeddable":true,"href":"https:\/\/unitedpets.com\/de\/wp-json\/wp\/v2\/stagionalita?post=5835"}],"curies":[{"name":"wp","href":"https:\/\/api.w.org\/{rel}","templated":true}]}}