{"id":5850,"date":"2025-05-14T10:23:37","date_gmt":"2025-05-14T08:23:37","guid":{"rendered":"https:\/\/eba.hmy.temporary.site\/prodotto\/boss-piccola\/"},"modified":"2026-04-16T23:03:30","modified_gmt":"2026-04-16T21:03:30","slug":"kleiner-chef","status":"publish","type":"product","link":"https:\/\/unitedpets.com\/de\/prodotto\/boss-piccola\/","title":{"rendered":"Kleiner Napf f\u00fcr brachycephale Hunde \u201eBoss\u201c"},"content":{"rendered":"<h3>Kleiner Napf f\u00fcr brachycephale Hunde \u201eBoss\u201c<\/h3>\n<p>Futter- und Wassernapf f\u00fcr Hunde. Dank seiner schr\u00e4gen Form ist er ideal f\u00fcr brachycephale Hunde. Er ist sp\u00fclmaschinenfest und rutschfest.<\/p>","protected":false},"excerpt":{"rendered":"<p data-start=\"0\" data-end=\"163\">La <a href=\"https:\/\/unitedpets.com\/de\/produkt\/kleiner-chef\/%e2%80%8e\/\">ciotola\u00a0piccola <strong data-start=\"11\" data-end=\"19\">Boss<\/strong><\/a> \u00e8 pensata per offrire comfort e praticit\u00e0 durante i momenti del pasto del tuo cane risultando ideale sia per contenere cibo che acqua<\/p>\n<p data-start=\"165\" data-end=\"362\">La particolare forma inclinata facilita l\u2019accesso al contenuto rendendola una soluzione perfetta soprattutto per cani brachicefali aiutandoli a mangiare e bere in modo pi\u00f9 naturale e confortevole<\/p>\n<p data-start=\"364\" data-end=\"570\">Realizzata con materiali resistenti \u00e8 progettata per l\u2019uso quotidiano e garantisce stabilit\u00e0 grazie alla base antiscivolo che aiuta a mantenerla ferma durante l\u2019utilizzo evitando spostamenti sul pavimento<\/p>\n<p data-start=\"572\" data-end=\"721\">\u00c8 inoltre lavabile in lavastoviglie caratteristica che rende la pulizia semplice e veloce permettendo di mantenere sempre un buon livello di igiene<\/p>\n<p data-start=\"723\" data-end=\"829\" data-is-last-node=\"\" data-is-only-node=\"\">Una ciotola funzionale e pratica pensata per migliorare l\u2019esperienza del pasto del tuo cane ogni giorno<\/p>","protected":false},"featured_media":12407,"comment_status":"closed","ping_status":"closed","template":"","meta":[],"product_brand":[],"product_cat":[55,63,65],"product_tag":[],"discount-clusters":[],"collezioni":[],"eco-friendly":[328],"animal-type":[272],"designer":[311],"stagionalita":[],"class_list":{"0":"post-5850","1":"product","2":"type-product","3":"status-publish","4":"has-post-thumbnail","6":"product_cat-cane","7":"product_cat-casa","8":"product_cat-ciotole-e-accessori","9":"eco-friendly-yes","10":"animal-type-cane","11":"designer-andrea-vecera","13":"first","14":"outofstock","15":"shipping-taxable","16":"purchasable","17":"product-type-variable","18":"has-default-attributes"},"_links":{"self":[{"href":"https:\/\/unitedpets.com\/de\/wp-json\/wp\/v2\/product\/5850","targetHints":{"allow":["GET"]}}],"collection":[{"href":"https:\/\/unitedpets.com\/de\/wp-json\/wp\/v2\/product"}],"about":[{"href":"https:\/\/unitedpets.com\/de\/wp-json\/wp\/v2\/types\/product"}],"replies":[{"embeddable":true,"href":"https:\/\/unitedpets.com\/de\/wp-json\/wp\/v2\/comments?post=5850"}],"wp:featuredmedia":[{"embeddable":true,"href":"https:\/\/unitedpets.com\/de\/wp-json\/wp\/v2\/media\/12407"}],"wp:attachment":[{"href":"https:\/\/unitedpets.com\/de\/wp-json\/wp\/v2\/media?parent=5850"}],"wp:term":[{"taxonomy":"product_brand","embeddable":true,"href":"https:\/\/unitedpets.com\/de\/wp-json\/wp\/v2\/product_brand?post=5850"},{"taxonomy":"product_cat","embeddable":true,"href":"https:\/\/unitedpets.com\/de\/wp-json\/wp\/v2\/product_cat?post=5850"},{"taxonomy":"product_tag","embeddable":true,"href":"https:\/\/unitedpets.com\/de\/wp-json\/wp\/v2\/product_tag?post=5850"},{"taxonomy":"discount-clusters","embeddable":true,"href":"https:\/\/unitedpets.com\/de\/wp-json\/wp\/v2\/discount-clusters?post=5850"},{"taxonomy":"collezioni","embeddable":true,"href":"https:\/\/unitedpets.com\/de\/wp-json\/wp\/v2\/collezioni?post=5850"},{"taxonomy":"eco-friendly","embeddable":true,"href":"https:\/\/unitedpets.com\/de\/wp-json\/wp\/v2\/eco-friendly?post=5850"},{"taxonomy":"animal-type","embeddable":true,"href":"https:\/\/unitedpets.com\/de\/wp-json\/wp\/v2\/animal-type?post=5850"},{"taxonomy":"designer","embeddable":true,"href":"https:\/\/unitedpets.com\/de\/wp-json\/wp\/v2\/designer?post=5850"},{"taxonomy":"stagionalita","embeddable":true,"href":"https:\/\/unitedpets.com\/de\/wp-json\/wp\/v2\/stagionalita?post=5850"}],"curies":[{"name":"wp","href":"https:\/\/api.w.org\/{rel}","templated":true}]}}