{"id":5882,"date":"2025-05-14T10:23:47","date_gmt":"2025-05-14T08:23:47","guid":{"rendered":"https:\/\/eba.hmy.temporary.site\/prodotto\/capsule-collection-polar-jacket\/"},"modified":"2026-04-16T16:03:40","modified_gmt":"2026-04-16T14:03:40","slug":"capsule-collection-polar-jacke","status":"publish","type":"product","link":"https:\/\/unitedpets.com\/de\/prodotto\/capsule-collection-polar-jacket\/","title":{"rendered":"Leichte Daunenjacken f\u00fcr Hunde \u201cPolar Jacket\u201d"},"content":{"rendered":"<h3>Leichte Daunenjacken f\u00fcr Hunde \u201cPolar Jacket\u201d<\/h3>\n<p>Leichte und strapazierf\u00e4hige Daunenjacken. Einfaches Anziehen dank des praktischen Klettverschlusses. Weicher Wollkragen und \u00c4rmel sorgen f\u00fcr Komfort und maximale Bewegungsfreiheit. Wattierung 100% tierversuchsfrei.<\/p>","protected":false},"excerpt":{"rendered":"<p data-start=\"66\" data-end=\"393\"><a href=\"https:\/\/unitedpets.com\/de\/produkt\/capsule-collection-polar-jacke\/?attribute_pa_colore=blu-nero&amp;attribute_pa_taglia=30\">Acquista ora!<\/a> I piumini leggeri per cani Polar Jacket della Capsule Collection sono pensati per offrire protezione, comfort e praticit\u00e0 durante le giornate pi\u00f9 fresche. Realizzati con materiali resistenti e leggeri, garantiscono al tuo cane calore senza appesantire, permettendogli di muoversi con naturalezza durante le passeggiate.<\/p>\n<p data-start=\"395\" data-end=\"738\">Questi piumini leggeri per cani sono facili da indossare grazie alla pratica chiusura con velcro, che permette una vestibilit\u00e0 rapida e regolabile. Il collo e le maniche in morbida lana assicurano una piacevole sensazione di comfort e contribuiscono a mantenere il calore, offrendo al tempo stesso massima libert\u00e0 di movimento.<\/p>\n<p data-start=\"740\" data-end=\"1094\" data-is-last-node=\"\" data-is-only-node=\"\">L\u2019imbottitura 100% animal-free rende il capo una scelta responsabile e funzionale, ideale per proteggere il cane dal freddo mantenendo leggerezza e comodit\u00e0. I piumini leggeri per cani Polar Jacket uniscono design moderno e praticit\u00e0, diventando il capo perfetto per accompagnare il tuo cane nelle giornate pi\u00f9 fresche con stile e comfort.<\/p>","protected":false},"featured_media":7236,"comment_status":"closed","ping_status":"closed","template":"","meta":[],"product_brand":[],"product_cat":[390,71],"product_tag":[],"discount-clusters":[387],"collezioni":[333],"eco-friendly":[],"animal-type":[272],"designer":[277],"stagionalita":[],"class_list":{"0":"post-5882","1":"product","2":"type-product","3":"status-publish","4":"has-post-thumbnail","6":"product_cat-outlet","7":"product_cat-abbigliamento","8":"discount-clusters-387","9":"collezioni-ld","10":"animal-type-cane","11":"designer-gianfranco-primiceri","13":"first","14":"outofstock","15":"sale","16":"shipping-taxable","17":"purchasable","18":"product-type-variable","19":"has-default-attributes"},"_links":{"self":[{"href":"https:\/\/unitedpets.com\/de\/wp-json\/wp\/v2\/product\/5882","targetHints":{"allow":["GET"]}}],"collection":[{"href":"https:\/\/unitedpets.com\/de\/wp-json\/wp\/v2\/product"}],"about":[{"href":"https:\/\/unitedpets.com\/de\/wp-json\/wp\/v2\/types\/product"}],"replies":[{"embeddable":true,"href":"https:\/\/unitedpets.com\/de\/wp-json\/wp\/v2\/comments?post=5882"}],"wp:featuredmedia":[{"embeddable":true,"href":"https:\/\/unitedpets.com\/de\/wp-json\/wp\/v2\/media\/7236"}],"wp:attachment":[{"href":"https:\/\/unitedpets.com\/de\/wp-json\/wp\/v2\/media?parent=5882"}],"wp:term":[{"taxonomy":"product_brand","embeddable":true,"href":"https:\/\/unitedpets.com\/de\/wp-json\/wp\/v2\/product_brand?post=5882"},{"taxonomy":"product_cat","embeddable":true,"href":"https:\/\/unitedpets.com\/de\/wp-json\/wp\/v2\/product_cat?post=5882"},{"taxonomy":"product_tag","embeddable":true,"href":"https:\/\/unitedpets.com\/de\/wp-json\/wp\/v2\/product_tag?post=5882"},{"taxonomy":"discount-clusters","embeddable":true,"href":"https:\/\/unitedpets.com\/de\/wp-json\/wp\/v2\/discount-clusters?post=5882"},{"taxonomy":"collezioni","embeddable":true,"href":"https:\/\/unitedpets.com\/de\/wp-json\/wp\/v2\/collezioni?post=5882"},{"taxonomy":"eco-friendly","embeddable":true,"href":"https:\/\/unitedpets.com\/de\/wp-json\/wp\/v2\/eco-friendly?post=5882"},{"taxonomy":"animal-type","embeddable":true,"href":"https:\/\/unitedpets.com\/de\/wp-json\/wp\/v2\/animal-type?post=5882"},{"taxonomy":"designer","embeddable":true,"href":"https:\/\/unitedpets.com\/de\/wp-json\/wp\/v2\/designer?post=5882"},{"taxonomy":"stagionalita","embeddable":true,"href":"https:\/\/unitedpets.com\/de\/wp-json\/wp\/v2\/stagionalita?post=5882"}],"curies":[{"name":"wp","href":"https:\/\/api.w.org\/{rel}","templated":true}]}}