{"id":5891,"date":"2025-05-14T10:23:50","date_gmt":"2025-05-14T08:23:50","guid":{"rendered":"https:\/\/eba.hmy.temporary.site\/prodotto\/car-box\/"},"modified":"2026-04-10T17:03:21","modified_gmt":"2026-04-10T15:03:21","slug":"auto-box","status":"publish","type":"product","link":"https:\/\/unitedpets.com\/de\/prodotto\/car-box\/","title":{"rendered":"Autositz f\u00fcr Hunde \u2013 Car Box"},"content":{"rendered":"<h3>Autositz f\u00fcr Hunde \u2013 Car Box<\/h3>\n<p>Car Box \u00e8 un seggiolino auto per cani adatto a qualunque auto, con un sistema di fissaggio al sedile e alla cintura di sicurezza che garantir\u00e0 al tuo pet la massima stabilit\u00e0. Facilmente richiudibile, presenta due moschettoni di sicurezza per agganciare la pettorina del cane e una fodera interna estraibile e lavabile a mano. \u00c9 consigliabile utilizzare una pettorina e non un collare, cos\u00ec da evitare eventuali traumi in caso di brusca frenata. Car box \u00e8 realizzato in tessuto riciclato al 100% da bottiglie in PET.<\/p>","protected":false},"excerpt":{"rendered":"<p><a href=\"https:\/\/unitedpets.com\/de\/produkt\/auto-box\/\">Auto-Box<\/a> \u00e8 un seggiolino auto per cani adatto a qualunque auto, con un sistema di fissaggio al sedile e alla cintura di sicurezza che garantir\u00e0 al tuo pet la massima stabilit\u00e0. Facilmente richiudibile, presenta due moschettoni di sicurezza per agganciare la pettorina del cane e una fodera interna estraibile e lavabile a mano. \u00c9 consigliabile utilizzare una pettorina e non un collare, cos\u00ec da evitare eventuali traumi in caso di brusca frenata. Car box \u00e8 realizzato in tessuto riciclato al 100% da bottiglie in PET.<\/p>","protected":false},"featured_media":7244,"comment_status":"closed","ping_status":"closed","template":"","meta":[],"product_brand":[],"product_cat":[55,68,67],"product_tag":[96],"discount-clusters":[],"collezioni":[333],"eco-friendly":[328],"animal-type":[272],"designer":[302,306],"stagionalita":[116],"class_list":{"0":"post-5891","1":"product","2":"type-product","3":"status-publish","4":"has-post-thumbnail","6":"product_cat-cane","7":"product_cat-borse-e-trasportini","8":"product_cat-viaggio-e-trasporto","9":"product_tag-collab","10":"collezioni-ld","11":"eco-friendly-yes","12":"animal-type-cane","13":"designer-tucano-s-r-l","14":"designer-united-pets","15":"stagionalita-travel-collection","17":"first","18":"outofstock","19":"shipping-taxable","20":"purchasable","21":"product-type-variable","22":"has-default-attributes"},"df_price":125.5,"df_sale_price":"","df_regular_price":125.5,"df_image_link":"https:\/\/unitedpets.com\/wp-content\/uploads\/2025\/05\/UPTU1701NR_00-scaled.jpg","_links":{"self":[{"href":"https:\/\/unitedpets.com\/de\/wp-json\/wp\/v2\/product\/5891","targetHints":{"allow":["GET"]}}],"collection":[{"href":"https:\/\/unitedpets.com\/de\/wp-json\/wp\/v2\/product"}],"about":[{"href":"https:\/\/unitedpets.com\/de\/wp-json\/wp\/v2\/types\/product"}],"replies":[{"embeddable":true,"href":"https:\/\/unitedpets.com\/de\/wp-json\/wp\/v2\/comments?post=5891"}],"wp:featuredmedia":[{"embeddable":true,"href":"https:\/\/unitedpets.com\/de\/wp-json\/wp\/v2\/media\/7244"}],"wp:attachment":[{"href":"https:\/\/unitedpets.com\/de\/wp-json\/wp\/v2\/media?parent=5891"}],"wp:term":[{"taxonomy":"product_brand","embeddable":true,"href":"https:\/\/unitedpets.com\/de\/wp-json\/wp\/v2\/product_brand?post=5891"},{"taxonomy":"product_cat","embeddable":true,"href":"https:\/\/unitedpets.com\/de\/wp-json\/wp\/v2\/product_cat?post=5891"},{"taxonomy":"product_tag","embeddable":true,"href":"https:\/\/unitedpets.com\/de\/wp-json\/wp\/v2\/product_tag?post=5891"},{"taxonomy":"discount-clusters","embeddable":true,"href":"https:\/\/unitedpets.com\/de\/wp-json\/wp\/v2\/discount-clusters?post=5891"},{"taxonomy":"collezioni","embeddable":true,"href":"https:\/\/unitedpets.com\/de\/wp-json\/wp\/v2\/collezioni?post=5891"},{"taxonomy":"eco-friendly","embeddable":true,"href":"https:\/\/unitedpets.com\/de\/wp-json\/wp\/v2\/eco-friendly?post=5891"},{"taxonomy":"animal-type","embeddable":true,"href":"https:\/\/unitedpets.com\/de\/wp-json\/wp\/v2\/animal-type?post=5891"},{"taxonomy":"designer","embeddable":true,"href":"https:\/\/unitedpets.com\/de\/wp-json\/wp\/v2\/designer?post=5891"},{"taxonomy":"stagionalita","embeddable":true,"href":"https:\/\/unitedpets.com\/de\/wp-json\/wp\/v2\/stagionalita?post=5891"}],"curies":[{"name":"wp","href":"https:\/\/api.w.org\/{rel}","templated":true}]}}