{"id":5894,"date":"2025-05-14T10:23:53","date_gmt":"2025-05-14T08:23:53","guid":{"rendered":"https:\/\/eba.hmy.temporary.site\/prodotto\/car-mat\/"},"modified":"2026-04-13T05:03:30","modified_gmt":"2026-04-13T03:03:30","slug":"autoteppich","status":"publish","type":"product","link":"https:\/\/unitedpets.com\/de\/prodotto\/car-mat\/","title":{"rendered":"Autositzbezug f\u00fcr Hunde \u201eCar Mat\u201c"},"content":{"rendered":"<h3>Autositzbezug f\u00fcr Hunde \u201eCar Mat\u201c<\/h3>\n<p>Keine Haare mehr im Auto dank der Car Mat for Dogs, einem praktischen Universalbezug, der in zwei Gr\u00f6\u00dfen erh\u00e4ltlich ist: f\u00fcr Einzelsitze und f\u00fcr Doppelsitze und Kofferraum. Sie verf\u00fcgt \u00fcber verstellbare B\u00e4nder, Klettverschl\u00fcsse an den Ecken und eine leichte Polsterung f\u00fcr einen weicheren, stabileren Sitz f\u00fcr Ihr Haustier. Hergestellt aus 100%, einem recycelten Stoff aus PET-Flaschen.<\/p>","protected":false},"excerpt":{"rendered":"<p><a href=\"https:\/\/unitedpets.com\/de\/produkt\/autoteppich\/\">Acquista ora la Car Mat<\/a> e non avrai pi\u00f9 peli in auto grazie al coprisedile auto per cani Car Mat per cani, una pratica copertura universale disponibile in due dimensioni: per sedili singoli e per sedili doppi e bauli. Presenta lacci regolabili, velcro sugli angoli e una leggera imbottitura per una seduta pi\u00f9 morbida e stabie per il tuo pet. Realizzato in tessuto riciclato al 100% da bottiglie in PET.<\/p>","protected":false},"featured_media":7254,"comment_status":"closed","ping_status":"closed","template":"","meta":[],"product_brand":[],"product_cat":[55,68,67],"product_tag":[96],"discount-clusters":[],"collezioni":[],"eco-friendly":[328],"animal-type":[272],"designer":[],"stagionalita":[116],"class_list":{"0":"post-5894","1":"product","2":"type-product","3":"status-publish","4":"has-post-thumbnail","6":"product_cat-cane","7":"product_cat-borse-e-trasportini","8":"product_cat-viaggio-e-trasporto","9":"product_tag-collab","10":"eco-friendly-yes","11":"animal-type-cane","12":"stagionalita-travel-collection","14":"first","15":"outofstock","16":"shipping-taxable","17":"purchasable","18":"product-type-variable","19":"has-default-attributes"},"_links":{"self":[{"href":"https:\/\/unitedpets.com\/de\/wp-json\/wp\/v2\/product\/5894","targetHints":{"allow":["GET"]}}],"collection":[{"href":"https:\/\/unitedpets.com\/de\/wp-json\/wp\/v2\/product"}],"about":[{"href":"https:\/\/unitedpets.com\/de\/wp-json\/wp\/v2\/types\/product"}],"replies":[{"embeddable":true,"href":"https:\/\/unitedpets.com\/de\/wp-json\/wp\/v2\/comments?post=5894"}],"wp:featuredmedia":[{"embeddable":true,"href":"https:\/\/unitedpets.com\/de\/wp-json\/wp\/v2\/media\/7254"}],"wp:attachment":[{"href":"https:\/\/unitedpets.com\/de\/wp-json\/wp\/v2\/media?parent=5894"}],"wp:term":[{"taxonomy":"product_brand","embeddable":true,"href":"https:\/\/unitedpets.com\/de\/wp-json\/wp\/v2\/product_brand?post=5894"},{"taxonomy":"product_cat","embeddable":true,"href":"https:\/\/unitedpets.com\/de\/wp-json\/wp\/v2\/product_cat?post=5894"},{"taxonomy":"product_tag","embeddable":true,"href":"https:\/\/unitedpets.com\/de\/wp-json\/wp\/v2\/product_tag?post=5894"},{"taxonomy":"discount-clusters","embeddable":true,"href":"https:\/\/unitedpets.com\/de\/wp-json\/wp\/v2\/discount-clusters?post=5894"},{"taxonomy":"collezioni","embeddable":true,"href":"https:\/\/unitedpets.com\/de\/wp-json\/wp\/v2\/collezioni?post=5894"},{"taxonomy":"eco-friendly","embeddable":true,"href":"https:\/\/unitedpets.com\/de\/wp-json\/wp\/v2\/eco-friendly?post=5894"},{"taxonomy":"animal-type","embeddable":true,"href":"https:\/\/unitedpets.com\/de\/wp-json\/wp\/v2\/animal-type?post=5894"},{"taxonomy":"designer","embeddable":true,"href":"https:\/\/unitedpets.com\/de\/wp-json\/wp\/v2\/designer?post=5894"},{"taxonomy":"stagionalita","embeddable":true,"href":"https:\/\/unitedpets.com\/de\/wp-json\/wp\/v2\/stagionalita?post=5894"}],"curies":[{"name":"wp","href":"https:\/\/api.w.org\/{rel}","templated":true}]}}