{"id":5906,"date":"2025-05-14T10:25:03","date_gmt":"2025-05-14T08:25:03","guid":{"rendered":"https:\/\/eba.hmy.temporary.site\/prodotto\/chalet\/"},"modified":"2026-04-16T07:02:40","modified_gmt":"2026-04-16T05:02:40","slug":"chalet","status":"publish","type":"product","link":"https:\/\/unitedpets.com\/de\/prodotto\/chalet\/","title":{"rendered":"Chalet\u201c Zwinger f\u00fcr Hunde und Katzen"},"content":{"rendered":"<p>2 in 1: Zwinger Chalet. Chalet ist eine faltbare Hundeh\u00fctte, die sich leicht in ein Haus verwandeln l\u00e4sst. Sie eignet sich sowohl f\u00fcr kleine\/mittelgro\u00dfe Hunde als auch f\u00fcr Katzen und ist auch f\u00fcr Welpen ideal. Der Zwinger ist f\u00fcr alle Jahreszeiten geeignet und dank der dicken Polsterung sehr weich. Dank des praktischen Griffs l\u00e4sst sie sich leicht transportieren.<\/p>","protected":false},"excerpt":{"rendered":"<p>2 in 1: Zwinger Chalet. Chalet ist eine faltbare Hundeh\u00fctte, die sich leicht in ein Haus verwandeln l\u00e4sst. Sie eignet sich sowohl f\u00fcr kleine\/mittelgro\u00dfe Hunde als auch f\u00fcr Katzen und ist auch f\u00fcr Welpen ideal. Der Zwinger ist f\u00fcr alle Jahreszeiten geeignet und dank der dicken Polsterung sehr weich. Dank des praktischen Griffs l\u00e4sst sie sich leicht transportieren.<\/p>","protected":false},"featured_media":7317,"comment_status":"closed","ping_status":"closed","template":"","meta":[],"product_brand":[],"product_cat":[390],"product_tag":[],"discount-clusters":[401],"collezioni":[],"eco-friendly":[],"animal-type":[272],"designer":[304],"stagionalita":[],"class_list":{"0":"post-5906","1":"product","2":"type-product","3":"status-publish","4":"has-post-thumbnail","6":"product_cat-outlet","7":"discount-clusters-401","8":"animal-type-cane","9":"designer-carlo-dameno-e-monica-ferrigno","11":"first","12":"outofstock","13":"sale","14":"shipping-taxable","15":"purchasable","16":"product-type-variable","17":"has-default-attributes"},"_links":{"self":[{"href":"https:\/\/unitedpets.com\/de\/wp-json\/wp\/v2\/product\/5906","targetHints":{"allow":["GET"]}}],"collection":[{"href":"https:\/\/unitedpets.com\/de\/wp-json\/wp\/v2\/product"}],"about":[{"href":"https:\/\/unitedpets.com\/de\/wp-json\/wp\/v2\/types\/product"}],"replies":[{"embeddable":true,"href":"https:\/\/unitedpets.com\/de\/wp-json\/wp\/v2\/comments?post=5906"}],"wp:featuredmedia":[{"embeddable":true,"href":"https:\/\/unitedpets.com\/de\/wp-json\/wp\/v2\/media\/7317"}],"wp:attachment":[{"href":"https:\/\/unitedpets.com\/de\/wp-json\/wp\/v2\/media?parent=5906"}],"wp:term":[{"taxonomy":"product_brand","embeddable":true,"href":"https:\/\/unitedpets.com\/de\/wp-json\/wp\/v2\/product_brand?post=5906"},{"taxonomy":"product_cat","embeddable":true,"href":"https:\/\/unitedpets.com\/de\/wp-json\/wp\/v2\/product_cat?post=5906"},{"taxonomy":"product_tag","embeddable":true,"href":"https:\/\/unitedpets.com\/de\/wp-json\/wp\/v2\/product_tag?post=5906"},{"taxonomy":"discount-clusters","embeddable":true,"href":"https:\/\/unitedpets.com\/de\/wp-json\/wp\/v2\/discount-clusters?post=5906"},{"taxonomy":"collezioni","embeddable":true,"href":"https:\/\/unitedpets.com\/de\/wp-json\/wp\/v2\/collezioni?post=5906"},{"taxonomy":"eco-friendly","embeddable":true,"href":"https:\/\/unitedpets.com\/de\/wp-json\/wp\/v2\/eco-friendly?post=5906"},{"taxonomy":"animal-type","embeddable":true,"href":"https:\/\/unitedpets.com\/de\/wp-json\/wp\/v2\/animal-type?post=5906"},{"taxonomy":"designer","embeddable":true,"href":"https:\/\/unitedpets.com\/de\/wp-json\/wp\/v2\/designer?post=5906"},{"taxonomy":"stagionalita","embeddable":true,"href":"https:\/\/unitedpets.com\/de\/wp-json\/wp\/v2\/stagionalita?post=5906"}],"curies":[{"name":"wp","href":"https:\/\/api.w.org\/{rel}","templated":true}]}}