{"id":5930,"date":"2025-05-14T10:27:31","date_gmt":"2025-05-14T08:27:31","guid":{"rendered":"https:\/\/eba.hmy.temporary.site\/prodotto\/complete-me-bull\/"},"modified":"2026-04-13T12:03:51","modified_gmt":"2026-04-13T10:03:51","slug":"komplettiere-mich-stier","status":"publish","type":"product","link":"https:\/\/unitedpets.com\/de\/prodotto\/complete-me-bull\/","title":{"rendered":"Weicher \u201cBull\u201d-Hundekapuzenpullover\u201d"},"content":{"rendered":"<h3>Weicher \u201cBull\u201d-Hundekapuzenpullover\u201d<\/h3>\n<p>Morbida Felpa con cappuccio dall\u2019ottima vestibilit\u00e0. Ideali per proteggere il cane dai primi freddi grazie al morbido interno felpato e caldo. Realizzate in cotone ed elastan.<\/p>","protected":false},"excerpt":{"rendered":"<p><a href=\"https:\/\/unitedpets.com\/de\/produkt\/komplettiere-mich-stier\/?attribute_pa_colore=bianco&amp;attribute_pa_taglia=30\">Jetzt kaufen <\/a>La felpa con cappuccio per cani Complete Me Bull \u00e8 pensata per offrire al tuo cane comfort, calore e uno stile moderno durante le giornate pi\u00f9 fresche. Grazie alla sua ottima vestibilit\u00e0, si adatta perfettamente alla corporatura del cane garantendo libert\u00e0 di movimento e praticit\u00e0 nelle passeggiate quotidiane.<\/p>\n<p data-start=\"395\" data-end=\"655\">L\u2019interno morbido e felpato aiuta a proteggere il cane dai primi freddi, mantenendo il corpo caldo e offrendo una piacevole sensazione di comfort. Il cappuccio aggiunge un tocco di stile sportivo, rendendo questo capo pratico e allo stesso tempo alla moda.<\/p>\n<p data-start=\"657\" data-end=\"957\" data-is-last-node=\"\" data-is-only-node=\"\">Realizzata in cotone ed elastan, la felpa garantisce morbidezza, traspirabilit\u00e0 ed elasticit\u00e0, permettendo al cane di muoversi con naturalezza. Parte della linea Complete Me, questa felpa \u00e8 ideale per completare il look del tuo cane con un capo confortevole, caldo e curato nei dettagli.<\/p>","protected":false},"featured_media":7667,"comment_status":"closed","ping_status":"closed","template":"","meta":[],"product_brand":[],"product_cat":[390,71],"product_tag":[],"discount-clusters":[387],"collezioni":[333],"eco-friendly":[],"animal-type":[272],"designer":[277],"stagionalita":[],"class_list":{"0":"post-5930","1":"product","2":"type-product","3":"status-publish","4":"has-post-thumbnail","6":"product_cat-outlet","7":"product_cat-abbigliamento","8":"discount-clusters-387","9":"collezioni-ld","10":"animal-type-cane","11":"designer-gianfranco-primiceri","13":"first","14":"outofstock","15":"sale","16":"shipping-taxable","17":"purchasable","18":"product-type-variable","19":"has-default-attributes"},"_links":{"self":[{"href":"https:\/\/unitedpets.com\/de\/wp-json\/wp\/v2\/product\/5930","targetHints":{"allow":["GET"]}}],"collection":[{"href":"https:\/\/unitedpets.com\/de\/wp-json\/wp\/v2\/product"}],"about":[{"href":"https:\/\/unitedpets.com\/de\/wp-json\/wp\/v2\/types\/product"}],"replies":[{"embeddable":true,"href":"https:\/\/unitedpets.com\/de\/wp-json\/wp\/v2\/comments?post=5930"}],"wp:featuredmedia":[{"embeddable":true,"href":"https:\/\/unitedpets.com\/de\/wp-json\/wp\/v2\/media\/7667"}],"wp:attachment":[{"href":"https:\/\/unitedpets.com\/de\/wp-json\/wp\/v2\/media?parent=5930"}],"wp:term":[{"taxonomy":"product_brand","embeddable":true,"href":"https:\/\/unitedpets.com\/de\/wp-json\/wp\/v2\/product_brand?post=5930"},{"taxonomy":"product_cat","embeddable":true,"href":"https:\/\/unitedpets.com\/de\/wp-json\/wp\/v2\/product_cat?post=5930"},{"taxonomy":"product_tag","embeddable":true,"href":"https:\/\/unitedpets.com\/de\/wp-json\/wp\/v2\/product_tag?post=5930"},{"taxonomy":"discount-clusters","embeddable":true,"href":"https:\/\/unitedpets.com\/de\/wp-json\/wp\/v2\/discount-clusters?post=5930"},{"taxonomy":"collezioni","embeddable":true,"href":"https:\/\/unitedpets.com\/de\/wp-json\/wp\/v2\/collezioni?post=5930"},{"taxonomy":"eco-friendly","embeddable":true,"href":"https:\/\/unitedpets.com\/de\/wp-json\/wp\/v2\/eco-friendly?post=5930"},{"taxonomy":"animal-type","embeddable":true,"href":"https:\/\/unitedpets.com\/de\/wp-json\/wp\/v2\/animal-type?post=5930"},{"taxonomy":"designer","embeddable":true,"href":"https:\/\/unitedpets.com\/de\/wp-json\/wp\/v2\/designer?post=5930"},{"taxonomy":"stagionalita","embeddable":true,"href":"https:\/\/unitedpets.com\/de\/wp-json\/wp\/v2\/stagionalita?post=5930"}],"curies":[{"name":"wp","href":"https:\/\/api.w.org\/{rel}","templated":true}]}}