{"id":6041,"date":"2025-05-14T10:28:24","date_gmt":"2025-05-14T08:28:24","guid":{"rendered":"https:\/\/eba.hmy.temporary.site\/prodotto\/complete-me-pettorina-camouflage\/"},"modified":"2026-04-15T16:03:30","modified_gmt":"2026-04-15T14:03:30","slug":"complete-me-camouflage-latzchen","status":"publish","type":"product","link":"https:\/\/unitedpets.com\/de\/prodotto\/complete-me-pettorina-camouflage\/","title":{"rendered":"Complete Me &#8211; Pettorina Camouflage"},"content":{"rendered":"<h3>Complete Me &#8211; Pettorina Camouflage<\/h3>\n<p>Verstellbares L\u00e4tzchen aus weichem Nylon, mit rostfreien Kleinteilen mit Liebe zum Detail. Ausgestattet mit Klettverschluss zum Anbringen von niedlichen Aufn\u00e4hern und dank des Clipverschlusses leicht anzulegen. Stellen Sie sich Ihr eigenes Zubeh\u00f6rset zusammen! Die Complete Me Linie besteht aus einem Halsband, einer Leine, einem Geschirr, einem Spender, einem Twilly und dekorativen Aufn\u00e4hern. W\u00e4hlen Sie Ihr Lieblingsmuster oder kombinieren Sie die verschiedenen Muster, um Ihren Stil und den Ihres Haustiers zum Ausdruck zu bringen.<\/p>","protected":false},"excerpt":{"rendered":"<p>Complete Me - L\u00e4tzchen \u201cCamouflage\u201d ist verstellbar und aus weichem Nylon gefertigt, mit rostfreier Hardware, die mit viel Liebe zum Detail verarbeitet wurde. Dank des praktischen Clipverschlusses l\u00e4sst es sich leicht anziehen und ist mit einem Klettverschluss zum Anbringen von niedlichen dekorativen Aufn\u00e4hern ausgestattet. Stellen Sie sich mit dem Complete Me - \u201cCamouflage\u201d-Geschirr Ihr pers\u00f6nliches Zubeh\u00f6rset zusammen: Die Complete Me-Linie umfasst Halsband, Leine, Geschirr, Spender, Twilly und Zieraufn\u00e4her. W\u00e4hlen Sie das Muster, das Sie am besten repr\u00e4sentiert, oder kombinieren Sie verschiedene Muster, um Ihren Stil und den Ihres Haustiers zum Ausdruck zu bringen.<\/p>","protected":false},"featured_media":7881,"comment_status":"closed","ping_status":"closed","template":"","meta":[],"product_brand":[],"product_cat":[390],"product_tag":[],"discount-clusters":[387],"collezioni":[332,333],"eco-friendly":[],"animal-type":[272],"designer":[277],"stagionalita":[],"class_list":{"0":"post-6041","1":"product","2":"type-product","3":"status-publish","4":"has-post-thumbnail","6":"product_cat-outlet","7":"discount-clusters-387","8":"collezioni-gcm","9":"collezioni-ld","10":"animal-type-cane","11":"designer-gianfranco-primiceri","13":"first","14":"outofstock","15":"sale","16":"shipping-taxable","17":"purchasable","18":"product-type-variable","19":"has-default-attributes"},"_links":{"self":[{"href":"https:\/\/unitedpets.com\/de\/wp-json\/wp\/v2\/product\/6041","targetHints":{"allow":["GET"]}}],"collection":[{"href":"https:\/\/unitedpets.com\/de\/wp-json\/wp\/v2\/product"}],"about":[{"href":"https:\/\/unitedpets.com\/de\/wp-json\/wp\/v2\/types\/product"}],"replies":[{"embeddable":true,"href":"https:\/\/unitedpets.com\/de\/wp-json\/wp\/v2\/comments?post=6041"}],"wp:featuredmedia":[{"embeddable":true,"href":"https:\/\/unitedpets.com\/de\/wp-json\/wp\/v2\/media\/7881"}],"wp:attachment":[{"href":"https:\/\/unitedpets.com\/de\/wp-json\/wp\/v2\/media?parent=6041"}],"wp:term":[{"taxonomy":"product_brand","embeddable":true,"href":"https:\/\/unitedpets.com\/de\/wp-json\/wp\/v2\/product_brand?post=6041"},{"taxonomy":"product_cat","embeddable":true,"href":"https:\/\/unitedpets.com\/de\/wp-json\/wp\/v2\/product_cat?post=6041"},{"taxonomy":"product_tag","embeddable":true,"href":"https:\/\/unitedpets.com\/de\/wp-json\/wp\/v2\/product_tag?post=6041"},{"taxonomy":"discount-clusters","embeddable":true,"href":"https:\/\/unitedpets.com\/de\/wp-json\/wp\/v2\/discount-clusters?post=6041"},{"taxonomy":"collezioni","embeddable":true,"href":"https:\/\/unitedpets.com\/de\/wp-json\/wp\/v2\/collezioni?post=6041"},{"taxonomy":"eco-friendly","embeddable":true,"href":"https:\/\/unitedpets.com\/de\/wp-json\/wp\/v2\/eco-friendly?post=6041"},{"taxonomy":"animal-type","embeddable":true,"href":"https:\/\/unitedpets.com\/de\/wp-json\/wp\/v2\/animal-type?post=6041"},{"taxonomy":"designer","embeddable":true,"href":"https:\/\/unitedpets.com\/de\/wp-json\/wp\/v2\/designer?post=6041"},{"taxonomy":"stagionalita","embeddable":true,"href":"https:\/\/unitedpets.com\/de\/wp-json\/wp\/v2\/stagionalita?post=6041"}],"curies":[{"name":"wp","href":"https:\/\/api.w.org\/{rel}","templated":true}]}}