{"id":6102,"date":"2025-05-14T10:28:41","date_gmt":"2025-05-14T08:28:41","guid":{"rendered":"https:\/\/eba.hmy.temporary.site\/prodotto\/complete-me-deco-forever\/"},"modified":"2026-04-13T19:03:41","modified_gmt":"2026-04-13T17:03:41","slug":"complete-me-deco-forever","status":"publish","type":"product","link":"https:\/\/unitedpets.com\/de\/prodotto\/complete-me-deco-forever\/","title":{"rendered":"Complete Me &#8211; Dec\u00f2 Forever"},"content":{"rendered":"<h3>Complete Me &#8211; Dec\u00f2 Forever<\/h3>\n<p>Set mit 3 Dekorationen, um Ihr Zubeh\u00f6r zu versch\u00f6nern. Ausgestattet mit Klettverschluss, k\u00f6nnen sie an Leinen und Halsb\u00e4ndern der Complete Me Linie befestigt werden. Jede Packung enth\u00e4lt ein United Pets-Logo, eine kleine Blume und eine Fliege. Stellen Sie Ihr eigenes Zubeh\u00f6r zusammen! Die Complete Me Linie besteht aus einem Halsband, einer Leine, einem Geschirr, einem Spender, einem Twilly und dekorativen Aufn\u00e4hern. W\u00e4hlen Sie Ihr Lieblingsmuster oder kombinieren Sie die verschiedenen Muster, um Ihren Stil und den Ihres Haustiers zum Ausdruck zu bringen.<\/p>","protected":false},"excerpt":{"rendered":"<p>Complete Me &#8211; Dec\u00f2 &#8220;Forever&#8221; \u00e8 un set di 3 decorazioni per impreziosire i tuoi accessori. Dotati di velcro, possono essere attaccati a guinzagli e collari della linea Complete Me. Ogni confezione contiene un logo United Pets, un fiorellino e un papillon. Crea il tuo set di accessori personalizzato con Complete Me &#8211; Dec\u00f2 &#8220;Forever&#8221;! La linea Complete Me si compone di collare, guinzaglio, pettorina, dispenser, twilly e patch decorative. Scegli la tua fantasia preferita o combina i diversi pattern per esprimere il tuo stile e quello del tuo pet.<\/p>","protected":false},"featured_media":7929,"comment_status":"closed","ping_status":"closed","template":"","meta":[],"product_brand":[],"product_cat":[390],"product_tag":[],"discount-clusters":[387],"collezioni":[332],"eco-friendly":[],"animal-type":[272],"designer":[277],"stagionalita":[],"class_list":{"0":"post-6102","1":"product","2":"type-product","3":"status-publish","4":"has-post-thumbnail","6":"product_cat-outlet","7":"discount-clusters-387","8":"collezioni-gcm","9":"animal-type-cane","10":"designer-gianfranco-primiceri","12":"first","13":"outofstock","14":"sale","15":"shipping-taxable","16":"purchasable","17":"product-type-variable","18":"has-default-attributes"},"_links":{"self":[{"href":"https:\/\/unitedpets.com\/de\/wp-json\/wp\/v2\/product\/6102","targetHints":{"allow":["GET"]}}],"collection":[{"href":"https:\/\/unitedpets.com\/de\/wp-json\/wp\/v2\/product"}],"about":[{"href":"https:\/\/unitedpets.com\/de\/wp-json\/wp\/v2\/types\/product"}],"replies":[{"embeddable":true,"href":"https:\/\/unitedpets.com\/de\/wp-json\/wp\/v2\/comments?post=6102"}],"wp:featuredmedia":[{"embeddable":true,"href":"https:\/\/unitedpets.com\/de\/wp-json\/wp\/v2\/media\/7929"}],"wp:attachment":[{"href":"https:\/\/unitedpets.com\/de\/wp-json\/wp\/v2\/media?parent=6102"}],"wp:term":[{"taxonomy":"product_brand","embeddable":true,"href":"https:\/\/unitedpets.com\/de\/wp-json\/wp\/v2\/product_brand?post=6102"},{"taxonomy":"product_cat","embeddable":true,"href":"https:\/\/unitedpets.com\/de\/wp-json\/wp\/v2\/product_cat?post=6102"},{"taxonomy":"product_tag","embeddable":true,"href":"https:\/\/unitedpets.com\/de\/wp-json\/wp\/v2\/product_tag?post=6102"},{"taxonomy":"discount-clusters","embeddable":true,"href":"https:\/\/unitedpets.com\/de\/wp-json\/wp\/v2\/discount-clusters?post=6102"},{"taxonomy":"collezioni","embeddable":true,"href":"https:\/\/unitedpets.com\/de\/wp-json\/wp\/v2\/collezioni?post=6102"},{"taxonomy":"eco-friendly","embeddable":true,"href":"https:\/\/unitedpets.com\/de\/wp-json\/wp\/v2\/eco-friendly?post=6102"},{"taxonomy":"animal-type","embeddable":true,"href":"https:\/\/unitedpets.com\/de\/wp-json\/wp\/v2\/animal-type?post=6102"},{"taxonomy":"designer","embeddable":true,"href":"https:\/\/unitedpets.com\/de\/wp-json\/wp\/v2\/designer?post=6102"},{"taxonomy":"stagionalita","embeddable":true,"href":"https:\/\/unitedpets.com\/de\/wp-json\/wp\/v2\/stagionalita?post=6102"}],"curies":[{"name":"wp","href":"https:\/\/api.w.org\/{rel}","templated":true}]}}