{"id":6132,"date":"2025-05-14T10:29:01","date_gmt":"2025-05-14T08:29:01","guid":{"rendered":"https:\/\/eba.hmy.temporary.site\/prodotto\/complete-me-pettorina-forever\/"},"modified":"2026-04-06T19:03:27","modified_gmt":"2026-04-06T17:03:27","slug":"vervollstandige-mein-latzchen-fur-immer","status":"publish","type":"product","link":"https:\/\/unitedpets.com\/de\/prodotto\/complete-me-pettorina-forever\/","title":{"rendered":"Vervollst\u00e4ndige mich - L\u00e4tzchen"},"content":{"rendered":"<p>Complete me &#8211; Pettorina \u00e8 regolabile in morbido nylon, con minuterie inossidabili curate nel dettaglio. Dotata di velcro per l\u2019applicazione di simpatiche patch e facile da indossare grazie alla chiusura a clip. Crea il tuo set di accessori personalizzato! La linea Complete Me si compone di collare, guinzaglio, pettorina, dispenser, twilly e patch decorative. Scegli la tua fantasia preferita o combina i diversi pattern per esprimere il tuo stile e quello del tuo pet.<\/p>","protected":false},"excerpt":{"rendered":"<p>Complete me &#8211; Pettorina \u00e8 regolabile in morbido nylon, con minuterie inossidabili curate nel dettaglio. Dotata di velcro per l\u2019applicazione di simpatiche patch e facile da indossare grazie alla chiusura a clip. Crea il tuo set di accessori personalizzato! La linea Complete Me si compone di collare, guinzaglio, pettorina, dispenser, twilly e patch decorative. Scegli la tua fantasia preferita o combina i diversi pattern per esprimere il tuo stile e quello del tuo pet.<\/p>","protected":false},"featured_media":8295,"comment_status":"closed","ping_status":"closed","template":"","meta":[],"product_brand":[],"product_cat":[390],"product_tag":[],"discount-clusters":[387],"collezioni":[332,333],"eco-friendly":[],"animal-type":[272],"designer":[277],"stagionalita":[],"class_list":{"0":"post-6132","1":"product","2":"type-product","3":"status-publish","4":"has-post-thumbnail","6":"product_cat-outlet","7":"discount-clusters-387","8":"collezioni-gcm","9":"collezioni-ld","10":"animal-type-cane","11":"designer-gianfranco-primiceri","13":"first","14":"outofstock","15":"sale","16":"shipping-taxable","17":"purchasable","18":"product-type-variable","19":"has-default-attributes"},"df_price":32,"df_sale_price":16,"df_regular_price":32,"df_image_link":"https:\/\/unitedpets.com\/wp-content\/uploads\/2025\/06\/GPCMH22FX_00-234x300.jpg","_links":{"self":[{"href":"https:\/\/unitedpets.com\/de\/wp-json\/wp\/v2\/product\/6132","targetHints":{"allow":["GET"]}}],"collection":[{"href":"https:\/\/unitedpets.com\/de\/wp-json\/wp\/v2\/product"}],"about":[{"href":"https:\/\/unitedpets.com\/de\/wp-json\/wp\/v2\/types\/product"}],"replies":[{"embeddable":true,"href":"https:\/\/unitedpets.com\/de\/wp-json\/wp\/v2\/comments?post=6132"}],"wp:featuredmedia":[{"embeddable":true,"href":"https:\/\/unitedpets.com\/de\/wp-json\/wp\/v2\/media\/8295"}],"wp:attachment":[{"href":"https:\/\/unitedpets.com\/de\/wp-json\/wp\/v2\/media?parent=6132"}],"wp:term":[{"taxonomy":"product_brand","embeddable":true,"href":"https:\/\/unitedpets.com\/de\/wp-json\/wp\/v2\/product_brand?post=6132"},{"taxonomy":"product_cat","embeddable":true,"href":"https:\/\/unitedpets.com\/de\/wp-json\/wp\/v2\/product_cat?post=6132"},{"taxonomy":"product_tag","embeddable":true,"href":"https:\/\/unitedpets.com\/de\/wp-json\/wp\/v2\/product_tag?post=6132"},{"taxonomy":"discount-clusters","embeddable":true,"href":"https:\/\/unitedpets.com\/de\/wp-json\/wp\/v2\/discount-clusters?post=6132"},{"taxonomy":"collezioni","embeddable":true,"href":"https:\/\/unitedpets.com\/de\/wp-json\/wp\/v2\/collezioni?post=6132"},{"taxonomy":"eco-friendly","embeddable":true,"href":"https:\/\/unitedpets.com\/de\/wp-json\/wp\/v2\/eco-friendly?post=6132"},{"taxonomy":"animal-type","embeddable":true,"href":"https:\/\/unitedpets.com\/de\/wp-json\/wp\/v2\/animal-type?post=6132"},{"taxonomy":"designer","embeddable":true,"href":"https:\/\/unitedpets.com\/de\/wp-json\/wp\/v2\/designer?post=6132"},{"taxonomy":"stagionalita","embeddable":true,"href":"https:\/\/unitedpets.com\/de\/wp-json\/wp\/v2\/stagionalita?post=6132"}],"curies":[{"name":"wp","href":"https:\/\/api.w.org\/{rel}","templated":true}]}}