{"id":6190,"date":"2025-05-14T10:29:20","date_gmt":"2025-05-14T08:29:20","guid":{"rendered":"https:\/\/eba.hmy.temporary.site\/prodotto\/complete-me-dispenser-catene-argento\/"},"modified":"2026-04-14T18:03:15","modified_gmt":"2026-04-14T16:03:15","slug":"complete-me-dispenser-silberne-ketten","status":"publish","type":"product","link":"https:\/\/unitedpets.com\/de\/prodotto\/complete-me-dispenser-catene-argento\/","title":{"rendered":"Complete Me &#8211; Dispenser Catene argento"},"content":{"rendered":"<p>Hygienischer Beutelspender mit praktischem Karabinerhaken und Klettverschluss zum Anbringen von s\u00fc\u00dfen Aufn\u00e4hern. Enth\u00e4lt 2 Rollen mit 10 biologisch abbaubaren Beuteln, die dank des Rei\u00dfverschlusses leicht zu wechseln sind. Beide Nachf\u00fcllgr\u00f6\u00dfen Nano und Regular sind geeignet. Stellen Sie Ihr eigenes Zubeh\u00f6rset zusammen! Die Complete Me Linie besteht aus einem Halsband, einer Leine, einem Geschirr, einem Spender, einem Twilly und dekorativen Aufn\u00e4hern. W\u00e4hlen Sie Ihr Lieblingsmuster oder kombinieren Sie die verschiedenen Muster, um Ihren Stil und den Ihres Haustiers zum Ausdruck zu bringen.<\/p>","protected":false},"excerpt":{"rendered":"<p>Dispenser &#8220;Catene argento&#8221; \u00e8 un dispenser di sacchettini igienici con pratico moschettone e dotato di velcro per l\u2019applicazione di simpatiche patch. Contiene 2 rotolini da 10 sacchetti biodegradabili, facile da cambiare grazie alla chiusura a zip. Sono adatti entrambi i formati refill Nano e Regular. Crea il tuo set di accessori personalizzato! La linea Complete Me si compone di collare, guinzaglio, pettorina, dispenser, twilly e patch decorative. Scegli la tua fantasia preferita o combina i diversi pattern per esprimere il tuo stile e quello del tuo pet con il dispenser &#8220;Catene argento&#8221;.<\/p>","protected":false},"featured_media":8340,"comment_status":"closed","ping_status":"closed","template":"","meta":[],"product_brand":[],"product_cat":[390],"product_tag":[],"discount-clusters":[387],"collezioni":[332,333],"eco-friendly":[],"animal-type":[272],"designer":[277],"stagionalita":[],"class_list":{"0":"post-6190","1":"product","2":"type-product","3":"status-publish","4":"has-post-thumbnail","6":"product_cat-outlet","7":"discount-clusters-387","8":"collezioni-gcm","9":"collezioni-ld","10":"animal-type-cane","11":"designer-gianfranco-primiceri","13":"first","14":"outofstock","15":"sale","16":"shipping-taxable","17":"purchasable","18":"product-type-variable","19":"has-default-attributes"},"_links":{"self":[{"href":"https:\/\/unitedpets.com\/de\/wp-json\/wp\/v2\/product\/6190","targetHints":{"allow":["GET"]}}],"collection":[{"href":"https:\/\/unitedpets.com\/de\/wp-json\/wp\/v2\/product"}],"about":[{"href":"https:\/\/unitedpets.com\/de\/wp-json\/wp\/v2\/types\/product"}],"replies":[{"embeddable":true,"href":"https:\/\/unitedpets.com\/de\/wp-json\/wp\/v2\/comments?post=6190"}],"wp:featuredmedia":[{"embeddable":true,"href":"https:\/\/unitedpets.com\/de\/wp-json\/wp\/v2\/media\/8340"}],"wp:attachment":[{"href":"https:\/\/unitedpets.com\/de\/wp-json\/wp\/v2\/media?parent=6190"}],"wp:term":[{"taxonomy":"product_brand","embeddable":true,"href":"https:\/\/unitedpets.com\/de\/wp-json\/wp\/v2\/product_brand?post=6190"},{"taxonomy":"product_cat","embeddable":true,"href":"https:\/\/unitedpets.com\/de\/wp-json\/wp\/v2\/product_cat?post=6190"},{"taxonomy":"product_tag","embeddable":true,"href":"https:\/\/unitedpets.com\/de\/wp-json\/wp\/v2\/product_tag?post=6190"},{"taxonomy":"discount-clusters","embeddable":true,"href":"https:\/\/unitedpets.com\/de\/wp-json\/wp\/v2\/discount-clusters?post=6190"},{"taxonomy":"collezioni","embeddable":true,"href":"https:\/\/unitedpets.com\/de\/wp-json\/wp\/v2\/collezioni?post=6190"},{"taxonomy":"eco-friendly","embeddable":true,"href":"https:\/\/unitedpets.com\/de\/wp-json\/wp\/v2\/eco-friendly?post=6190"},{"taxonomy":"animal-type","embeddable":true,"href":"https:\/\/unitedpets.com\/de\/wp-json\/wp\/v2\/animal-type?post=6190"},{"taxonomy":"designer","embeddable":true,"href":"https:\/\/unitedpets.com\/de\/wp-json\/wp\/v2\/designer?post=6190"},{"taxonomy":"stagionalita","embeddable":true,"href":"https:\/\/unitedpets.com\/de\/wp-json\/wp\/v2\/stagionalita?post=6190"}],"curies":[{"name":"wp","href":"https:\/\/api.w.org\/{rel}","templated":true}]}}