{"id":6269,"date":"2025-05-14T10:30:12","date_gmt":"2025-05-14T08:30:12","guid":{"rendered":"https:\/\/eba.hmy.temporary.site\/prodotto\/easy-rain-new-collection\/"},"modified":"2026-04-03T23:03:26","modified_gmt":"2026-04-03T21:03:26","slug":"easy-rain-neue-kollektion","status":"publish","type":"product","link":"https:\/\/unitedpets.com\/de\/prodotto\/easy-rain-new-collection\/","title":{"rendered":"Hunderegenmantel \u201cEasy Rain - Neue Kollektion"},"content":{"rendered":"<h3>Impermeabile per cani &#8220;Easy Rain&#8221; &#8211; New Collection<\/h3>\n<p>Die Mackintoshes sind so konzipiert, dass sie Ihr Haustier vor Regen sch\u00fctzen. Sie verf\u00fcgen \u00fcber einen verstellbaren Klettverschluss und Kordelz\u00fcge am Hals und an den Hinterbeinen, die eine individuelle und sichere Passform gew\u00e4hrleisten. Das leichte und atmungsaktive Design sorgt f\u00fcr Komfort, w\u00e4hrend reflektierende Details die Sichtbarkeit bei schlechten Lichtverh\u00e4ltnissen verbessern.<\/p>","protected":false},"excerpt":{"rendered":"<p><a title=\"Acquista ora!\" href=\"https:\/\/unitedpets.com\/de\/produkt\/easy-rain-neue-kollektion\/?attribute_pa_colore=beige&amp;attribute_pa_taglia=28\">Acquista ora! Impermeabile per cani<\/a>\u00a0Easy Rain \u00e8 pensato per proteggere il tuo animale dalla pioggia, combinando funzionalit\u00e0 e comfort. Grazie alla fascia regolabile in velcro e alle coulisse al collo e sulle zampe posteriori, offre una vestibilit\u00e0 sicura e personalizzata che permette al tuo pet di muoversi liberamente senza fastidi. Il design leggero e traspirante mantiene il comfort anche durante le passeggiate pi\u00f9 lunghe, mentre i dettagli riflettenti aumentano la visibilit\u00e0 in condizioni di scarsa illuminazione, garantendo sicurezza e tranquillit\u00e0 sia all\u2019animale che al proprietario.<\/p>","protected":false},"featured_media":13060,"comment_status":"closed","ping_status":"closed","template":"","meta":[],"product_brand":[],"product_cat":[390,71],"product_tag":[],"discount-clusters":[387],"collezioni":[],"eco-friendly":[],"animal-type":[272],"designer":[306],"stagionalita":[],"class_list":{"0":"post-6269","1":"product","2":"type-product","3":"status-publish","4":"has-post-thumbnail","6":"product_cat-outlet","7":"product_cat-abbigliamento","8":"discount-clusters-387","9":"animal-type-cane","10":"designer-united-pets","12":"first","13":"outofstock","14":"sale","15":"shipping-taxable","16":"purchasable","17":"product-type-variable","18":"has-default-attributes"},"df_price":42,"df_sale_price":21,"df_regular_price":42,"df_image_link":"https:\/\/unitedpets.com\/wp-content\/uploads\/2025\/05\/UPER2155BE-234x300.jpg","_links":{"self":[{"href":"https:\/\/unitedpets.com\/de\/wp-json\/wp\/v2\/product\/6269","targetHints":{"allow":["GET"]}}],"collection":[{"href":"https:\/\/unitedpets.com\/de\/wp-json\/wp\/v2\/product"}],"about":[{"href":"https:\/\/unitedpets.com\/de\/wp-json\/wp\/v2\/types\/product"}],"replies":[{"embeddable":true,"href":"https:\/\/unitedpets.com\/de\/wp-json\/wp\/v2\/comments?post=6269"}],"wp:featuredmedia":[{"embeddable":true,"href":"https:\/\/unitedpets.com\/de\/wp-json\/wp\/v2\/media\/13060"}],"wp:attachment":[{"href":"https:\/\/unitedpets.com\/de\/wp-json\/wp\/v2\/media?parent=6269"}],"wp:term":[{"taxonomy":"product_brand","embeddable":true,"href":"https:\/\/unitedpets.com\/de\/wp-json\/wp\/v2\/product_brand?post=6269"},{"taxonomy":"product_cat","embeddable":true,"href":"https:\/\/unitedpets.com\/de\/wp-json\/wp\/v2\/product_cat?post=6269"},{"taxonomy":"product_tag","embeddable":true,"href":"https:\/\/unitedpets.com\/de\/wp-json\/wp\/v2\/product_tag?post=6269"},{"taxonomy":"discount-clusters","embeddable":true,"href":"https:\/\/unitedpets.com\/de\/wp-json\/wp\/v2\/discount-clusters?post=6269"},{"taxonomy":"collezioni","embeddable":true,"href":"https:\/\/unitedpets.com\/de\/wp-json\/wp\/v2\/collezioni?post=6269"},{"taxonomy":"eco-friendly","embeddable":true,"href":"https:\/\/unitedpets.com\/de\/wp-json\/wp\/v2\/eco-friendly?post=6269"},{"taxonomy":"animal-type","embeddable":true,"href":"https:\/\/unitedpets.com\/de\/wp-json\/wp\/v2\/animal-type?post=6269"},{"taxonomy":"designer","embeddable":true,"href":"https:\/\/unitedpets.com\/de\/wp-json\/wp\/v2\/designer?post=6269"},{"taxonomy":"stagionalita","embeddable":true,"href":"https:\/\/unitedpets.com\/de\/wp-json\/wp\/v2\/stagionalita?post=6269"}],"curies":[{"name":"wp","href":"https:\/\/api.w.org\/{rel}","templated":true}]}}