{"id":6324,"date":"2025-05-14T10:30:21","date_gmt":"2025-05-14T08:30:21","guid":{"rendered":"https:\/\/eba.hmy.temporary.site\/prodotto\/easy-rain-light-catene-azzurre\/"},"modified":"2026-04-17T04:03:01","modified_gmt":"2026-04-17T02:03:01","slug":"easy-rain-hellblaue-ketten-2","status":"publish","type":"product","link":"https:\/\/unitedpets.com\/de\/prodotto\/easy-rain-light-catene-azzurro\/","title":{"rendered":"Hunderegenmantel \u201cEasy Rain\u201d - Hellblau"},"content":{"rendered":"<h3>Hunderegenmantel \u201cEasy Rain\u201d - Hellblau<\/h3>\n<p>Die Mackintoshes sind so konzipiert, dass sie Ihr Haustier vor Regen sch\u00fctzen. Sie verf\u00fcgen \u00fcber einen verstellbaren Klettverschluss und Kordelz\u00fcge am Hals und an den Hinterbeinen, die eine individuelle und sichere Passform gew\u00e4hrleisten. Das leichte und atmungsaktive Design sorgt f\u00fcr Komfort, w\u00e4hrend reflektierende Details die Sichtbarkeit bei schlechten Lichtverh\u00e4ltnissen verbessern.<\/p>","protected":false},"excerpt":{"rendered":"<p><a href=\"https:\/\/unitedpets.com\/de\/produkt\/easy-rain-hellblaue-ketten-2\/?attribute_pa_colore=azzurro&amp;attribute_pa_taglia=28\">Acquista ora!<\/a> l&#8217;impermeabile per cani &#8220;easy Rain! che \u00e8 stato studiato per offrire una protezione completa del tuo animale dalla pioggia, assicurando che il pelo rimanga asciutto e il pet confortevole anche nelle giornate pi\u00f9 umide. L\u2019impermeabile \u00e8 dotato di fascia regolabile in velcro e coulisse al collo e alle zampe posteriori, permettendo una vestibilit\u00e0 su misura che garantisce sicurezza e libert\u00e0 di movimento. Il materiale leggero e traspirante contribuisce al comfort, evitando che l\u2019umidit\u00e0 interna crei disagio, mentre i dettagli riflettenti aumentano la visibilit\u00e0 in condizioni di scarsa illuminazione, rendendo le passeggiate serali pi\u00f9 sicure.<\/p>","protected":false},"featured_media":8510,"comment_status":"closed","ping_status":"closed","template":"","meta":[],"product_brand":[],"product_cat":[390,71],"product_tag":[],"discount-clusters":[387],"collezioni":[333],"eco-friendly":[],"animal-type":[272],"designer":[277],"stagionalita":[],"class_list":{"0":"post-6324","1":"product","2":"type-product","3":"status-publish","4":"has-post-thumbnail","6":"product_cat-outlet","7":"product_cat-abbigliamento","8":"discount-clusters-387","9":"collezioni-ld","10":"animal-type-cane","11":"designer-gianfranco-primiceri","13":"first","14":"outofstock","15":"sale","16":"shipping-taxable","17":"purchasable","18":"product-type-variable","19":"has-default-attributes"},"_links":{"self":[{"href":"https:\/\/unitedpets.com\/de\/wp-json\/wp\/v2\/product\/6324","targetHints":{"allow":["GET"]}}],"collection":[{"href":"https:\/\/unitedpets.com\/de\/wp-json\/wp\/v2\/product"}],"about":[{"href":"https:\/\/unitedpets.com\/de\/wp-json\/wp\/v2\/types\/product"}],"replies":[{"embeddable":true,"href":"https:\/\/unitedpets.com\/de\/wp-json\/wp\/v2\/comments?post=6324"}],"wp:featuredmedia":[{"embeddable":true,"href":"https:\/\/unitedpets.com\/de\/wp-json\/wp\/v2\/media\/8510"}],"wp:attachment":[{"href":"https:\/\/unitedpets.com\/de\/wp-json\/wp\/v2\/media?parent=6324"}],"wp:term":[{"taxonomy":"product_brand","embeddable":true,"href":"https:\/\/unitedpets.com\/de\/wp-json\/wp\/v2\/product_brand?post=6324"},{"taxonomy":"product_cat","embeddable":true,"href":"https:\/\/unitedpets.com\/de\/wp-json\/wp\/v2\/product_cat?post=6324"},{"taxonomy":"product_tag","embeddable":true,"href":"https:\/\/unitedpets.com\/de\/wp-json\/wp\/v2\/product_tag?post=6324"},{"taxonomy":"discount-clusters","embeddable":true,"href":"https:\/\/unitedpets.com\/de\/wp-json\/wp\/v2\/discount-clusters?post=6324"},{"taxonomy":"collezioni","embeddable":true,"href":"https:\/\/unitedpets.com\/de\/wp-json\/wp\/v2\/collezioni?post=6324"},{"taxonomy":"eco-friendly","embeddable":true,"href":"https:\/\/unitedpets.com\/de\/wp-json\/wp\/v2\/eco-friendly?post=6324"},{"taxonomy":"animal-type","embeddable":true,"href":"https:\/\/unitedpets.com\/de\/wp-json\/wp\/v2\/animal-type?post=6324"},{"taxonomy":"designer","embeddable":true,"href":"https:\/\/unitedpets.com\/de\/wp-json\/wp\/v2\/designer?post=6324"},{"taxonomy":"stagionalita","embeddable":true,"href":"https:\/\/unitedpets.com\/de\/wp-json\/wp\/v2\/stagionalita?post=6324"}],"curies":[{"name":"wp","href":"https:\/\/api.w.org\/{rel}","templated":true}]}}