{"id":6353,"date":"2025-05-14T10:30:44","date_gmt":"2025-05-14T08:30:44","guid":{"rendered":"https:\/\/eba.hmy.temporary.site\/prodotto\/gustosso\/"},"modified":"2026-04-17T10:03:12","modified_gmt":"2026-04-17T08:03:12","slug":"lecker","status":"publish","type":"product","link":"https:\/\/unitedpets.com\/de\/prodotto\/gustosso\/","title":{"rendered":"Gioco da masticazione per cani &#8220;Gustosso&#8221;"},"content":{"rendered":"<h3>Gioco da masticazione per cani &#8220;Gustosso&#8221;<\/h3>\n<p>Kauspielzeug f\u00fcr Hunde. Strapazierf\u00e4higes, verletzungsfreies und ungiftiges Material. Gustosso beugt zerst\u00f6rerischem Verhalten vor, indem es das Kaubed\u00fcrfnis Ihres vierbeinigen Freundes befriedigt. Dieses Spielzeug ist ideal f\u00fcr Hunde, die immer auf der Suche nach etwas zum Knabbern sind und bietet Spa\u00df und Gesundheit in einem. Gustosso regt den Speichelfluss an, f\u00f6rdert die Zahnhygiene und ist in 3 verschiedenen Geschmacksrichtungen erh\u00e4ltlich: Gelb: K\u00e4segeschmack. Rosa: Geschmacksrichtung Schinken. Schwarz: Tr\u00fcffelgeschmack. Die Verwendung von biologisch abbaubarem Material garantiert die Ungiftigkeit des Produkts und verringert so die sch\u00e4dlichen Folgen eines gelegentlichen Verschluckens. Die rei\u00dffeste Struktur des verwendeten Materials verhindert, dass sich St\u00fccke in einer Gr\u00f6\u00dfe ansammeln, die der Gesundheit des Hundes schaden k\u00f6nnte. Wir empfehlen Ihnen, Ihren Hund bei der Verwendung dieses Produkts stets zu beaufsichtigen.<\/p>","protected":false},"excerpt":{"rendered":"<p><a href=\"https:\/\/unitedpets.com\/de\/produkt\/lecker\/\">Kau-Spiel<\/a> per cani Gustosso progettato per offrire un\u2019esperienza completa di benessere, divertimento e stimolazione quotidiana, ideale per soddisfare il naturale bisogno di masticare del tuo amico a quattro zampe, questo accessorio rappresenta una soluzione efficace per prevenire comportamenti distruttivi e mantenere il cane sereno e appagato durante tutta la giornata<\/p>\n<p data-start=\"384\" data-end=\"824\">Realizzato con materiale resistente, anti lacerazione e atossico, Gustosso garantisce sicurezza e durata nel tempo anche in caso di utilizzo frequente, la speciale composizione biodegradabile riduce i rischi legati a eventuali ingestione accidentali, offrendo un prodotto pensato per la salute e la tranquillit\u00e0 del tuo pet, la struttura studiata evita la formazione di frammenti appuntiti o pericolosi contribuendo a un utilizzo pi\u00f9 sicuro<\/p>\n<p data-start=\"826\" data-end=\"1171\">Questo gioco da masticazione per cani stimola la salivazione favorendo una corretta igiene orale e aiutando a mantenere denti e gengive pi\u00f9 sani, trasformando ogni momento di gioco in un\u2019opportunit\u00e0 per prendersi cura del benessere del cane, perfetto per i cani che amano sgranocchiare e che necessitano di uno sfogo positivo per la loro energia<\/p>\n<p data-start=\"1173\" data-end=\"1513\">Disponibile in tre diversi aromi appetibili pensati per rendere il gioco ancora pi\u00f9 coinvolgente, Gustosso \u00e8 proposto nella variante gialla gusto formaggio, nella variante rosa gusto prosciutto e nella variante nera gusto tartufo, offrendo cos\u00ec una scelta adatta ai gusti di ogni cane e rendendo ogni sessione di gioco ancora pi\u00f9 stimolante<\/p>\n<p data-start=\"1515\" data-end=\"1894\" data-is-last-node=\"\" data-is-only-node=\"\">Scegliere Gustosso significa offrire al proprio cane un gioco da masticazione sicuro, resistente e progettato per migliorare la qualit\u00e0 della sua vita quotidiana, si consiglia di supervisionare sempre l\u2019animale durante l\u2019utilizzo per garantire un\u2019esperienza di gioco sicura e controllata, ideale per unire divertimento, salute dentale e benessere psicofisico in un unico prodotto<\/p>","protected":false},"featured_media":8599,"comment_status":"closed","ping_status":"closed","template":"","meta":[],"product_brand":[],"product_cat":[55,63,20],"product_tag":[],"discount-clusters":[],"collezioni":[],"eco-friendly":[328],"animal-type":[272],"designer":[303],"stagionalita":[],"class_list":{"0":"post-6353","1":"product","2":"type-product","3":"status-publish","4":"has-post-thumbnail","6":"product_cat-cane","7":"product_cat-casa","8":"product_cat-giochi-cane","9":"eco-friendly-yes","10":"animal-type-cane","11":"designer-alberto-caramello","13":"first","14":"outofstock","15":"shipping-taxable","16":"purchasable","17":"product-type-variable","18":"has-default-attributes"},"_links":{"self":[{"href":"https:\/\/unitedpets.com\/de\/wp-json\/wp\/v2\/product\/6353","targetHints":{"allow":["GET"]}}],"collection":[{"href":"https:\/\/unitedpets.com\/de\/wp-json\/wp\/v2\/product"}],"about":[{"href":"https:\/\/unitedpets.com\/de\/wp-json\/wp\/v2\/types\/product"}],"replies":[{"embeddable":true,"href":"https:\/\/unitedpets.com\/de\/wp-json\/wp\/v2\/comments?post=6353"}],"wp:featuredmedia":[{"embeddable":true,"href":"https:\/\/unitedpets.com\/de\/wp-json\/wp\/v2\/media\/8599"}],"wp:attachment":[{"href":"https:\/\/unitedpets.com\/de\/wp-json\/wp\/v2\/media?parent=6353"}],"wp:term":[{"taxonomy":"product_brand","embeddable":true,"href":"https:\/\/unitedpets.com\/de\/wp-json\/wp\/v2\/product_brand?post=6353"},{"taxonomy":"product_cat","embeddable":true,"href":"https:\/\/unitedpets.com\/de\/wp-json\/wp\/v2\/product_cat?post=6353"},{"taxonomy":"product_tag","embeddable":true,"href":"https:\/\/unitedpets.com\/de\/wp-json\/wp\/v2\/product_tag?post=6353"},{"taxonomy":"discount-clusters","embeddable":true,"href":"https:\/\/unitedpets.com\/de\/wp-json\/wp\/v2\/discount-clusters?post=6353"},{"taxonomy":"collezioni","embeddable":true,"href":"https:\/\/unitedpets.com\/de\/wp-json\/wp\/v2\/collezioni?post=6353"},{"taxonomy":"eco-friendly","embeddable":true,"href":"https:\/\/unitedpets.com\/de\/wp-json\/wp\/v2\/eco-friendly?post=6353"},{"taxonomy":"animal-type","embeddable":true,"href":"https:\/\/unitedpets.com\/de\/wp-json\/wp\/v2\/animal-type?post=6353"},{"taxonomy":"designer","embeddable":true,"href":"https:\/\/unitedpets.com\/de\/wp-json\/wp\/v2\/designer?post=6353"},{"taxonomy":"stagionalita","embeddable":true,"href":"https:\/\/unitedpets.com\/de\/wp-json\/wp\/v2\/stagionalita?post=6353"}],"curies":[{"name":"wp","href":"https:\/\/api.w.org\/{rel}","templated":true}]}}