{"id":6477,"date":"2025-05-14T10:33:31","date_gmt":"2025-05-14T08:33:31","guid":{"rendered":"https:\/\/eba.hmy.temporary.site\/prodotto\/polar-jacket-catene-argento\/"},"modified":"2026-04-14T18:03:15","modified_gmt":"2026-04-14T16:03:15","slug":"polarjacke-silberketten","status":"publish","type":"product","link":"https:\/\/unitedpets.com\/de\/prodotto\/polar-jacket-catene-argento\/","title":{"rendered":"Leichte \u201cPolar Jacket\u201d Hundedecken - Silberketten"},"content":{"rendered":"<h3>Leichte \u201cPolar Jacket\u201d Hundedecken - Silberketten<\/h3>\n<p>Leichte und robuste Daunenjacken, inspiriert von der Welt des Sports. Dank der beiden Kordelz\u00fcge im G\u00fcrtelbereich k\u00f6nnen sie an jede Gr\u00f6\u00dfe angepasst werden. Der weiche Wollkragen und die \u00c4rmel sorgen f\u00fcr Komfort und maximale Bewegungsfreiheit. Wattierung 100% tierversuchsfrei.<\/p>","protected":false},"excerpt":{"rendered":"<p><a title=\"Acquista ora!\" href=\"https:\/\/unitedpets.com\/de\/produkt\/polarjacke-silberketten\/?attribute_pa_colore=bianco&amp;attribute_pa_taglia=30\">Jetzt kaufen <strong data-start=\"121\" data-end=\"181\">Piumini leggeri per cani &#8220;Polar Jacket&#8221; \u2013 Catene argento<\/strong>:<\/a> proteggi il tuo cane dal freddo con stile grazie ai piumini per cani Polar Jacket. Resistenti e ispirati al mondo dello sport, si adattano perfettamente a ogni taglia grazie alle due coulisse regolabili sul sottopancia. Il collo e le maniche in morbida lana assicurano massimo comfort e libert\u00e0 di movimento, mentre l\u2019imbottitura 100% animal-free mantiene il tuo cane caldo senza compromessi etici. Perfetti per passeggiate autunnali e giornate fredde, i piumini leggeri per cani Polar Jacket uniscono funzionalit\u00e0, stile e comfort: il capo ideale per prendersi cura del tuo amico a quattro zampe.<\/p>","protected":false},"featured_media":12258,"comment_status":"closed","ping_status":"closed","template":"","meta":[],"product_brand":[],"product_cat":[390,71],"product_tag":[],"discount-clusters":[387],"collezioni":[333],"eco-friendly":[],"animal-type":[272],"designer":[277],"stagionalita":[],"class_list":{"0":"post-6477","1":"product","2":"type-product","3":"status-publish","4":"has-post-thumbnail","6":"product_cat-outlet","7":"product_cat-abbigliamento","8":"discount-clusters-387","9":"collezioni-ld","10":"animal-type-cane","11":"designer-gianfranco-primiceri","13":"first","14":"outofstock","15":"sale","16":"shipping-taxable","17":"purchasable","18":"product-type-variable","19":"has-default-attributes"},"_links":{"self":[{"href":"https:\/\/unitedpets.com\/de\/wp-json\/wp\/v2\/product\/6477","targetHints":{"allow":["GET"]}}],"collection":[{"href":"https:\/\/unitedpets.com\/de\/wp-json\/wp\/v2\/product"}],"about":[{"href":"https:\/\/unitedpets.com\/de\/wp-json\/wp\/v2\/types\/product"}],"replies":[{"embeddable":true,"href":"https:\/\/unitedpets.com\/de\/wp-json\/wp\/v2\/comments?post=6477"}],"wp:featuredmedia":[{"embeddable":true,"href":"https:\/\/unitedpets.com\/de\/wp-json\/wp\/v2\/media\/12258"}],"wp:attachment":[{"href":"https:\/\/unitedpets.com\/de\/wp-json\/wp\/v2\/media?parent=6477"}],"wp:term":[{"taxonomy":"product_brand","embeddable":true,"href":"https:\/\/unitedpets.com\/de\/wp-json\/wp\/v2\/product_brand?post=6477"},{"taxonomy":"product_cat","embeddable":true,"href":"https:\/\/unitedpets.com\/de\/wp-json\/wp\/v2\/product_cat?post=6477"},{"taxonomy":"product_tag","embeddable":true,"href":"https:\/\/unitedpets.com\/de\/wp-json\/wp\/v2\/product_tag?post=6477"},{"taxonomy":"discount-clusters","embeddable":true,"href":"https:\/\/unitedpets.com\/de\/wp-json\/wp\/v2\/discount-clusters?post=6477"},{"taxonomy":"collezioni","embeddable":true,"href":"https:\/\/unitedpets.com\/de\/wp-json\/wp\/v2\/collezioni?post=6477"},{"taxonomy":"eco-friendly","embeddable":true,"href":"https:\/\/unitedpets.com\/de\/wp-json\/wp\/v2\/eco-friendly?post=6477"},{"taxonomy":"animal-type","embeddable":true,"href":"https:\/\/unitedpets.com\/de\/wp-json\/wp\/v2\/animal-type?post=6477"},{"taxonomy":"designer","embeddable":true,"href":"https:\/\/unitedpets.com\/de\/wp-json\/wp\/v2\/designer?post=6477"},{"taxonomy":"stagionalita","embeddable":true,"href":"https:\/\/unitedpets.com\/de\/wp-json\/wp\/v2\/stagionalita?post=6477"}],"curies":[{"name":"wp","href":"https:\/\/api.w.org\/{rel}","templated":true}]}}