{"id":6490,"date":"2025-05-14T10:33:34","date_gmt":"2025-05-14T08:33:34","guid":{"rendered":"https:\/\/eba.hmy.temporary.site\/prodotto\/pursie\/"},"modified":"2026-04-13T12:03:51","modified_gmt":"2026-04-13T10:03:51","slug":"pursie","status":"publish","type":"product","link":"https:\/\/unitedpets.com\/de\/prodotto\/pursie\/","title":{"rendered":"Faltbares Reisekissen mit Griff \u201ePursie\u201c"},"content":{"rendered":"<h3>Faltbares Reisekissen mit Griff \u201ePursie\u201c<\/h3>\n<p>Pursie ist das neue weiche Reisekissen. Vollst\u00e4ndig in Italien hergestellt, ist es praktisch und leicht zu transportieren und jederzeit einfach zu \u00f6ffnen und zu schlie\u00dfen. Innen ist es aus gestepptem Stoff (mit gestickten Details in der blauen und grauen Version), um einen bequemen Sitz f\u00fcr Ihren Freund zu garantieren, w\u00e4hrend es au\u00dfen aus einem wasser- und schmutzabweisenden Material besteht, das daf\u00fcr sorgt, dass es f\u00fcr lange Zeit sauber bleibt. Maschinenwaschbar bei 30<\/p>","protected":false},"excerpt":{"rendered":"<p data-start=\"0\" data-end=\"386\"><a href=\"https:\/\/unitedpets.com\/de\/produkt\/pursie\/\">Cuscino da viaggio pieghevole<\/a> con manico Pursie progettato per offrire comfort e praticit\u00e0 durante gli spostamenti del tuo amico a quattro zampe, questo morbido cuscino rappresenta la soluzione ideale per garantire una seduta comoda e sicura in ogni occasione, che sia in auto, in viaggio o durante le pause all\u2019aperto, trasformando ogni spostamento in un momento di relax per il cane<\/p>\n<p data-start=\"388\" data-end=\"757\">Interamente prodotto in Italia, Pursie unisce qualit\u00e0 artigianale e materiali selezionati per assicurare durata e resistenza nel tempo, il design leggero e pieghevole lo rende estremamente pratico da trasportare grazie al manico integrato, permettendo di aprirlo e richiuderlo con facilit\u00e0 ovunque sia necessario, senza complicazioni e senza occupare spazio eccessivo<\/p>\n<p data-start=\"759\" data-end=\"1065\">All\u2019interno, il cuscino \u00e8 realizzato in tessuto trapuntato con dettagli ricamati nelle versioni blu e grigio, garantendo un supporto morbido e confortevole che assicura al cane una seduta comoda e rilassante, ideale per proteggere muscoli e articolazioni durante il riposo o i momenti di pausa fuori casa<\/p>\n<p data-start=\"1067\" data-end=\"1420\">L\u2019esterno del cuscino \u00e8 realizzato in materiale impermeabile e antimacchia, pensato per resistere all\u2019usura quotidiana e per mantenere il prodotto pulito pi\u00f9 a lungo, facilitando cos\u00ec la manutenzione anche durante l\u2019uso frequente e assicurando un\u2019igiene costante, mentre la possibilit\u00e0 di lavarlo in lavatrice a 30\u00b0C rende la pulizia semplice e veloce<\/p>\n<p data-start=\"1422\" data-end=\"1746\" data-is-last-node=\"\" data-is-only-node=\"\">Scegli il cuscino da viaggio pieghevole Pursie per garantire al tuo cane comfort, sicurezza e praticit\u00e0 in ogni situazione, un accessorio versatile che unisce stile e funzionalit\u00e0, perfetto per accompagnare il tuo amico a quattro zampe durante ogni spostamento e per assicurargli un riposo comodo e protetto ovunque si trovi<\/p>","protected":false},"featured_media":9227,"comment_status":"closed","ping_status":"closed","template":"","meta":[],"product_brand":[],"product_cat":[55,63,64],"product_tag":[],"discount-clusters":[],"collezioni":[],"eco-friendly":[],"animal-type":[272],"designer":[304],"stagionalita":[],"class_list":{"0":"post-6490","1":"product","2":"type-product","3":"status-publish","4":"has-post-thumbnail","6":"product_cat-cane","7":"product_cat-casa","8":"product_cat-cucce-e-cuscini","9":"animal-type-cane","10":"designer-carlo-dameno-e-monica-ferrigno","12":"first","13":"outofstock","14":"shipping-taxable","15":"purchasable","16":"product-type-variable","17":"has-default-attributes"},"_links":{"self":[{"href":"https:\/\/unitedpets.com\/de\/wp-json\/wp\/v2\/product\/6490","targetHints":{"allow":["GET"]}}],"collection":[{"href":"https:\/\/unitedpets.com\/de\/wp-json\/wp\/v2\/product"}],"about":[{"href":"https:\/\/unitedpets.com\/de\/wp-json\/wp\/v2\/types\/product"}],"replies":[{"embeddable":true,"href":"https:\/\/unitedpets.com\/de\/wp-json\/wp\/v2\/comments?post=6490"}],"wp:featuredmedia":[{"embeddable":true,"href":"https:\/\/unitedpets.com\/de\/wp-json\/wp\/v2\/media\/9227"}],"wp:attachment":[{"href":"https:\/\/unitedpets.com\/de\/wp-json\/wp\/v2\/media?parent=6490"}],"wp:term":[{"taxonomy":"product_brand","embeddable":true,"href":"https:\/\/unitedpets.com\/de\/wp-json\/wp\/v2\/product_brand?post=6490"},{"taxonomy":"product_cat","embeddable":true,"href":"https:\/\/unitedpets.com\/de\/wp-json\/wp\/v2\/product_cat?post=6490"},{"taxonomy":"product_tag","embeddable":true,"href":"https:\/\/unitedpets.com\/de\/wp-json\/wp\/v2\/product_tag?post=6490"},{"taxonomy":"discount-clusters","embeddable":true,"href":"https:\/\/unitedpets.com\/de\/wp-json\/wp\/v2\/discount-clusters?post=6490"},{"taxonomy":"collezioni","embeddable":true,"href":"https:\/\/unitedpets.com\/de\/wp-json\/wp\/v2\/collezioni?post=6490"},{"taxonomy":"eco-friendly","embeddable":true,"href":"https:\/\/unitedpets.com\/de\/wp-json\/wp\/v2\/eco-friendly?post=6490"},{"taxonomy":"animal-type","embeddable":true,"href":"https:\/\/unitedpets.com\/de\/wp-json\/wp\/v2\/animal-type?post=6490"},{"taxonomy":"designer","embeddable":true,"href":"https:\/\/unitedpets.com\/de\/wp-json\/wp\/v2\/designer?post=6490"},{"taxonomy":"stagionalita","embeddable":true,"href":"https:\/\/unitedpets.com\/de\/wp-json\/wp\/v2\/stagionalita?post=6490"}],"curies":[{"name":"wp","href":"https:\/\/api.w.org\/{rel}","templated":true}]}}