{"id":6493,"date":"2025-05-14T10:33:37","date_gmt":"2025-05-14T08:33:37","guid":{"rendered":"https:\/\/eba.hmy.temporary.site\/prodotto\/quetzal\/"},"modified":"2026-04-10T20:03:03","modified_gmt":"2026-04-10T18:03:03","slug":"quetzal","status":"publish","type":"product","link":"https:\/\/unitedpets.com\/de\/prodotto\/quetzal\/","title":{"rendered":"L\u00f6ffel f\u00fcr Nassfutter \u201eQuetzal\u201c"},"content":{"rendered":"<h3>L\u00f6ffel f\u00fcr Nassfutter \u201eQuetzal\u201c<\/h3>\n<p>Quetzal ist ein L\u00f6ffel f\u00fcr Nassfutter. Die Spitze hilft, die Nahrung in den Ecken der Dose zu finden. Sp\u00fclmaschinenfest.<\/p>","protected":false},"excerpt":{"rendered":"<p data-start=\"0\" data-end=\"177\">Il cucchiaio per cibo umido <a href=\"https:\/\/unitedpets.com\/de\/produkt\/quetzal\/\"><strong data-start=\"13\" data-end=\"24\">Quetzal<\/strong><\/a> \u00e8 un pratico accessorio pensato per facilitare la somministrazione del cibo umido a cani e gatti rendendo il momento del pasto pi\u00f9 semplice e ordinato<\/p>\n<p data-start=\"179\" data-end=\"425\">La sua forma \u00e8 studiata appositamente per adattarsi alle scatolette permettendo di prelevare il cibo con facilit\u00e0 mentre la punta sagomata aiuta a raggiungere anche gli angoli della confezione cos\u00ec da recuperare tutto il contenuto senza sprechi<\/p>\n<p data-start=\"427\" data-end=\"582\">Leggero e maneggevole \u00e8 ideale per l\u2019uso quotidiano e consente di dosare e distribuire il cibo in modo preciso direttamente nella ciotola del tuo animale<\/p>\n<p data-start=\"584\" data-end=\"738\" data-is-last-node=\"\" data-is-only-node=\"\">\u00c8 inoltre lavabile in lavastoviglie caratteristica che rende la pulizia rapida e pratica garantendo sempre un buon livello di igiene dopo ogni utilizzo<\/p>","protected":false},"featured_media":9238,"comment_status":"closed","ping_status":"closed","template":"","meta":[],"product_brand":[],"product_cat":[55,56,63,84,65,86],"product_tag":[],"discount-clusters":[],"collezioni":[],"eco-friendly":[328],"animal-type":[272,273],"designer":[309],"stagionalita":[],"class_list":{"0":"post-6493","1":"product","2":"type-product","3":"status-publish","4":"has-post-thumbnail","6":"product_cat-cane","7":"product_cat-gatto","8":"product_cat-casa","9":"product_cat-casa-gatto","10":"product_cat-ciotole-e-accessori","11":"product_cat-ciotole-e-accessori-casa-gatto","12":"eco-friendly-yes","13":"animal-type-cane","14":"animal-type-gatto","15":"designer-shaker-design","17":"first","18":"outofstock","19":"shipping-taxable","20":"purchasable","21":"product-type-variable","22":"has-default-attributes"},"_links":{"self":[{"href":"https:\/\/unitedpets.com\/de\/wp-json\/wp\/v2\/product\/6493","targetHints":{"allow":["GET"]}}],"collection":[{"href":"https:\/\/unitedpets.com\/de\/wp-json\/wp\/v2\/product"}],"about":[{"href":"https:\/\/unitedpets.com\/de\/wp-json\/wp\/v2\/types\/product"}],"replies":[{"embeddable":true,"href":"https:\/\/unitedpets.com\/de\/wp-json\/wp\/v2\/comments?post=6493"}],"wp:featuredmedia":[{"embeddable":true,"href":"https:\/\/unitedpets.com\/de\/wp-json\/wp\/v2\/media\/9238"}],"wp:attachment":[{"href":"https:\/\/unitedpets.com\/de\/wp-json\/wp\/v2\/media?parent=6493"}],"wp:term":[{"taxonomy":"product_brand","embeddable":true,"href":"https:\/\/unitedpets.com\/de\/wp-json\/wp\/v2\/product_brand?post=6493"},{"taxonomy":"product_cat","embeddable":true,"href":"https:\/\/unitedpets.com\/de\/wp-json\/wp\/v2\/product_cat?post=6493"},{"taxonomy":"product_tag","embeddable":true,"href":"https:\/\/unitedpets.com\/de\/wp-json\/wp\/v2\/product_tag?post=6493"},{"taxonomy":"discount-clusters","embeddable":true,"href":"https:\/\/unitedpets.com\/de\/wp-json\/wp\/v2\/discount-clusters?post=6493"},{"taxonomy":"collezioni","embeddable":true,"href":"https:\/\/unitedpets.com\/de\/wp-json\/wp\/v2\/collezioni?post=6493"},{"taxonomy":"eco-friendly","embeddable":true,"href":"https:\/\/unitedpets.com\/de\/wp-json\/wp\/v2\/eco-friendly?post=6493"},{"taxonomy":"animal-type","embeddable":true,"href":"https:\/\/unitedpets.com\/de\/wp-json\/wp\/v2\/animal-type?post=6493"},{"taxonomy":"designer","embeddable":true,"href":"https:\/\/unitedpets.com\/de\/wp-json\/wp\/v2\/designer?post=6493"},{"taxonomy":"stagionalita","embeddable":true,"href":"https:\/\/unitedpets.com\/de\/wp-json\/wp\/v2\/stagionalita?post=6493"}],"curies":[{"name":"wp","href":"https:\/\/api.w.org\/{rel}","templated":true}]}}