{"id":6507,"date":"2025-05-14T10:33:49","date_gmt":"2025-05-14T08:33:49","guid":{"rendered":"https:\/\/eba.hmy.temporary.site\/prodotto\/reverse-backpack-eco\/"},"modified":"2026-04-13T15:03:42","modified_gmt":"2026-04-13T13:03:42","slug":"reverse-rucksack-eco","status":"publish","type":"product","link":"https:\/\/unitedpets.com\/de\/prodotto\/reverse-backpack-eco\/","title":{"rendered":"Zaino trasportino per cane e gatto &#8220;Reverse Backpack ECO&#8221;"},"content":{"rendered":"<h3>Zaino trasportino per cane e gatto &#8220;Reverse Backpack ECO&#8221;<\/h3>\n<p>Der Reverse Backpack ECO ist ein idealer Transportrucksack f\u00fcr Ausfl\u00fcge, Fahrradtouren oder einfache Spazierg\u00e4nge. Die verstellbaren Schultergurte und die ergonomische, gepolsterte R\u00fcckenlehne sorgen f\u00fcr einen hohen Tragekomfort, w\u00e4hrend das atmungsaktive, weiche Netzgewebe eine angenehme Reise f\u00fcr das Haustier gew\u00e4hrleistet. Im Inneren befindet sich ein Sicherheitskarabinerhaken, an dem das Halsband des Tieres befestigt werden kann. Auf der R\u00fcckseite befindet sich ein Gurt, der f\u00fcr den Transport im Trolley geeignet ist. Hergestellt aus 100%, einem recycelten Stoff aus PET-Flaschen.<\/p>","protected":false},"excerpt":{"rendered":"<p data-start=\"63\" data-end=\"375\"><a href=\"https:\/\/unitedpets.com\/de\/produkt\/reverse-rucksack-eco\/+%e2%80%8e\/\">Il Reverse Backpack ECO<\/a> \u00e8 lo zaino trasportino per cane perfetto per portare sempre con te il tuo cane o gatto in modo comodo, sicuro e sostenibile. Ideale per viaggi, gite in bicicletta, escursioni o semplici passeggiate, \u00e8 progettato per garantire il massimo comfort sia per il pet che per chi lo trasporta.<\/p>\n<p data-start=\"377\" data-end=\"721\">Grazie agli spallacci regolabili e allo schienale ergonomico e imbottito, lo zaino distribuisce il peso in modo equilibrato, rendendolo comodo da indossare anche per periodi prolungati. Il design \u00e8 studiato per adattarsi alla schiena e offrire stabilit\u00e0 durante gli spostamenti, permettendoti di muoverti liberamente con il tuo animale.<\/p>\n<p data-start=\"723\" data-end=\"1105\">All\u2019interno, il trasportino per cane e gatto \u00e8 dotato di una rete morbida e traspirante che favorisce la ventilazione e permette al pet di viaggiare in un ambiente confortevole e ben aerato. Inoltre, \u00e8 presente un moschettone di sicurezza interno che consente di agganciare il collare o la pettorina dell\u2019animale, evitando movimenti improvvisi e aumentando la sicurezza durante il trasporto.<\/p>\n<p data-start=\"1107\" data-end=\"1362\">Pensato anche per chi viaggia spesso, il Reverse Backpack ECO include una pratica fascia posteriore che permette di fissarlo facilmente al manico di un trolley, rendendolo perfetto anche per spostamenti in treno, aeroporto o viaggi pi\u00f9 lunghi.<\/p>\n<p data-start=\"1364\" data-end=\"1620\">Un altro aspetto distintivo di questo zaino trasportino per cane e gatto \u00e8 la sua attenzione all\u2019ambiente: \u00e8 infatti realizzato al 100% con tessuto riciclato proveniente da bottiglie in PET, contribuendo alla riduzione dei rifiuti plastici e promuovendo una scelta pi\u00f9 sostenibile.<\/p>\n<p data-start=\"1622\" data-end=\"1810\">Pratico, resistente e dal design moderno, il Reverse Backpack ECO \u00e8 la soluzione ideale per chi desidera viaggiare con il proprio animale in modo confortevole, sicuro ed ecologico.<\/p>","protected":false},"featured_media":9268,"comment_status":"closed","ping_status":"closed","template":"","meta":[],"product_brand":[],"product_cat":[55,68,67],"product_tag":[96],"discount-clusters":[],"collezioni":[333],"eco-friendly":[328],"animal-type":[272],"designer":[302,306],"stagionalita":[116],"class_list":{"0":"post-6507","1":"product","2":"type-product","3":"status-publish","4":"has-post-thumbnail","6":"product_cat-cane","7":"product_cat-borse-e-trasportini","8":"product_cat-viaggio-e-trasporto","9":"product_tag-collab","10":"collezioni-ld","11":"eco-friendly-yes","12":"animal-type-cane","13":"designer-tucano-s-r-l","14":"designer-united-pets","15":"stagionalita-travel-collection","17":"first","18":"outofstock","19":"shipping-taxable","20":"purchasable","21":"product-type-variable","22":"has-default-attributes"},"_links":{"self":[{"href":"https:\/\/unitedpets.com\/de\/wp-json\/wp\/v2\/product\/6507","targetHints":{"allow":["GET"]}}],"collection":[{"href":"https:\/\/unitedpets.com\/de\/wp-json\/wp\/v2\/product"}],"about":[{"href":"https:\/\/unitedpets.com\/de\/wp-json\/wp\/v2\/types\/product"}],"replies":[{"embeddable":true,"href":"https:\/\/unitedpets.com\/de\/wp-json\/wp\/v2\/comments?post=6507"}],"wp:featuredmedia":[{"embeddable":true,"href":"https:\/\/unitedpets.com\/de\/wp-json\/wp\/v2\/media\/9268"}],"wp:attachment":[{"href":"https:\/\/unitedpets.com\/de\/wp-json\/wp\/v2\/media?parent=6507"}],"wp:term":[{"taxonomy":"product_brand","embeddable":true,"href":"https:\/\/unitedpets.com\/de\/wp-json\/wp\/v2\/product_brand?post=6507"},{"taxonomy":"product_cat","embeddable":true,"href":"https:\/\/unitedpets.com\/de\/wp-json\/wp\/v2\/product_cat?post=6507"},{"taxonomy":"product_tag","embeddable":true,"href":"https:\/\/unitedpets.com\/de\/wp-json\/wp\/v2\/product_tag?post=6507"},{"taxonomy":"discount-clusters","embeddable":true,"href":"https:\/\/unitedpets.com\/de\/wp-json\/wp\/v2\/discount-clusters?post=6507"},{"taxonomy":"collezioni","embeddable":true,"href":"https:\/\/unitedpets.com\/de\/wp-json\/wp\/v2\/collezioni?post=6507"},{"taxonomy":"eco-friendly","embeddable":true,"href":"https:\/\/unitedpets.com\/de\/wp-json\/wp\/v2\/eco-friendly?post=6507"},{"taxonomy":"animal-type","embeddable":true,"href":"https:\/\/unitedpets.com\/de\/wp-json\/wp\/v2\/animal-type?post=6507"},{"taxonomy":"designer","embeddable":true,"href":"https:\/\/unitedpets.com\/de\/wp-json\/wp\/v2\/designer?post=6507"},{"taxonomy":"stagionalita","embeddable":true,"href":"https:\/\/unitedpets.com\/de\/wp-json\/wp\/v2\/stagionalita?post=6507"}],"curies":[{"name":"wp","href":"https:\/\/api.w.org\/{rel}","templated":true}]}}