{"id":6541,"date":"2025-05-14T10:35:27","date_gmt":"2025-05-14T08:35:27","guid":{"rendered":"https:\/\/eba.hmy.temporary.site\/prodotto\/set-vicci\/"},"modified":"2026-04-10T20:03:04","modified_gmt":"2026-04-10T18:03:04","slug":"vicci-sets","status":"publish","type":"product","link":"https:\/\/unitedpets.com\/de\/prodotto\/set-vicci\/","title":{"rendered":"Katzentoilette mit passender Schaufel \u201eSet Vicc\u00ec\u201c"},"content":{"rendered":"<h3>Katzentoilette mit passender Schaufel \u201eSet Vicc\u00ec\u201c<\/h3>\n<p>Die offene Katzentoilette VICC\u00cc ist ideal f\u00fcr die Aufbewahrung von Katzenstreu. Ihre geschwungene Form f\u00fcgt sich perfekt in die h\u00e4usliche Umgebung ein und bringt einen Hauch von Design in jedes Zuhause. Sie ist mit der praktischen LINDA Schaufel f\u00fcr die Reinigung des Katzenklos ausgestattet, die durch einen Schaufelhalter erg\u00e4nzt wird, mit dem sie aufrecht stehen kann, um Verschmutzungen auf dem Boden zu vermeiden.<\/p>","protected":false},"excerpt":{"rendered":"<p>Vaschetta igienica con paletta coordinata inclusa <a href=\"https:\/\/unitedpets.com\/de\/produkt\/vicci-sets\/\">Satz Vicc\u00ec<\/a> progettata per garantire praticit\u00e0, igiene e stile nella gestione della lettiera del tuo gatto, questo accessorio unisce funzionalit\u00e0 e design rendendo il momento della pulizia semplice e veloce, perfetto per chi desidera un prodotto efficiente senza rinunciare all\u2019estetica dell\u2019ambiente domestico<\/p>\n<p>La vaschetta Vicc\u00ec, dalla forma sinuosa e armoniosa, si integra facilmente in qualsiasi spazio della casa, offrendo un tocco di eleganza discreta mentre contiene in modo sicuro la lettiera del tuo micio, contribuendo a mantenere ordine e pulizia nell\u2019area dedicata all\u2019igiene del gatto<\/p>\n<p>Inclusa nel set, la paletta igienica Linda permette di rimuovere rapidamente i residui dalla lettiera grazie al suo design funzionale, mentre il pratico porta paletta integrato consente di mantenerla in posizione verticale dopo l\u2019uso evitando di sporcare il pavimento e garantendo un ambiente pi\u00f9 pulito e ordinato<\/p>\n<p>Realizzata con materiali resistenti e facili da pulire, la vaschetta con paletta coordinata Set Vicc\u00ec offre una soluzione completa e duratura per la gestione quotidiana della lettiera, semplificando la manutenzione e riducendo il tempo dedicato alla pulizia<\/p>\n<p>Scegliere la vaschetta igienica con paletta inclusa Set Vicc\u00ec significa unire praticit\u00e0, igiene e design in un unico accessorio, assicurando al tuo gatto un ambiente confortevole e sempre curato e offrendo al proprietario un prodotto funzionale, facile da utilizzare e perfettamente integrato negli spazi domestici<\/p>","protected":false},"featured_media":9108,"comment_status":"closed","ping_status":"closed","template":"","meta":[],"product_brand":[],"product_cat":[56,18,91],"product_tag":[],"discount-clusters":[],"collezioni":[333],"eco-friendly":[328],"animal-type":[273],"designer":[281],"stagionalita":[],"class_list":{"0":"post-6541","1":"product","2":"type-product","3":"status-publish","4":"has-post-thumbnail","6":"product_cat-gatto","7":"product_cat-igiene-gatto","8":"product_cat-vaschette-igieniche","9":"collezioni-ld","10":"eco-friendly-yes","11":"animal-type-gatto","12":"designer-ilaria-gibertini-e-giulio-iacchetti","14":"first","15":"outofstock","16":"shipping-taxable","17":"purchasable","18":"product-type-variable","19":"has-default-attributes"},"_links":{"self":[{"href":"https:\/\/unitedpets.com\/de\/wp-json\/wp\/v2\/product\/6541","targetHints":{"allow":["GET"]}}],"collection":[{"href":"https:\/\/unitedpets.com\/de\/wp-json\/wp\/v2\/product"}],"about":[{"href":"https:\/\/unitedpets.com\/de\/wp-json\/wp\/v2\/types\/product"}],"replies":[{"embeddable":true,"href":"https:\/\/unitedpets.com\/de\/wp-json\/wp\/v2\/comments?post=6541"}],"wp:featuredmedia":[{"embeddable":true,"href":"https:\/\/unitedpets.com\/de\/wp-json\/wp\/v2\/media\/9108"}],"wp:attachment":[{"href":"https:\/\/unitedpets.com\/de\/wp-json\/wp\/v2\/media?parent=6541"}],"wp:term":[{"taxonomy":"product_brand","embeddable":true,"href":"https:\/\/unitedpets.com\/de\/wp-json\/wp\/v2\/product_brand?post=6541"},{"taxonomy":"product_cat","embeddable":true,"href":"https:\/\/unitedpets.com\/de\/wp-json\/wp\/v2\/product_cat?post=6541"},{"taxonomy":"product_tag","embeddable":true,"href":"https:\/\/unitedpets.com\/de\/wp-json\/wp\/v2\/product_tag?post=6541"},{"taxonomy":"discount-clusters","embeddable":true,"href":"https:\/\/unitedpets.com\/de\/wp-json\/wp\/v2\/discount-clusters?post=6541"},{"taxonomy":"collezioni","embeddable":true,"href":"https:\/\/unitedpets.com\/de\/wp-json\/wp\/v2\/collezioni?post=6541"},{"taxonomy":"eco-friendly","embeddable":true,"href":"https:\/\/unitedpets.com\/de\/wp-json\/wp\/v2\/eco-friendly?post=6541"},{"taxonomy":"animal-type","embeddable":true,"href":"https:\/\/unitedpets.com\/de\/wp-json\/wp\/v2\/animal-type?post=6541"},{"taxonomy":"designer","embeddable":true,"href":"https:\/\/unitedpets.com\/de\/wp-json\/wp\/v2\/designer?post=6541"},{"taxonomy":"stagionalita","embeddable":true,"href":"https:\/\/unitedpets.com\/de\/wp-json\/wp\/v2\/stagionalita?post=6541"}],"curies":[{"name":"wp","href":"https:\/\/api.w.org\/{rel}","templated":true}]}}