{"id":6571,"date":"2025-05-14T10:36:22","date_gmt":"2025-05-14T08:36:22","guid":{"rendered":"https:\/\/eba.hmy.temporary.site\/prodotto\/up-bag\/"},"modified":"2026-04-17T03:02:59","modified_gmt":"2026-04-17T01:02:59","slug":"tasche-oben","status":"publish","type":"product","link":"https:\/\/unitedpets.com\/de\/prodotto\/up-bag\/","title":{"rendered":"Borsa trasportino per cani &#8220;Up Bag&#8221;"},"content":{"rendered":"<h3>Borsa trasportino per cani &#8220;Up Bag&#8221;<\/h3>\n<p>Bequeme Tasche f\u00fcr den Transport Ihres vierbeinigen Freundes. Im Inneren befinden sich ein Sicherheitskarabinerhaken zum Befestigen eines Halsbandes oder Geschirrs und ein d\u00fcnnes, herausnehmbares Kissen. An der Seite befindet sich eine Tasche f\u00fcr Ihr Handy oder anderes kleines Zubeh\u00f6r. Stellen Sie Ihr eigenes Zubeh\u00f6rset zusammen! Die Complete Me Linie besteht aus einem Halsband, einer Leine, einem Geschirr, einem Spender, einem Twilly und dekorativen Aufn\u00e4hern. W\u00e4hlen Sie Ihr Lieblingsmuster oder kombinieren Sie verschiedene Muster, um Ihren Stil und den Ihres Haustiers zum Ausdruck zu bringen. Empfohlene Rassen: Chihuahua, Pinscher, Malteser, Pomeranian, Toy Pudel<\/p>","protected":false},"excerpt":{"rendered":"<p>&#8220;Up Bag&#8221; una comoda <a href=\"https:\/\/unitedpets.com\/de\/produkt\/tasche-oben\/+%e2%80%8e\/\">Tragetasche<\/a> per il tuo amico a 4 zampe. All&#8217;interno un moschettone di sicurezza per agganciare il collare o la pettorina e un sottile cuscino estraibile. Sul lato della borsa trasportino si ha una tasca per contenere il telefono o altri piccoli accessori. Crea il tuo set di accessori personalizzato! La linea Complete Me si compone di collare, guinzaglio, pettorina, dispenser, twilly e patch decorative. Scegli la tua fantasia preferita o combina i diversi pattern per esprimere il tuo stile e quello del tuo pet. Razze consigliate: Chihuahua, Pinscher, Maltese, Pomeranian, Barboncino Toy<\/p>","protected":false},"featured_media":9190,"comment_status":"closed","ping_status":"closed","template":"","meta":[],"product_brand":[],"product_cat":[55,68,67],"product_tag":[],"discount-clusters":[],"collezioni":[333],"eco-friendly":[328],"animal-type":[272],"designer":[277],"stagionalita":[],"class_list":{"0":"post-6571","1":"product","2":"type-product","3":"status-publish","4":"has-post-thumbnail","6":"product_cat-cane","7":"product_cat-borse-e-trasportini","8":"product_cat-viaggio-e-trasporto","9":"collezioni-ld","10":"eco-friendly-yes","11":"animal-type-cane","12":"designer-gianfranco-primiceri","14":"first","15":"outofstock","16":"shipping-taxable","17":"purchasable","18":"product-type-variable","19":"has-default-attributes"},"_links":{"self":[{"href":"https:\/\/unitedpets.com\/de\/wp-json\/wp\/v2\/product\/6571","targetHints":{"allow":["GET"]}}],"collection":[{"href":"https:\/\/unitedpets.com\/de\/wp-json\/wp\/v2\/product"}],"about":[{"href":"https:\/\/unitedpets.com\/de\/wp-json\/wp\/v2\/types\/product"}],"replies":[{"embeddable":true,"href":"https:\/\/unitedpets.com\/de\/wp-json\/wp\/v2\/comments?post=6571"}],"wp:featuredmedia":[{"embeddable":true,"href":"https:\/\/unitedpets.com\/de\/wp-json\/wp\/v2\/media\/9190"}],"wp:attachment":[{"href":"https:\/\/unitedpets.com\/de\/wp-json\/wp\/v2\/media?parent=6571"}],"wp:term":[{"taxonomy":"product_brand","embeddable":true,"href":"https:\/\/unitedpets.com\/de\/wp-json\/wp\/v2\/product_brand?post=6571"},{"taxonomy":"product_cat","embeddable":true,"href":"https:\/\/unitedpets.com\/de\/wp-json\/wp\/v2\/product_cat?post=6571"},{"taxonomy":"product_tag","embeddable":true,"href":"https:\/\/unitedpets.com\/de\/wp-json\/wp\/v2\/product_tag?post=6571"},{"taxonomy":"discount-clusters","embeddable":true,"href":"https:\/\/unitedpets.com\/de\/wp-json\/wp\/v2\/discount-clusters?post=6571"},{"taxonomy":"collezioni","embeddable":true,"href":"https:\/\/unitedpets.com\/de\/wp-json\/wp\/v2\/collezioni?post=6571"},{"taxonomy":"eco-friendly","embeddable":true,"href":"https:\/\/unitedpets.com\/de\/wp-json\/wp\/v2\/eco-friendly?post=6571"},{"taxonomy":"animal-type","embeddable":true,"href":"https:\/\/unitedpets.com\/de\/wp-json\/wp\/v2\/animal-type?post=6571"},{"taxonomy":"designer","embeddable":true,"href":"https:\/\/unitedpets.com\/de\/wp-json\/wp\/v2\/designer?post=6571"},{"taxonomy":"stagionalita","embeddable":true,"href":"https:\/\/unitedpets.com\/de\/wp-json\/wp\/v2\/stagionalita?post=6571"}],"curies":[{"name":"wp","href":"https:\/\/api.w.org\/{rel}","templated":true}]}}