{"id":6574,"date":"2025-05-14T10:36:25","date_gmt":"2025-05-14T08:36:25","guid":{"rendered":"https:\/\/eba.hmy.temporary.site\/prodotto\/profumatore-aromastories-green-breeze\/"},"modified":"2026-04-10T20:03:04","modified_gmt":"2026-04-10T18:03:04","slug":"aromastories-grune-brise-parfumeur","status":"publish","type":"product","link":"https:\/\/unitedpets.com\/de\/prodotto\/profumatore-aromastories-green-breeze\/","title":{"rendered":"Aromastories\u201c Auto-Duftstoff - Green Breeze"},"content":{"rendered":"<h3>Aromastories\u201c Auto-Duftstoff - Green Breeze<\/h3>\n<p>Die Linie Aromastories wird durch einen Autoparf\u00fcmeur bereichert. Vier Charaktere in 3 D\u00fcften. Pink Paradise: blumige, moschusartige, rosige Noten. Mon Amour: ambrierte, holzige, s\u00fc\u00dfe, frische Noten. Green Breeze: Noten von Feigen, blumig, fruchtig, gr\u00fcn. Angenehm f\u00fcr uns und f\u00fcr unsere vierbeinigen Freunde.<\/p>","protected":false},"excerpt":{"rendered":"<p data-start=\"107\" data-end=\"348\"><a href=\"https:\/\/unitedpets.com\/de\/produkt\/aromastories-grune-brise-parfumeur\/?attribute_pa_colore=verde&amp;attribute_pa_modello=g\">Compra ora<\/a> il profumatore per auto Aromastories Green Breeze \u2013 Porta in auto una fragranza fresca e piacevole con il profumatore Aromastories. La profumazione Green Breeze, con note di fico, accordi fioriti, fruttati e verdi, crea un ambiente rilassante e gradevole sia per te che per il tuo cane. Parte della collezione con i simpatici personaggi Aromastories, \u00e8 perfetto per rendere ogni viaggio pi\u00f9 piacevole. Scegli il tuo profumatore Aromastories e trasforma ogni spostamento in un momento di benessere.<\/p>","protected":false},"featured_media":9310,"comment_status":"closed","ping_status":"closed","template":"","meta":[],"product_brand":[],"product_cat":[55,56,22,18],"product_tag":[],"discount-clusters":[],"collezioni":[334,333],"eco-friendly":[],"animal-type":[272,273],"designer":[283],"stagionalita":[],"class_list":{"0":"post-6574","1":"product","2":"type-product","3":"status-publish","4":"has-post-thumbnail","6":"product_cat-cane","7":"product_cat-gatto","8":"product_cat-igiene","9":"product_cat-igiene-gatto","10":"collezioni-am","11":"collezioni-ld","12":"animal-type-cane","13":"animal-type-gatto","14":"designer-rumiko-takeda","16":"first","17":"instock","18":"shipping-taxable","19":"purchasable","20":"product-type-variable","21":"has-default-attributes"},"_links":{"self":[{"href":"https:\/\/unitedpets.com\/de\/wp-json\/wp\/v2\/product\/6574","targetHints":{"allow":["GET"]}}],"collection":[{"href":"https:\/\/unitedpets.com\/de\/wp-json\/wp\/v2\/product"}],"about":[{"href":"https:\/\/unitedpets.com\/de\/wp-json\/wp\/v2\/types\/product"}],"replies":[{"embeddable":true,"href":"https:\/\/unitedpets.com\/de\/wp-json\/wp\/v2\/comments?post=6574"}],"wp:featuredmedia":[{"embeddable":true,"href":"https:\/\/unitedpets.com\/de\/wp-json\/wp\/v2\/media\/9310"}],"wp:attachment":[{"href":"https:\/\/unitedpets.com\/de\/wp-json\/wp\/v2\/media?parent=6574"}],"wp:term":[{"taxonomy":"product_brand","embeddable":true,"href":"https:\/\/unitedpets.com\/de\/wp-json\/wp\/v2\/product_brand?post=6574"},{"taxonomy":"product_cat","embeddable":true,"href":"https:\/\/unitedpets.com\/de\/wp-json\/wp\/v2\/product_cat?post=6574"},{"taxonomy":"product_tag","embeddable":true,"href":"https:\/\/unitedpets.com\/de\/wp-json\/wp\/v2\/product_tag?post=6574"},{"taxonomy":"discount-clusters","embeddable":true,"href":"https:\/\/unitedpets.com\/de\/wp-json\/wp\/v2\/discount-clusters?post=6574"},{"taxonomy":"collezioni","embeddable":true,"href":"https:\/\/unitedpets.com\/de\/wp-json\/wp\/v2\/collezioni?post=6574"},{"taxonomy":"eco-friendly","embeddable":true,"href":"https:\/\/unitedpets.com\/de\/wp-json\/wp\/v2\/eco-friendly?post=6574"},{"taxonomy":"animal-type","embeddable":true,"href":"https:\/\/unitedpets.com\/de\/wp-json\/wp\/v2\/animal-type?post=6574"},{"taxonomy":"designer","embeddable":true,"href":"https:\/\/unitedpets.com\/de\/wp-json\/wp\/v2\/designer?post=6574"},{"taxonomy":"stagionalita","embeddable":true,"href":"https:\/\/unitedpets.com\/de\/wp-json\/wp\/v2\/stagionalita?post=6574"}],"curies":[{"name":"wp","href":"https:\/\/api.w.org\/{rel}","templated":true}]}}