{"id":6675,"date":"2025-05-17T18:12:13","date_gmt":"2025-05-17T16:12:13","guid":{"rendered":"https:\/\/eba.hmy.temporary.site\/prodotto\/aromastories-guscetto\/"},"modified":"2026-04-14T14:03:21","modified_gmt":"2026-04-14T12:03:21","slug":"aromastories-guscetto","status":"publish","type":"product","link":"https:\/\/unitedpets.com\/de\/prodotto\/aromastories-guscetto\/","title":{"rendered":"Pl\u00fcschspielzeug mit Quietscher und beruhigendem Aroma Essence AromaStories \u201eGuscetto\u201c"},"content":{"rendered":"<h3>Pl\u00fcschspielzeug mit Quietscher und beruhigendem Aroma Essence AromaStories \u201eGuscetto\u201c<\/h3>\n<p>GUSCETTO ist ein Pl\u00fcschspielzeug, das f\u00fcr das Wohlbefinden von Haustieren entwickelt wurde und mit einem Quietscher ausgestattet ist, der die beruhigende Essenz Undergrowth freisetzt. Dieses unwiderstehliche Spielzeug wurde entwickelt, um Hunden zu helfen, Stress abzubauen und dabei Spa\u00df zu haben. AromaStories sind Pl\u00fcschtiere, die speziell entwickelt wurden, um spielerisch die Entspannung zu f\u00f6rdern. Dank einer patentierten Technologie geben die inneren Quietscher Aromen von therapeutischen \u00e4therischen \u00d6len 100% ab. Es wird empfohlen, den Hund w\u00e4hrend der Verwendung des Produkts stets zu \u00fcberwachen, um ein sicheres Erlebnis zu gew\u00e4hrleisten.<\/p>","protected":false},"excerpt":{"rendered":"<p data-start=\"0\" data-end=\"325\">Il <a href=\"https:\/\/unitedpets.com\/de\/produkt\/knospenaromageschichten\/\">gioco in peluche per cani AromaStories <\/a>Guscetto \u00e8 pensato per offrire un\u2019esperienza di gioco unica che unisce divertimento e benessere emotivo progettato per aiutare il cane a rilassarsi durante le attivit\u00e0 quotidiane questo peluche rappresenta una soluzione innovativa per ridurre lo stress in modo naturale e coinvolgente<\/p>\n<p data-start=\"327\" data-end=\"684\">Dotato di uno squeaker integrato Guscetto stimola l\u2019interesse e la curiosit\u00e0 del cane rendendo ogni momento di gioco pi\u00f9 attivo e appagante la particolarit\u00e0 di questo squeaker \u00e8 la sua capacit\u00e0 di rilasciare l\u2019essenza calmante Breeze una fragranza studiata per favorire il rilassamento e contribuire a creare una sensazione di tranquillit\u00e0 durante l\u2019utilizzo<\/p>\n<p data-start=\"686\" data-end=\"1035\">Gli AromaStories sono una linea di giochi in peluche sviluppati appositamente per promuovere il benessere psicofisico degli animali domestici grazie a una tecnologia brevettata gli squeaker interni diffondono aromi derivati da oli essenziali 100% terapeutici offrendo un supporto naturale contro ansia e agitazione senza rinunciare al divertimento<\/p>\n<p data-start=\"1037\" data-end=\"1354\">Realizzato con materiali morbidi e resistenti il gioco in peluche Guscetto \u00e8 ideale per coccole momenti di relax e sessioni di gioco controllato risultando perfetto per cani di diverse taglie e temperamenti \u00e8 consigliato supervisionare sempre il proprio animale durante l\u2019utilizzo per garantire un\u2019esperienza sicura e piacevole<\/p>\n<p data-start=\"1356\" data-end=\"1643\" data-is-last-node=\"\" data-is-only-node=\"\">Perfetto per chi cerca un gioco in peluche per cani che vada oltre il semplice intrattenimento AromaStories Guscetto combina innovazione qualit\u00e0 e attenzione al benessere offrendo un prodotto pensato per migliorare la qualit\u00e0 della vita del proprio amico a quattro zampe attraverso il gioco e il relax<\/p>","protected":false},"featured_media":7117,"comment_status":"closed","ping_status":"closed","template":"","meta":[],"product_brand":[],"product_cat":[55,63,20],"product_tag":[],"discount-clusters":[],"collezioni":[334,333],"eco-friendly":[],"animal-type":[272],"designer":[283],"stagionalita":[],"class_list":{"0":"post-6675","1":"product","2":"type-product","3":"status-publish","4":"has-post-thumbnail","6":"product_cat-cane","7":"product_cat-casa","8":"product_cat-giochi-cane","9":"collezioni-am","10":"collezioni-ld","11":"animal-type-cane","12":"designer-rumiko-takeda","14":"first","15":"instock","16":"shipping-taxable","17":"purchasable","18":"product-type-simple"},"_links":{"self":[{"href":"https:\/\/unitedpets.com\/de\/wp-json\/wp\/v2\/product\/6675","targetHints":{"allow":["GET"]}}],"collection":[{"href":"https:\/\/unitedpets.com\/de\/wp-json\/wp\/v2\/product"}],"about":[{"href":"https:\/\/unitedpets.com\/de\/wp-json\/wp\/v2\/types\/product"}],"replies":[{"embeddable":true,"href":"https:\/\/unitedpets.com\/de\/wp-json\/wp\/v2\/comments?post=6675"}],"wp:featuredmedia":[{"embeddable":true,"href":"https:\/\/unitedpets.com\/de\/wp-json\/wp\/v2\/media\/7117"}],"wp:attachment":[{"href":"https:\/\/unitedpets.com\/de\/wp-json\/wp\/v2\/media?parent=6675"}],"wp:term":[{"taxonomy":"product_brand","embeddable":true,"href":"https:\/\/unitedpets.com\/de\/wp-json\/wp\/v2\/product_brand?post=6675"},{"taxonomy":"product_cat","embeddable":true,"href":"https:\/\/unitedpets.com\/de\/wp-json\/wp\/v2\/product_cat?post=6675"},{"taxonomy":"product_tag","embeddable":true,"href":"https:\/\/unitedpets.com\/de\/wp-json\/wp\/v2\/product_tag?post=6675"},{"taxonomy":"discount-clusters","embeddable":true,"href":"https:\/\/unitedpets.com\/de\/wp-json\/wp\/v2\/discount-clusters?post=6675"},{"taxonomy":"collezioni","embeddable":true,"href":"https:\/\/unitedpets.com\/de\/wp-json\/wp\/v2\/collezioni?post=6675"},{"taxonomy":"eco-friendly","embeddable":true,"href":"https:\/\/unitedpets.com\/de\/wp-json\/wp\/v2\/eco-friendly?post=6675"},{"taxonomy":"animal-type","embeddable":true,"href":"https:\/\/unitedpets.com\/de\/wp-json\/wp\/v2\/animal-type?post=6675"},{"taxonomy":"designer","embeddable":true,"href":"https:\/\/unitedpets.com\/de\/wp-json\/wp\/v2\/designer?post=6675"},{"taxonomy":"stagionalita","embeddable":true,"href":"https:\/\/unitedpets.com\/de\/wp-json\/wp\/v2\/stagionalita?post=6675"}],"curies":[{"name":"wp","href":"https:\/\/api.w.org\/{rel}","templated":true}]}}