{"id":6676,"date":"2025-05-17T18:12:16","date_gmt":"2025-05-17T16:12:16","guid":{"rendered":"https:\/\/eba.hmy.temporary.site\/prodotto\/aromastories-mok-mok\/"},"modified":"2026-04-16T04:02:40","modified_gmt":"2026-04-16T02:02:40","slug":"aromastories-mok-mok","status":"publish","type":"product","link":"https:\/\/unitedpets.com\/de\/prodotto\/aromastories-mok-mok\/","title":{"rendered":"Gioco in peluche con squeaker ed essenza calmante AromaStories &#8220;Mok Mok&#8221;"},"content":{"rendered":"<h3>Gioco in peluche con squeaker ed essenza calmante AromaStories &#8220;Mok Mok&#8221;<\/h3>\n<p>MOK MOK ist ein Pl\u00fcschspielzeug, das f\u00fcr das Wohlbefinden von Haustieren entwickelt wurde und mit einem Quietscher ausgestattet ist, der die beruhigende Essenz Breeze freisetzt. Dieses unwiderstehliche Spielzeug wurde entwickelt, um Hunden zu helfen, Stress abzubauen und dabei Spa\u00df zu haben. AromaStories sind Pl\u00fcschtiere, die speziell entwickelt wurden, um spielerisch die Entspannung zu f\u00f6rdern. Dank einer patentierten Technologie geben die inneren Quietscher Aromen von therapeutischen \u00e4therischen \u00d6len 100% ab. Es wird empfohlen, den Hund w\u00e4hrend der Verwendung des Produkts stets zu \u00fcberwachen, um ein sicheres Erlebnis zu gew\u00e4hrleisten.<\/p>","protected":false},"excerpt":{"rendered":"<p>gioco in peluche <a href=\"https:\/\/unitedpets.com\/de\/produkt\/aromastories-mok-mok\/\">MOK MOK<\/a> \u00e8 un peluche progettato per il benessere degli animali domestici, dotato di uno squeaker che rilascia l\u2019essenza calmante Breeze. Questo gioco irresistibile \u00e8 concepito per aiutare i cani a ridurre lo stress mentre si divertono. Gli AromaStories sono peluche sviluppati specificamente per favorire il rilassamento attraverso il gioco. Grazie alla tecnologia brevettata, gli squeaker interni emettono aromi di oli essenziali 100% terapeutici. Si raccomanda di monitorare sempre il cane durante l\u2019utilizzo del prodotto per garantire un&#8217;esperienza sicura.<\/p>","protected":false},"featured_media":7124,"comment_status":"closed","ping_status":"closed","template":"","meta":[],"product_brand":[],"product_cat":[55,63,20],"product_tag":[],"discount-clusters":[],"collezioni":[334,333],"eco-friendly":[],"animal-type":[272],"designer":[283],"stagionalita":[],"class_list":{"0":"post-6676","1":"product","2":"type-product","3":"status-publish","4":"has-post-thumbnail","6":"product_cat-cane","7":"product_cat-casa","8":"product_cat-giochi-cane","9":"collezioni-am","10":"collezioni-ld","11":"animal-type-cane","12":"designer-rumiko-takeda","14":"first","15":"instock","16":"shipping-taxable","17":"purchasable","18":"product-type-simple"},"_links":{"self":[{"href":"https:\/\/unitedpets.com\/de\/wp-json\/wp\/v2\/product\/6676","targetHints":{"allow":["GET"]}}],"collection":[{"href":"https:\/\/unitedpets.com\/de\/wp-json\/wp\/v2\/product"}],"about":[{"href":"https:\/\/unitedpets.com\/de\/wp-json\/wp\/v2\/types\/product"}],"replies":[{"embeddable":true,"href":"https:\/\/unitedpets.com\/de\/wp-json\/wp\/v2\/comments?post=6676"}],"wp:featuredmedia":[{"embeddable":true,"href":"https:\/\/unitedpets.com\/de\/wp-json\/wp\/v2\/media\/7124"}],"wp:attachment":[{"href":"https:\/\/unitedpets.com\/de\/wp-json\/wp\/v2\/media?parent=6676"}],"wp:term":[{"taxonomy":"product_brand","embeddable":true,"href":"https:\/\/unitedpets.com\/de\/wp-json\/wp\/v2\/product_brand?post=6676"},{"taxonomy":"product_cat","embeddable":true,"href":"https:\/\/unitedpets.com\/de\/wp-json\/wp\/v2\/product_cat?post=6676"},{"taxonomy":"product_tag","embeddable":true,"href":"https:\/\/unitedpets.com\/de\/wp-json\/wp\/v2\/product_tag?post=6676"},{"taxonomy":"discount-clusters","embeddable":true,"href":"https:\/\/unitedpets.com\/de\/wp-json\/wp\/v2\/discount-clusters?post=6676"},{"taxonomy":"collezioni","embeddable":true,"href":"https:\/\/unitedpets.com\/de\/wp-json\/wp\/v2\/collezioni?post=6676"},{"taxonomy":"eco-friendly","embeddable":true,"href":"https:\/\/unitedpets.com\/de\/wp-json\/wp\/v2\/eco-friendly?post=6676"},{"taxonomy":"animal-type","embeddable":true,"href":"https:\/\/unitedpets.com\/de\/wp-json\/wp\/v2\/animal-type?post=6676"},{"taxonomy":"designer","embeddable":true,"href":"https:\/\/unitedpets.com\/de\/wp-json\/wp\/v2\/designer?post=6676"},{"taxonomy":"stagionalita","embeddable":true,"href":"https:\/\/unitedpets.com\/de\/wp-json\/wp\/v2\/stagionalita?post=6676"}],"curies":[{"name":"wp","href":"https:\/\/api.w.org\/{rel}","templated":true}]}}