{"id":6681,"date":"2025-05-17T18:12:30","date_gmt":"2025-05-17T16:12:30","guid":{"rendered":"https:\/\/eba.hmy.temporary.site\/prodotto\/aromastories-rosicchio\/"},"modified":"2026-04-19T12:03:07","modified_gmt":"2026-04-19T10:03:07","slug":"aromastories-nagen","status":"publish","type":"product","link":"https:\/\/unitedpets.com\/de\/prodotto\/aromastories-rosicchio\/","title":{"rendered":"Gioco in peluche con squeaker ed essenza calmante AromaStories &#8220;Rosicchio&#8221;"},"content":{"rendered":"<h3>Gioco in peluche con squeaker ed essenza calmante AromaStories &#8220;Rosicchio&#8221;<\/h3>\n<p>ROSICCHIO ist ein Pl\u00fcschspielzeug, das f\u00fcr das Wohlbefinden von Haustieren entwickelt wurde und mit einem Quietscher ausgestattet ist, der die beruhigende Essenz Frost freisetzt. Dieses unwiderstehliche Spielzeug wurde entwickelt, um Hunden zu helfen, Stress abzubauen und dabei Spa\u00df zu haben. AromaStories sind Pl\u00fcschtiere, die speziell entwickelt wurden, um spielerisch die Entspannung zu f\u00f6rdern. Dank einer patentierten Technologie geben die inneren Quietscher Aromen von therapeutischen \u00e4therischen \u00d6len 100% ab. Wir empfehlen Ihnen, Ihren Hund bei der Verwendung des Produkts stets zu \u00fcberwachen, um ein sicheres Erlebnis zu gew\u00e4hrleisten.<\/p>","protected":false},"excerpt":{"rendered":"<p>il gioco in peluche <a href=\"https:\/\/unitedpets.com\/de\/produkt\/aromastories-nagen\/\">ROSICCHIO<\/a> \u00e8 un peluche progettato per il benessere degli animali domestici, dotato di uno squeaker che rilascia l\u2019essenza calmante Frost. Questo gioco irresistibile \u00e8 studiato per aiutare i cani a ridurre lo stress mentre si divertono. Gli AromaStories sono peluche specificamente sviluppati per promuovere il rilassamento attraverso il gioco. Grazie alla tecnologia brevettata, gli squeaker interni emettono aromi di oli essenziali 100% terapeutici. Si consiglia di monitorare sempre il cane durante l\u2019utilizzo del prodotto per garantire un&#8217;esperienza sicura.<\/p>","protected":false},"featured_media":7154,"comment_status":"closed","ping_status":"closed","template":"","meta":[],"product_brand":[],"product_cat":[55,63,20],"product_tag":[],"discount-clusters":[],"collezioni":[334,333],"eco-friendly":[],"animal-type":[272],"designer":[283],"stagionalita":[],"class_list":{"0":"post-6681","1":"product","2":"type-product","3":"status-publish","4":"has-post-thumbnail","6":"product_cat-cane","7":"product_cat-casa","8":"product_cat-giochi-cane","9":"collezioni-am","10":"collezioni-ld","11":"animal-type-cane","12":"designer-rumiko-takeda","14":"first","15":"instock","16":"shipping-taxable","17":"purchasable","18":"product-type-simple"},"_links":{"self":[{"href":"https:\/\/unitedpets.com\/de\/wp-json\/wp\/v2\/product\/6681","targetHints":{"allow":["GET"]}}],"collection":[{"href":"https:\/\/unitedpets.com\/de\/wp-json\/wp\/v2\/product"}],"about":[{"href":"https:\/\/unitedpets.com\/de\/wp-json\/wp\/v2\/types\/product"}],"replies":[{"embeddable":true,"href":"https:\/\/unitedpets.com\/de\/wp-json\/wp\/v2\/comments?post=6681"}],"wp:featuredmedia":[{"embeddable":true,"href":"https:\/\/unitedpets.com\/de\/wp-json\/wp\/v2\/media\/7154"}],"wp:attachment":[{"href":"https:\/\/unitedpets.com\/de\/wp-json\/wp\/v2\/media?parent=6681"}],"wp:term":[{"taxonomy":"product_brand","embeddable":true,"href":"https:\/\/unitedpets.com\/de\/wp-json\/wp\/v2\/product_brand?post=6681"},{"taxonomy":"product_cat","embeddable":true,"href":"https:\/\/unitedpets.com\/de\/wp-json\/wp\/v2\/product_cat?post=6681"},{"taxonomy":"product_tag","embeddable":true,"href":"https:\/\/unitedpets.com\/de\/wp-json\/wp\/v2\/product_tag?post=6681"},{"taxonomy":"discount-clusters","embeddable":true,"href":"https:\/\/unitedpets.com\/de\/wp-json\/wp\/v2\/discount-clusters?post=6681"},{"taxonomy":"collezioni","embeddable":true,"href":"https:\/\/unitedpets.com\/de\/wp-json\/wp\/v2\/collezioni?post=6681"},{"taxonomy":"eco-friendly","embeddable":true,"href":"https:\/\/unitedpets.com\/de\/wp-json\/wp\/v2\/eco-friendly?post=6681"},{"taxonomy":"animal-type","embeddable":true,"href":"https:\/\/unitedpets.com\/de\/wp-json\/wp\/v2\/animal-type?post=6681"},{"taxonomy":"designer","embeddable":true,"href":"https:\/\/unitedpets.com\/de\/wp-json\/wp\/v2\/designer?post=6681"},{"taxonomy":"stagionalita","embeddable":true,"href":"https:\/\/unitedpets.com\/de\/wp-json\/wp\/v2\/stagionalita?post=6681"}],"curies":[{"name":"wp","href":"https:\/\/api.w.org\/{rel}","templated":true}]}}