{"id":6682,"date":"2025-05-17T18:12:33","date_gmt":"2025-05-17T16:12:33","guid":{"rendered":"https:\/\/eba.hmy.temporary.site\/prodotto\/aromastories-tronky\/"},"modified":"2026-04-16T05:03:11","modified_gmt":"2026-04-16T03:03:11","slug":"aromastorys-tronky","status":"publish","type":"product","link":"https:\/\/unitedpets.com\/de\/prodotto\/aromastories-tronky\/","title":{"rendered":"Gioco con squeaker ed essenza calmante AromaStories &#8220;Tronky&#8221;"},"content":{"rendered":"<p>TRONKY ist ein Pl\u00fcschspielzeug, das f\u00fcr das Wohlbefinden von Haustieren entwickelt wurde und mit einem Quietscher ausgestattet ist, der die beruhigende Essenz Breeze freisetzt. Dieses unwiderstehliche Spielzeug wurde entwickelt, um Hunden zu helfen, Stress abzubauen und dabei Spa\u00df zu haben. AromaStories sind Pl\u00fcschtiere, die speziell entwickelt wurden, um spielerisch die Entspannung zu f\u00f6rdern. Dank einer patentierten Technologie geben die inneren Quietscher Aromen von therapeutischen \u00e4therischen \u00d6len 100% ab. Es wird empfohlen, dass Sie Ihren Hund bei der Verwendung des Produkts stets beaufsichtigen, um ein sicheres Erlebnis zu gew\u00e4hrleisten.<\/p>","protected":false},"excerpt":{"rendered":"<p>TRONKY ist ein Pl\u00fcschspielzeug, das f\u00fcr das Wohlbefinden von Haustieren entwickelt wurde und mit einem Quietscher ausgestattet ist, der die beruhigende Essenz Breeze freisetzt. Dieses unwiderstehliche Spielzeug wurde entwickelt, um Hunden zu helfen, Stress abzubauen und dabei Spa\u00df zu haben. AromaStories sind Pl\u00fcschtiere, die speziell entwickelt wurden, um spielerisch die Entspannung zu f\u00f6rdern. Dank einer patentierten Technologie geben die inneren Quietscher Aromen von therapeutischen \u00e4therischen \u00d6len 100% ab. Es wird empfohlen, dass Sie Ihren Hund bei der Verwendung des Produkts stets beaufsichtigen, um ein sicheres Erlebnis zu gew\u00e4hrleisten.<\/p>","protected":false},"featured_media":7157,"comment_status":"closed","ping_status":"closed","template":"","meta":[],"product_brand":[],"product_cat":[55,63,20],"product_tag":[],"discount-clusters":[],"collezioni":[334,333],"eco-friendly":[],"animal-type":[272],"designer":[283],"stagionalita":[],"class_list":{"0":"post-6682","1":"product","2":"type-product","3":"status-publish","4":"has-post-thumbnail","6":"product_cat-cane","7":"product_cat-casa","8":"product_cat-giochi-cane","9":"collezioni-am","10":"collezioni-ld","11":"animal-type-cane","12":"designer-rumiko-takeda","14":"first","15":"instock","16":"shipping-taxable","17":"purchasable","18":"product-type-simple"},"_links":{"self":[{"href":"https:\/\/unitedpets.com\/de\/wp-json\/wp\/v2\/product\/6682","targetHints":{"allow":["GET"]}}],"collection":[{"href":"https:\/\/unitedpets.com\/de\/wp-json\/wp\/v2\/product"}],"about":[{"href":"https:\/\/unitedpets.com\/de\/wp-json\/wp\/v2\/types\/product"}],"replies":[{"embeddable":true,"href":"https:\/\/unitedpets.com\/de\/wp-json\/wp\/v2\/comments?post=6682"}],"wp:featuredmedia":[{"embeddable":true,"href":"https:\/\/unitedpets.com\/de\/wp-json\/wp\/v2\/media\/7157"}],"wp:attachment":[{"href":"https:\/\/unitedpets.com\/de\/wp-json\/wp\/v2\/media?parent=6682"}],"wp:term":[{"taxonomy":"product_brand","embeddable":true,"href":"https:\/\/unitedpets.com\/de\/wp-json\/wp\/v2\/product_brand?post=6682"},{"taxonomy":"product_cat","embeddable":true,"href":"https:\/\/unitedpets.com\/de\/wp-json\/wp\/v2\/product_cat?post=6682"},{"taxonomy":"product_tag","embeddable":true,"href":"https:\/\/unitedpets.com\/de\/wp-json\/wp\/v2\/product_tag?post=6682"},{"taxonomy":"discount-clusters","embeddable":true,"href":"https:\/\/unitedpets.com\/de\/wp-json\/wp\/v2\/discount-clusters?post=6682"},{"taxonomy":"collezioni","embeddable":true,"href":"https:\/\/unitedpets.com\/de\/wp-json\/wp\/v2\/collezioni?post=6682"},{"taxonomy":"eco-friendly","embeddable":true,"href":"https:\/\/unitedpets.com\/de\/wp-json\/wp\/v2\/eco-friendly?post=6682"},{"taxonomy":"animal-type","embeddable":true,"href":"https:\/\/unitedpets.com\/de\/wp-json\/wp\/v2\/animal-type?post=6682"},{"taxonomy":"designer","embeddable":true,"href":"https:\/\/unitedpets.com\/de\/wp-json\/wp\/v2\/designer?post=6682"},{"taxonomy":"stagionalita","embeddable":true,"href":"https:\/\/unitedpets.com\/de\/wp-json\/wp\/v2\/stagionalita?post=6682"}],"curies":[{"name":"wp","href":"https:\/\/api.w.org\/{rel}","templated":true}]}}