{"id":6687,"date":"2025-05-17T18:13:15","date_gmt":"2025-05-17T16:13:15","guid":{"rendered":"https:\/\/eba.hmy.temporary.site\/prodotto\/cat-view\/"},"modified":"2026-05-02T04:03:33","modified_gmt":"2026-05-02T02:03:33","slug":"katzenblick","status":"publish","type":"product","link":"https:\/\/unitedpets.com\/de\/prodotto\/cat-view\/","title":{"rendered":"Fensterliege mit Saugnapf f\u00fcr Katzen \u201eCat View\u201c"},"content":{"rendered":"<h1>Fensterliege mit Saugnapf f\u00fcr Katzen \u201eCat View\u201c<\/h1>\n<p>Cat View ist ein Fensterbett f\u00fcr Katzen, die ihr Revier gerne von oben beobachten. Es l\u00e4sst sich ohne Werkzeug montieren; dank hochfester Saugn\u00e4pfe und starker Stahlseile hat es eine maximale Tragkraft von 20 kg. Der Stoff hat eine Winter- und eine Sommerseite. Er ist ideal f\u00fcr Glas und Glast\u00fcren.<\/p>","protected":false},"excerpt":{"rendered":"<p><a href=\"https:\/\/www.instagram.com\/unitedpets\/\">Scopri il lettino<\/a> da finestra con ventosa per gatti<a href=\"https:\/\/unitedpets.com\/de\/produkt\/katzenblick\/\"> Katze Ansicht<\/a> una soluzione innovativa pensata per offrire al tuo gatto un punto di osservazione privilegiato direttamente sulla finestra di casa.\u00a0con ventosa per gatti Cat View una soluzione innovativa pensata per offrire al tuo gatto un punto di osservazione privilegiato direttamente sulla finestra di casa.<\/p>","protected":false},"featured_media":7298,"comment_status":"closed","ping_status":"closed","template":"","meta":[],"product_brand":[],"product_cat":[56,84,85],"product_tag":[],"discount-clusters":[],"collezioni":[],"eco-friendly":[],"animal-type":[273],"designer":[306],"stagionalita":[],"class_list":{"0":"post-6687","1":"product","2":"type-product","3":"status-publish","4":"has-post-thumbnail","6":"product_cat-gatto","7":"product_cat-casa-gatto","8":"product_cat-cucce-e-cuscini-casa-gatto","9":"animal-type-gatto","10":"designer-united-pets","12":"first","13":"instock","14":"shipping-taxable","15":"purchasable","16":"product-type-simple"},"_links":{"self":[{"href":"https:\/\/unitedpets.com\/de\/wp-json\/wp\/v2\/product\/6687","targetHints":{"allow":["GET"]}}],"collection":[{"href":"https:\/\/unitedpets.com\/de\/wp-json\/wp\/v2\/product"}],"about":[{"href":"https:\/\/unitedpets.com\/de\/wp-json\/wp\/v2\/types\/product"}],"replies":[{"embeddable":true,"href":"https:\/\/unitedpets.com\/de\/wp-json\/wp\/v2\/comments?post=6687"}],"wp:featuredmedia":[{"embeddable":true,"href":"https:\/\/unitedpets.com\/de\/wp-json\/wp\/v2\/media\/7298"}],"wp:attachment":[{"href":"https:\/\/unitedpets.com\/de\/wp-json\/wp\/v2\/media?parent=6687"}],"wp:term":[{"taxonomy":"product_brand","embeddable":true,"href":"https:\/\/unitedpets.com\/de\/wp-json\/wp\/v2\/product_brand?post=6687"},{"taxonomy":"product_cat","embeddable":true,"href":"https:\/\/unitedpets.com\/de\/wp-json\/wp\/v2\/product_cat?post=6687"},{"taxonomy":"product_tag","embeddable":true,"href":"https:\/\/unitedpets.com\/de\/wp-json\/wp\/v2\/product_tag?post=6687"},{"taxonomy":"discount-clusters","embeddable":true,"href":"https:\/\/unitedpets.com\/de\/wp-json\/wp\/v2\/discount-clusters?post=6687"},{"taxonomy":"collezioni","embeddable":true,"href":"https:\/\/unitedpets.com\/de\/wp-json\/wp\/v2\/collezioni?post=6687"},{"taxonomy":"eco-friendly","embeddable":true,"href":"https:\/\/unitedpets.com\/de\/wp-json\/wp\/v2\/eco-friendly?post=6687"},{"taxonomy":"animal-type","embeddable":true,"href":"https:\/\/unitedpets.com\/de\/wp-json\/wp\/v2\/animal-type?post=6687"},{"taxonomy":"designer","embeddable":true,"href":"https:\/\/unitedpets.com\/de\/wp-json\/wp\/v2\/designer?post=6687"},{"taxonomy":"stagionalita","embeddable":true,"href":"https:\/\/unitedpets.com\/de\/wp-json\/wp\/v2\/stagionalita?post=6687"}],"curies":[{"name":"wp","href":"https:\/\/api.w.org\/{rel}","templated":true}]}}