{"id":6689,"date":"2025-05-17T18:13:21","date_gmt":"2025-05-17T16:13:21","guid":{"rendered":"https:\/\/eba.hmy.temporary.site\/prodotto\/chickn-fun-jane\/"},"modified":"2026-04-16T04:02:38","modified_gmt":"2026-04-16T02:02:38","slug":"chickn-fun-jane","status":"publish","type":"product","link":"https:\/\/unitedpets.com\/de\/prodotto\/chickn-fun-jane\/","title":{"rendered":"Gioco in lattice per cani &#8220;Jane&#8221;"},"content":{"rendered":"<h3>Gioco in lattice per cani &#8220;Jane&#8221;<\/h3>\n<p>Chick'n fun line: Hundespielzeug aus Latex in Form eines niedlichen Huhns; Interaktionsspielzeug, geeignet f\u00fcr kleine\/mittelgro\u00dfe Hunde. Ausgestattet mit einer hundefreundlichen Pfeife. Wir empfehlen, Ihren Hund bei der Verwendung dieses Produkts stets zu beaufsichtigen. Mit Wasser und Seife abwaschbar.<\/p>","protected":false},"excerpt":{"rendered":"<p><a href=\"https:\/\/unitedpets.com\/de\/produkt\/chickn-fun-jane\/\">Latex-Spielzeug<\/a> per cani Jane della linea Chick\u2019n Fun progettato per offrire divertimento e interazione quotidiana al tuo amico a quattro zampe, caratterizzato da una simpatica forma di pollo verde che cattura l\u2019attenzione del cane e stimola la sua curiosit\u00e0, questo gioco \u00e8 ideale per rendere pi\u00f9 attive e coinvolgenti le giornate sia in casa che all\u2019aperto favorendo il movimento e il gioco condiviso<\/p>\n<p data-start=\"405\" data-end=\"723\">Realizzato in lattice resistente e sicuro, Jane garantisce una buona durata nel tempo mantenendo una consistenza morbida e piacevole al morso, perfetto per cani di piccola e media taglia che necessitano di un gioco leggero ma resistente capace di accompagnarli nei momenti di svago e di interazione con il proprietario<\/p>\n<p data-start=\"725\" data-end=\"1027\">Dotato di fischietto salva cane, questo gioco emette un suono stimolante che attira l\u2019attenzione del cane e lo invoglia a giocare pi\u00f9 a lungo aumentando il coinvolgimento durante le sessioni di gioco, ideale per attivit\u00e0 come lancio e riporto contribuendo a rafforzare il legame tra cane e proprietario<\/p>\n<p data-start=\"1029\" data-end=\"1445\" data-is-last-node=\"\" data-is-only-node=\"\">Facile da pulire e pratico nell\u2019utilizzo quotidiano, il gioco Jane pu\u00f2 essere lavato con acqua e sapone garantendo igiene e sicurezza anche dopo un uso frequente, si consiglia di controllare sempre il cane mentre utilizza questo prodotto per assicurare un\u2019esperienza di gioco sicura e controllata, perfetto per unire divertimento, attivit\u00e0 fisica e benessere in un unico accessorio pensato per il tuo cane<\/p>","protected":false},"featured_media":7346,"comment_status":"closed","ping_status":"closed","template":"","meta":[],"product_brand":[],"product_cat":[55,63,20],"product_tag":[],"discount-clusters":[],"collezioni":[],"eco-friendly":[],"animal-type":[272],"designer":[303],"stagionalita":[],"class_list":{"0":"post-6689","1":"product","2":"type-product","3":"status-publish","4":"has-post-thumbnail","6":"product_cat-cane","7":"product_cat-casa","8":"product_cat-giochi-cane","9":"animal-type-cane","10":"designer-alberto-caramello","12":"first","13":"instock","14":"shipping-taxable","15":"purchasable","16":"product-type-simple"},"_links":{"self":[{"href":"https:\/\/unitedpets.com\/de\/wp-json\/wp\/v2\/product\/6689","targetHints":{"allow":["GET"]}}],"collection":[{"href":"https:\/\/unitedpets.com\/de\/wp-json\/wp\/v2\/product"}],"about":[{"href":"https:\/\/unitedpets.com\/de\/wp-json\/wp\/v2\/types\/product"}],"replies":[{"embeddable":true,"href":"https:\/\/unitedpets.com\/de\/wp-json\/wp\/v2\/comments?post=6689"}],"wp:featuredmedia":[{"embeddable":true,"href":"https:\/\/unitedpets.com\/de\/wp-json\/wp\/v2\/media\/7346"}],"wp:attachment":[{"href":"https:\/\/unitedpets.com\/de\/wp-json\/wp\/v2\/media?parent=6689"}],"wp:term":[{"taxonomy":"product_brand","embeddable":true,"href":"https:\/\/unitedpets.com\/de\/wp-json\/wp\/v2\/product_brand?post=6689"},{"taxonomy":"product_cat","embeddable":true,"href":"https:\/\/unitedpets.com\/de\/wp-json\/wp\/v2\/product_cat?post=6689"},{"taxonomy":"product_tag","embeddable":true,"href":"https:\/\/unitedpets.com\/de\/wp-json\/wp\/v2\/product_tag?post=6689"},{"taxonomy":"discount-clusters","embeddable":true,"href":"https:\/\/unitedpets.com\/de\/wp-json\/wp\/v2\/discount-clusters?post=6689"},{"taxonomy":"collezioni","embeddable":true,"href":"https:\/\/unitedpets.com\/de\/wp-json\/wp\/v2\/collezioni?post=6689"},{"taxonomy":"eco-friendly","embeddable":true,"href":"https:\/\/unitedpets.com\/de\/wp-json\/wp\/v2\/eco-friendly?post=6689"},{"taxonomy":"animal-type","embeddable":true,"href":"https:\/\/unitedpets.com\/de\/wp-json\/wp\/v2\/animal-type?post=6689"},{"taxonomy":"designer","embeddable":true,"href":"https:\/\/unitedpets.com\/de\/wp-json\/wp\/v2\/designer?post=6689"},{"taxonomy":"stagionalita","embeddable":true,"href":"https:\/\/unitedpets.com\/de\/wp-json\/wp\/v2\/stagionalita?post=6689"}],"curies":[{"name":"wp","href":"https:\/\/api.w.org\/{rel}","templated":true}]}}