{"id":6787,"date":"2025-05-17T18:17:05","date_gmt":"2025-05-17T16:17:05","guid":{"rendered":"https:\/\/eba.hmy.temporary.site\/prodotto\/citylife-snacks-dispenser\/"},"modified":"2026-05-07T08:02:50","modified_gmt":"2026-05-07T06:02:50","slug":"citylife-snack-spender","status":"publish","type":"product","link":"https:\/\/unitedpets.com\/de\/prodotto\/citylife-snacks-dispenser\/","title":{"rendered":"Frischhaltender Snackspender f\u00fcr Hunde \u2013 Citylife"},"content":{"rendered":"<h1>Dispenser porta snack salva freschezza per cani &#8211;\u00a0CITYLIFE<\/h1>\n<p>Der Hundesnack-Spender ist so konzipiert, dass er Feuchtigkeit und Oxidation verhindert und die Leckerlis Ihres Hundes frisch h\u00e4lt. Er ist leicht und tragbar und bietet dank seines sicheren Verschlusses einen schnellen Zugriff, wodurch er ideal f\u00fcr Spazierg\u00e4nge und das Training ist.<\/p>","protected":false},"excerpt":{"rendered":"<p>Il <strong><a href=\"https:\/\/unitedpets.com\/de\/produkt\/citylife-snack-spender\/\">dispenser porta snack<\/a> per cani <a href=\"https:\/\/www.instagram.com\/unitedpets\/\">CITYLIFE<\/a><\/strong> \u00e8 l\u2019accessorio ideale per chi desidera gestire al meglio i momenti di addestramento e le passeggiate quotidiane con il proprio cane.<\/p>","protected":false},"featured_media":7628,"comment_status":"closed","ping_status":"closed","template":"","meta":[],"product_brand":[],"product_cat":[55,61,19],"product_tag":[],"discount-clusters":[],"collezioni":[335],"eco-friendly":[328],"animal-type":[272],"designer":[306],"stagionalita":[],"class_list":{"0":"post-6787","1":"product","2":"type-product","3":"status-publish","4":"has-post-thumbnail","6":"product_cat-cane","7":"product_cat-collari-e-guinzagli","8":"product_cat-passeggio","9":"collezioni-cl","10":"eco-friendly-yes","11":"animal-type-cane","12":"designer-united-pets","14":"first","15":"outofstock","16":"shipping-taxable","17":"purchasable","18":"product-type-variable","19":"has-default-attributes"},"_links":{"self":[{"href":"https:\/\/unitedpets.com\/de\/wp-json\/wp\/v2\/product\/6787","targetHints":{"allow":["GET"]}}],"collection":[{"href":"https:\/\/unitedpets.com\/de\/wp-json\/wp\/v2\/product"}],"about":[{"href":"https:\/\/unitedpets.com\/de\/wp-json\/wp\/v2\/types\/product"}],"replies":[{"embeddable":true,"href":"https:\/\/unitedpets.com\/de\/wp-json\/wp\/v2\/comments?post=6787"}],"wp:featuredmedia":[{"embeddable":true,"href":"https:\/\/unitedpets.com\/de\/wp-json\/wp\/v2\/media\/7628"}],"wp:attachment":[{"href":"https:\/\/unitedpets.com\/de\/wp-json\/wp\/v2\/media?parent=6787"}],"wp:term":[{"taxonomy":"product_brand","embeddable":true,"href":"https:\/\/unitedpets.com\/de\/wp-json\/wp\/v2\/product_brand?post=6787"},{"taxonomy":"product_cat","embeddable":true,"href":"https:\/\/unitedpets.com\/de\/wp-json\/wp\/v2\/product_cat?post=6787"},{"taxonomy":"product_tag","embeddable":true,"href":"https:\/\/unitedpets.com\/de\/wp-json\/wp\/v2\/product_tag?post=6787"},{"taxonomy":"discount-clusters","embeddable":true,"href":"https:\/\/unitedpets.com\/de\/wp-json\/wp\/v2\/discount-clusters?post=6787"},{"taxonomy":"collezioni","embeddable":true,"href":"https:\/\/unitedpets.com\/de\/wp-json\/wp\/v2\/collezioni?post=6787"},{"taxonomy":"eco-friendly","embeddable":true,"href":"https:\/\/unitedpets.com\/de\/wp-json\/wp\/v2\/eco-friendly?post=6787"},{"taxonomy":"animal-type","embeddable":true,"href":"https:\/\/unitedpets.com\/de\/wp-json\/wp\/v2\/animal-type?post=6787"},{"taxonomy":"designer","embeddable":true,"href":"https:\/\/unitedpets.com\/de\/wp-json\/wp\/v2\/designer?post=6787"},{"taxonomy":"stagionalita","embeddable":true,"href":"https:\/\/unitedpets.com\/de\/wp-json\/wp\/v2\/stagionalita?post=6787"}],"curies":[{"name":"wp","href":"https:\/\/api.w.org\/{rel}","templated":true}]}}