{"id":6790,"date":"2025-05-17T18:17:08","date_gmt":"2025-05-17T16:17:08","guid":{"rendered":"https:\/\/eba.hmy.temporary.site\/prodotto\/complete-me-bandana\/"},"modified":"2026-04-13T04:03:06","modified_gmt":"2026-04-13T02:03:06","slug":"complete-me-bandana","status":"publish","type":"product","link":"https:\/\/unitedpets.com\/de\/prodotto\/complete-me-bandana\/","title":{"rendered":"Complete Me - Bandana f\u00fcr Hunde"},"content":{"rendered":"<p>Complete Me - Bandana f\u00fcr Hunde. Ein vielseitiges, dekoratives Accessoire aus Stoff, das dem Look und der Frisur Ihres Haustiers einen glamour\u00f6sen Touch verleiht. Stellen Sie sich Ihr eigenes Accessoire-Set zusammen! Die Complete Me Linie besteht aus einem Halsband, einer Leine, einem Geschirr, einem Spender, einem Twilly und einem dekorativen Aufn\u00e4her. W\u00e4hlen Sie Ihr Lieblingsmuster oder kombinieren Sie verschiedene Muster, um Ihren Stil und den Ihres Haustiers zum Ausdruck zu bringen.<\/p>","protected":false},"excerpt":{"rendered":"<p>Complete Me - Bandana f\u00fcr Hunde. Ein vielseitiges, dekoratives Accessoire aus Stoff, das dem Look und der Frisur Ihres Haustiers einen glamour\u00f6sen Touch verleiht. Stellen Sie sich Ihr eigenes Accessoire-Set zusammen! Die Complete Me Linie besteht aus einem Halsband, einer Leine, einem Geschirr, einem Spender, einem Twilly und einem dekorativen Aufn\u00e4her. W\u00e4hlen Sie Ihr Lieblingsmuster oder kombinieren Sie verschiedene Muster, um Ihren Stil und den Ihres Haustiers zum Ausdruck zu bringen.<\/p>","protected":false},"featured_media":7637,"comment_status":"closed","ping_status":"closed","template":"","meta":[],"product_brand":[],"product_cat":[390],"product_tag":[],"discount-clusters":[387],"collezioni":[],"eco-friendly":[],"animal-type":[272],"designer":[277],"stagionalita":[],"class_list":{"0":"post-6790","1":"product","2":"type-product","3":"status-publish","4":"has-post-thumbnail","6":"product_cat-outlet","7":"discount-clusters-387","8":"animal-type-cane","9":"designer-gianfranco-primiceri","11":"first","12":"outofstock","13":"sale","14":"shipping-taxable","15":"purchasable","16":"product-type-variable","17":"has-default-attributes"},"_links":{"self":[{"href":"https:\/\/unitedpets.com\/de\/wp-json\/wp\/v2\/product\/6790","targetHints":{"allow":["GET"]}}],"collection":[{"href":"https:\/\/unitedpets.com\/de\/wp-json\/wp\/v2\/product"}],"about":[{"href":"https:\/\/unitedpets.com\/de\/wp-json\/wp\/v2\/types\/product"}],"replies":[{"embeddable":true,"href":"https:\/\/unitedpets.com\/de\/wp-json\/wp\/v2\/comments?post=6790"}],"wp:featuredmedia":[{"embeddable":true,"href":"https:\/\/unitedpets.com\/de\/wp-json\/wp\/v2\/media\/7637"}],"wp:attachment":[{"href":"https:\/\/unitedpets.com\/de\/wp-json\/wp\/v2\/media?parent=6790"}],"wp:term":[{"taxonomy":"product_brand","embeddable":true,"href":"https:\/\/unitedpets.com\/de\/wp-json\/wp\/v2\/product_brand?post=6790"},{"taxonomy":"product_cat","embeddable":true,"href":"https:\/\/unitedpets.com\/de\/wp-json\/wp\/v2\/product_cat?post=6790"},{"taxonomy":"product_tag","embeddable":true,"href":"https:\/\/unitedpets.com\/de\/wp-json\/wp\/v2\/product_tag?post=6790"},{"taxonomy":"discount-clusters","embeddable":true,"href":"https:\/\/unitedpets.com\/de\/wp-json\/wp\/v2\/discount-clusters?post=6790"},{"taxonomy":"collezioni","embeddable":true,"href":"https:\/\/unitedpets.com\/de\/wp-json\/wp\/v2\/collezioni?post=6790"},{"taxonomy":"eco-friendly","embeddable":true,"href":"https:\/\/unitedpets.com\/de\/wp-json\/wp\/v2\/eco-friendly?post=6790"},{"taxonomy":"animal-type","embeddable":true,"href":"https:\/\/unitedpets.com\/de\/wp-json\/wp\/v2\/animal-type?post=6790"},{"taxonomy":"designer","embeddable":true,"href":"https:\/\/unitedpets.com\/de\/wp-json\/wp\/v2\/designer?post=6790"},{"taxonomy":"stagionalita","embeddable":true,"href":"https:\/\/unitedpets.com\/de\/wp-json\/wp\/v2\/stagionalita?post=6790"}],"curies":[{"name":"wp","href":"https:\/\/api.w.org\/{rel}","templated":true}]}}