{"id":6827,"date":"2025-05-17T18:17:23","date_gmt":"2025-05-17T16:17:23","guid":{"rendered":"https:\/\/eba.hmy.temporary.site\/prodotto\/complete-me-dispenser-camouflage\/"},"modified":"2026-04-19T12:03:24","modified_gmt":"2026-04-19T10:03:24","slug":"complete-me-dispenser-camouflage","status":"publish","type":"product","link":"https:\/\/unitedpets.com\/de\/prodotto\/complete-me-dispenser-camouflage\/","title":{"rendered":"Dispenser porta sacchetti per cane &#8220;Camouflage&#8221; &#8211; Complete Me"},"content":{"rendered":"<h3 class=\"jet-listing-dynamic-field__content\">Dispenser porta sacchetti per cane &#8220;Camouflage&#8221; &#8211; Complete Me<\/h3>\n<p>Hygienischer Beutelspender mit praktischem Karabinerhaken. Enth\u00e4lt 1 Rolle mit 10 biologisch abbaubaren Beuteln, die dank des Rei\u00dfverschlusses leicht zu wechseln sind. Beide Nachf\u00fcllgr\u00f6\u00dfen, Nano und Regular, sind geeignet. Stellen Sie Ihr eigenes Zubeh\u00f6rset zusammen! Die Complete Me Linie besteht aus einem Halsband, einer Leine, einem Geschirr, einem Spender, einem Twilly und dekorativen Aufn\u00e4hern. W\u00e4hlen Sie Ihr Lieblingsmuster oder kombinieren Sie die verschiedenen Muster, um Ihren Stil und den Ihres Haustiers zum Ausdruck zu bringen.<\/p>","protected":false},"excerpt":{"rendered":"<p data-start=\"125\" data-end=\"634\"><a href=\"https:\/\/unitedpets.com\/de\/produkt\/complete-me-dispenser-camouflage\/?attribute_pa_colore=azzurro&amp;attribute_pa_taglia=unica\">Compra ora <\/a>il dispenser porta sacchetti per cane igienici della linea <a href=\"https:\/\/www.instagram.com\/unitedpets\/\">Complete Me<\/a> unisce praticit\u00e0, stile e funzionalit\u00e0 per le passeggiate con il tuo cane. Dotato di un comodo moschettone, pu\u00f2 essere facilmente agganciato a guinzagli, cinture o borse, garantendo di avere sempre i sacchetti a portata di mano.<\/p>","protected":false},"featured_media":7772,"comment_status":"closed","ping_status":"closed","template":"","meta":[],"product_brand":[],"product_cat":[55,61,19],"product_tag":[],"discount-clusters":[],"collezioni":[332,333],"eco-friendly":[],"animal-type":[272],"designer":[277],"stagionalita":[],"class_list":{"0":"post-6827","1":"product","2":"type-product","3":"status-publish","4":"has-post-thumbnail","6":"product_cat-cane","7":"product_cat-collari-e-guinzagli","8":"product_cat-passeggio","9":"collezioni-gcm","10":"collezioni-ld","11":"animal-type-cane","12":"designer-gianfranco-primiceri","14":"first","15":"outofstock","16":"shipping-taxable","17":"purchasable","18":"product-type-variable","19":"has-default-attributes"},"_links":{"self":[{"href":"https:\/\/unitedpets.com\/de\/wp-json\/wp\/v2\/product\/6827","targetHints":{"allow":["GET"]}}],"collection":[{"href":"https:\/\/unitedpets.com\/de\/wp-json\/wp\/v2\/product"}],"about":[{"href":"https:\/\/unitedpets.com\/de\/wp-json\/wp\/v2\/types\/product"}],"replies":[{"embeddable":true,"href":"https:\/\/unitedpets.com\/de\/wp-json\/wp\/v2\/comments?post=6827"}],"wp:featuredmedia":[{"embeddable":true,"href":"https:\/\/unitedpets.com\/de\/wp-json\/wp\/v2\/media\/7772"}],"wp:attachment":[{"href":"https:\/\/unitedpets.com\/de\/wp-json\/wp\/v2\/media?parent=6827"}],"wp:term":[{"taxonomy":"product_brand","embeddable":true,"href":"https:\/\/unitedpets.com\/de\/wp-json\/wp\/v2\/product_brand?post=6827"},{"taxonomy":"product_cat","embeddable":true,"href":"https:\/\/unitedpets.com\/de\/wp-json\/wp\/v2\/product_cat?post=6827"},{"taxonomy":"product_tag","embeddable":true,"href":"https:\/\/unitedpets.com\/de\/wp-json\/wp\/v2\/product_tag?post=6827"},{"taxonomy":"discount-clusters","embeddable":true,"href":"https:\/\/unitedpets.com\/de\/wp-json\/wp\/v2\/discount-clusters?post=6827"},{"taxonomy":"collezioni","embeddable":true,"href":"https:\/\/unitedpets.com\/de\/wp-json\/wp\/v2\/collezioni?post=6827"},{"taxonomy":"eco-friendly","embeddable":true,"href":"https:\/\/unitedpets.com\/de\/wp-json\/wp\/v2\/eco-friendly?post=6827"},{"taxonomy":"animal-type","embeddable":true,"href":"https:\/\/unitedpets.com\/de\/wp-json\/wp\/v2\/animal-type?post=6827"},{"taxonomy":"designer","embeddable":true,"href":"https:\/\/unitedpets.com\/de\/wp-json\/wp\/v2\/designer?post=6827"},{"taxonomy":"stagionalita","embeddable":true,"href":"https:\/\/unitedpets.com\/de\/wp-json\/wp\/v2\/stagionalita?post=6827"}],"curies":[{"name":"wp","href":"https:\/\/api.w.org\/{rel}","templated":true}]}}