{"id":6832,"date":"2025-05-17T18:17:27","date_gmt":"2025-05-17T16:17:27","guid":{"rendered":"https:\/\/eba.hmy.temporary.site\/prodotto\/complete-me-easy-rain\/"},"modified":"2026-04-30T09:03:35","modified_gmt":"2026-04-30T07:03:35","slug":"complete-me-easy-rain","status":"publish","type":"product","link":"https:\/\/unitedpets.com\/de\/prodotto\/complete-me-easy-rain\/","title":{"rendered":"Hunderegenmantel \u201cEasy Rain\u201d - Complete Me"},"content":{"rendered":"<h1>Hunderegenmantel \u201cEasy Rain\u201d - Complete Me<\/h1>\n<p>Die Mackintoshes sind so konzipiert, dass sie Ihr Haustier vor Regen sch\u00fctzen. Sie verf\u00fcgen \u00fcber einen verstellbaren Klettverschluss und Kordelz\u00fcge am Hals und an den Hinterbeinen, die eine individuelle und sichere Passform gew\u00e4hrleisten. Das leichte und atmungsaktive Design sorgt f\u00fcr Komfort, w\u00e4hrend reflektierende Details die Sichtbarkeit bei schlechten Lichtverh\u00e4ltnissen verbessern.<\/p>","protected":false},"excerpt":{"rendered":"<p><a title=\"Acquista ora!\" href=\"https:\/\/unitedpets.com\/de\/produkt\/complete-me-easy-rain\/?attribute_pa_colore=rosa-azzurro&amp;attribute_pa_taglia=36\">Acquista ora!<\/a> l&#8217; Impermeabile per cani &#8220;<a href=\"https:\/\/www.instagram.com\/unitedpets\/\">Leichter Regen<\/a>&#8221; protegge il tuo pet dalla pioggia grazie a un design leggero e traspirante che mantiene il comfort anche durante le giornate pi\u00f9 umide.<\/p>","protected":false},"featured_media":7793,"comment_status":"closed","ping_status":"closed","template":"","meta":[],"product_brand":[],"product_cat":[390,71],"product_tag":[],"discount-clusters":[387],"collezioni":[333],"eco-friendly":[],"animal-type":[272],"designer":[277],"stagionalita":[],"class_list":{"0":"post-6832","1":"product","2":"type-product","3":"status-publish","4":"has-post-thumbnail","6":"product_cat-outlet","7":"product_cat-abbigliamento","8":"discount-clusters-387","9":"collezioni-ld","10":"animal-type-cane","11":"designer-gianfranco-primiceri","13":"first","14":"outofstock","15":"sale","16":"shipping-taxable","17":"purchasable","18":"product-type-variable","19":"has-default-attributes"},"_links":{"self":[{"href":"https:\/\/unitedpets.com\/de\/wp-json\/wp\/v2\/product\/6832","targetHints":{"allow":["GET"]}}],"collection":[{"href":"https:\/\/unitedpets.com\/de\/wp-json\/wp\/v2\/product"}],"about":[{"href":"https:\/\/unitedpets.com\/de\/wp-json\/wp\/v2\/types\/product"}],"replies":[{"embeddable":true,"href":"https:\/\/unitedpets.com\/de\/wp-json\/wp\/v2\/comments?post=6832"}],"wp:featuredmedia":[{"embeddable":true,"href":"https:\/\/unitedpets.com\/de\/wp-json\/wp\/v2\/media\/7793"}],"wp:attachment":[{"href":"https:\/\/unitedpets.com\/de\/wp-json\/wp\/v2\/media?parent=6832"}],"wp:term":[{"taxonomy":"product_brand","embeddable":true,"href":"https:\/\/unitedpets.com\/de\/wp-json\/wp\/v2\/product_brand?post=6832"},{"taxonomy":"product_cat","embeddable":true,"href":"https:\/\/unitedpets.com\/de\/wp-json\/wp\/v2\/product_cat?post=6832"},{"taxonomy":"product_tag","embeddable":true,"href":"https:\/\/unitedpets.com\/de\/wp-json\/wp\/v2\/product_tag?post=6832"},{"taxonomy":"discount-clusters","embeddable":true,"href":"https:\/\/unitedpets.com\/de\/wp-json\/wp\/v2\/discount-clusters?post=6832"},{"taxonomy":"collezioni","embeddable":true,"href":"https:\/\/unitedpets.com\/de\/wp-json\/wp\/v2\/collezioni?post=6832"},{"taxonomy":"eco-friendly","embeddable":true,"href":"https:\/\/unitedpets.com\/de\/wp-json\/wp\/v2\/eco-friendly?post=6832"},{"taxonomy":"animal-type","embeddable":true,"href":"https:\/\/unitedpets.com\/de\/wp-json\/wp\/v2\/animal-type?post=6832"},{"taxonomy":"designer","embeddable":true,"href":"https:\/\/unitedpets.com\/de\/wp-json\/wp\/v2\/designer?post=6832"},{"taxonomy":"stagionalita","embeddable":true,"href":"https:\/\/unitedpets.com\/de\/wp-json\/wp\/v2\/stagionalita?post=6832"}],"curies":[{"name":"wp","href":"https:\/\/api.w.org\/{rel}","templated":true}]}}